{"id":13,"date":"2025-07-04T14:10:25","date_gmt":"2025-07-04T14:10:25","guid":{"rendered":"https:\/\/luviaflowers.com\/?page_id=13"},"modified":"2025-07-22T15:11:25","modified_gmt":"2025-07-22T15:11:25","slug":"sepet","status":"publish","type":"page","link":"https:\/\/luviaflowers.com\/?page_id=13","title":{"rendered":"Sepet"},"content":{"rendered":"\n<div data-block-name=\"woocommerce\/cart\" class=\"wp-block-woocommerce-cart alignwide is-loading\">\n<div data-block-name=\"woocommerce\/filled-cart-block\" class=\"wp-block-woocommerce-filled-cart-block\">\n<div data-block-name=\"woocommerce\/cart-items-block\" class=\"wp-block-woocommerce-cart-items-block\">\n<div data-block-name=\"woocommerce\/cart-line-items-block\" class=\"wp-block-woocommerce-cart-line-items-block\"><\/div>\n\n\n\n<div data-block-name=\"woocommerce\/cart-cross-sells-block\" class=\"wp-block-woocommerce-cart-cross-sells-block\">\n<h2 class=\"wp-block-heading has-large-font-size\">\u0130lginizi \u00e7ekebilir\u2026<\/h2>\n\n\n\n<div data-block-name=\"woocommerce\/cart-cross-sells-products-block\" class=\"wp-block-woocommerce-cart-cross-sells-products-block\"><\/div>\n<\/div>\n<\/div>\n\n\n\n<div data-block-name=\"woocommerce\/cart-totals-block\" class=\"wp-block-woocommerce-cart-totals-block\">\n<div data-block-name=\"woocommerce\/cart-order-summary-block\" class=\"wp-block-woocommerce-cart-order-summary-block\">\n<div data-block-name=\"woocommerce\/cart-order-summary-heading-block\" class=\"wp-block-woocommerce-cart-order-summary-heading-block\"><\/div><div data-block-name=\"woocommerce\/cart-order-summary-coupon-form-block\" class=\"wp-block-woocommerce-cart-order-summary-coupon-form-block\"><\/div><div data-block-name=\"woocommerce\/cart-order-summary-totals-block\" class=\"wp-block-woocommerce-cart-order-summary-totals-block\">\n<div data-block-name=\"woocommerce\/cart-order-summary-subtotal-block\" class=\"wp-block-woocommerce-cart-order-summary-subtotal-block\"><\/div>\n<div data-block-name=\"woocommerce\/cart-order-summary-discount-block\" class=\"wp-block-woocommerce-cart-order-summary-discount-block\"><\/div>\n<div data-block-name=\"woocommerce\/cart-order-summary-fee-block\" class=\"wp-block-woocommerce-cart-order-summary-fee-block\"><\/div>\n<div data-block-name=\"woocommerce\/cart-order-summary-shipping-block\" class=\"wp-block-woocommerce-cart-order-summary-shipping-block\"><\/div>\n<div data-block-name=\"woocommerce\/cart-order-summary-taxes-block\" class=\"wp-block-woocommerce-cart-order-summary-taxes-block\"><\/div><\/div>\n<\/div>\n\n\n\n<div data-block-name=\"woocommerce\/cart-express-payment-block\" class=\"wp-block-woocommerce-cart-express-payment-block\"><\/div>\n\n\n\n<div data-block-name=\"woocommerce\/proceed-to-checkout-block\" class=\"wp-block-woocommerce-proceed-to-checkout-block\"><\/div>\n\n\n\n<div data-block-name=\"woocommerce\/cart-accepted-payment-methods-block\" class=\"wp-block-woocommerce-cart-accepted-payment-methods-block\"><\/div>\n<\/div>\n<\/div>\n\n\n\n<div data-block-name=\"woocommerce\/empty-cart-block\" class=\"wp-block-woocommerce-empty-cart-block\">\n<h2 class=\"wp-block-heading has-text-align-center with-empty-cart-icon wc-block-cart__empty-cart__title\">Sepetiniz \u015fu anda bo\u015f!<\/h2>\n\n\n\n<hr class=\"wp-block-separator has-alpha-channel-opacity is-style-dots\"\/>\n\n\n\n<h2 class=\"wp-block-heading has-text-align-center\">Ma\u011fazada yeni<\/h2>\n\n\n<div data-block-name=\"woocommerce\/product-new\" data-columns=\"4\" data-rows=\"1\" class=\"wc-block-grid wp-block-product-new wp-block-woocommerce-product-new wc-block-product-new has-4-columns\"><ul class=\"wc-block-grid__products\"><li class=\"wc-block-grid__product\">\n\t\t\t\t<a href=\"https:\/\/luviaflowers.com\/?product=kirmizi-gullu-karisik-cicek-buketi-ayni-gun-teslim\" class=\"wc-block-grid__product-link\">\n\t\t\t\t\t\n\t\t\t\t\t<div class=\"wc-block-grid__product-image\"><img fetchpriority=\"high\" decoding=\"async\" width=\"300\" height=\"300\" src=\"https:\/\/luviaflowers.com\/wp-content\/uploads\/2026\/01\/932de6a6-d88f-4006-9763-33f3dd8a7344-300x300.jpg\" class=\"attachment-woocommerce_thumbnail size-woocommerce_thumbnail\" alt=\"KIRMIZI G\u00dcLL\u00dc KARI\u015eIK \u00c7\u0130\u00c7EK BUKET\u0130 - AYNI G\u00dcN TESL\u0130M\" srcset=\"https:\/\/luviaflowers.com\/wp-content\/uploads\/2026\/01\/932de6a6-d88f-4006-9763-33f3dd8a7344-300x300.jpg 300w, https:\/\/luviaflowers.com\/wp-content\/uploads\/2026\/01\/932de6a6-d88f-4006-9763-33f3dd8a7344-150x150.jpg 150w, https:\/\/luviaflowers.com\/wp-content\/uploads\/2026\/01\/932de6a6-d88f-4006-9763-33f3dd8a7344-100x100.jpg 100w\" sizes=\"(max-width: 300px) 100vw, 300px\" \/><\/div>\n\t\t\t\t\t<div class=\"wc-block-grid__product-title\">KIRMIZI G\u00dcLL\u00dc KARI\u015eIK \u00c7\u0130\u00c7EK BUKET\u0130 &#8211; AYNI G\u00dcN TESL\u0130M<\/div>\n\t\t\t\t<\/a>\n\t\t\t\t<div class=\"wc-block-grid__product-price price\"><span class=\"woocommerce-Price-amount amount\"><span class=\"woocommerce-Price-currencySymbol\">&#8378;<\/span>1.500,00<\/span><\/div>\n\t\t\t\t\n\t\t\t\t<div class=\"wp-block-button wc-block-grid__product-add-to-cart\"><a href=\"\/index.php?rest_route=%2Fwp%2Fv2%2Fpages%2F13&#038;add-to-cart=10917\" aria-label=\"Sepete ekle: \u201cKIRMIZI G\u00dcLL\u00dc KARI\u015eIK \u00c7\u0130\u00c7EK BUKET\u0130 - AYNI G\u00dcN TESL\u0130M\u201d\" data-quantity=\"1\" data-product_id=\"10917\" data-product_sku=\"\" data-price=\"1500\" rel=\"nofollow\" class=\"wp-block-button__link  add_to_cart_button ajax_add_to_cart\">Sepete Ekle<\/a><\/div>\n\t\t\t<\/li><li class=\"wc-block-grid__product\">\n\t\t\t\t<a href=\"https:\/\/luviaflowers.com\/?product=sevgiliye-ozel-karisik-cicek-buketi\" class=\"wc-block-grid__product-link\">\n\t\t\t\t\t\n\t\t\t\t\t<div class=\"wc-block-grid__product-image\"><img decoding=\"async\" width=\"300\" height=\"300\" src=\"https:\/\/luviaflowers.com\/wp-content\/uploads\/2026\/01\/1d185527-953c-48fa-b5f6-017fa2784f5f-300x300.jpg\" class=\"attachment-woocommerce_thumbnail size-woocommerce_thumbnail\" alt=\"SEVG\u0130L\u0130YE \u00d6ZEL KARI\u015eIK \u00c7\u0130\u00c7EK BUKET\u0130\" srcset=\"https:\/\/luviaflowers.com\/wp-content\/uploads\/2026\/01\/1d185527-953c-48fa-b5f6-017fa2784f5f-300x300.jpg 300w, https:\/\/luviaflowers.com\/wp-content\/uploads\/2026\/01\/1d185527-953c-48fa-b5f6-017fa2784f5f-150x150.jpg 150w, https:\/\/luviaflowers.com\/wp-content\/uploads\/2026\/01\/1d185527-953c-48fa-b5f6-017fa2784f5f-100x100.jpg 100w\" sizes=\"(max-width: 300px) 100vw, 300px\" \/><\/div>\n\t\t\t\t\t<div class=\"wc-block-grid__product-title\">SEVG\u0130L\u0130YE \u00d6ZEL KARI\u015eIK \u00c7\u0130\u00c7EK BUKET\u0130<\/div>\n\t\t\t\t<\/a>\n\t\t\t\t<div class=\"wc-block-grid__product-price price\"><span class=\"woocommerce-Price-amount amount\"><span class=\"woocommerce-Price-currencySymbol\">&#8378;<\/span>1.200,00<\/span><\/div>\n\t\t\t\t\n\t\t\t\t<div class=\"wp-block-button wc-block-grid__product-add-to-cart\"><a href=\"\/index.php?rest_route=%2Fwp%2Fv2%2Fpages%2F13&#038;add-to-cart=10914\" aria-label=\"Sepete ekle: \u201cSEVG\u0130L\u0130YE \u00d6ZEL KARI\u015eIK \u00c7\u0130\u00c7EK BUKET\u0130\u201d\" data-quantity=\"1\" data-product_id=\"10914\" data-product_sku=\"\" data-price=\"1200\" rel=\"nofollow\" class=\"wp-block-button__link  add_to_cart_button ajax_add_to_cart\">Sepete Ekle<\/a><\/div>\n\t\t\t<\/li><li class=\"wc-block-grid__product\">\n\t\t\t\t<a href=\"https:\/\/luviaflowers.com\/?product=pembe-guller-ve-cipso-cicekleriyle-zarif-buket\" class=\"wc-block-grid__product-link\">\n\t\t\t\t\t\n\t\t\t\t\t<div class=\"wc-block-grid__product-image\"><img decoding=\"async\" width=\"300\" height=\"300\" src=\"https:\/\/luviaflowers.com\/wp-content\/uploads\/2025\/09\/011d314e-a3fc-4261-aaf0-e35ae344551c-300x300.jpg\" class=\"attachment-woocommerce_thumbnail size-woocommerce_thumbnail\" alt=\"PEMBE G\u00dcLLER VE C\u0130PSO \u00c7\u0130\u00c7EKLER\u0130YLE ZAR\u0130F BUKET\" srcset=\"https:\/\/luviaflowers.com\/wp-content\/uploads\/2025\/09\/011d314e-a3fc-4261-aaf0-e35ae344551c-300x300.jpg 300w, https:\/\/luviaflowers.com\/wp-content\/uploads\/2025\/09\/011d314e-a3fc-4261-aaf0-e35ae344551c-150x150.jpg 150w, https:\/\/luviaflowers.com\/wp-content\/uploads\/2025\/09\/011d314e-a3fc-4261-aaf0-e35ae344551c-100x100.jpg 100w\" sizes=\"(max-width: 300px) 100vw, 300px\" \/><\/div>\n\t\t\t\t\t<div class=\"wc-block-grid__product-title\">PEMBE G\u00dcLLER VE C\u0130PSO \u00c7\u0130\u00c7EKLER\u0130YLE ZAR\u0130F BUKET<\/div>\n\t\t\t\t<\/a>\n\t\t\t\t<div class=\"wc-block-grid__product-price price\"><span class=\"woocommerce-Price-amount amount\"><span class=\"woocommerce-Price-currencySymbol\">&#8378;<\/span>1.750,00<\/span><\/div>\n\t\t\t\t\n\t\t\t\t<div class=\"wp-block-button wc-block-grid__product-add-to-cart\"><a href=\"\/index.php?rest_route=%2Fwp%2Fv2%2Fpages%2F13&#038;add-to-cart=10864\" aria-label=\"Sepete ekle: \u201cPEMBE G\u00dcLLER VE C\u0130PSO \u00c7\u0130\u00c7EKLER\u0130YLE ZAR\u0130F BUKET\u201d\" data-quantity=\"1\" data-product_id=\"10864\" data-product_sku=\"\" data-price=\"1750\" rel=\"nofollow\" class=\"wp-block-button__link  add_to_cart_button ajax_add_to_cart\">Sepete Ekle<\/a><\/div>\n\t\t\t<\/li><li class=\"wc-block-grid__product\">\n\t\t\t\t<a href=\"https:\/\/luviaflowers.com\/?product=renkli-papatya-ve-krizantem-buketi\" class=\"wc-block-grid__product-link\">\n\t\t\t\t\t\n\t\t\t\t\t<div class=\"wc-block-grid__product-image\"><img loading=\"lazy\" decoding=\"async\" width=\"300\" height=\"300\" src=\"https:\/\/luviaflowers.com\/wp-content\/uploads\/2025\/09\/76d04a5c-55be-4cd2-8f44-128fc6a07357-300x300.jpg\" class=\"attachment-woocommerce_thumbnail size-woocommerce_thumbnail\" alt=\"RENKL\u0130 PAPATYA VE KR\u0130ZANTEM BUKET\u0130\" srcset=\"https:\/\/luviaflowers.com\/wp-content\/uploads\/2025\/09\/76d04a5c-55be-4cd2-8f44-128fc6a07357-300x300.jpg 300w, https:\/\/luviaflowers.com\/wp-content\/uploads\/2025\/09\/76d04a5c-55be-4cd2-8f44-128fc6a07357-150x150.jpg 150w, https:\/\/luviaflowers.com\/wp-content\/uploads\/2025\/09\/76d04a5c-55be-4cd2-8f44-128fc6a07357-100x100.jpg 100w\" sizes=\"(max-width: 300px) 100vw, 300px\" \/><\/div>\n\t\t\t\t\t<div class=\"wc-block-grid__product-title\">RENKL\u0130 PAPATYA VE KR\u0130ZANTEM BUKET\u0130<\/div>\n\t\t\t\t<\/a>\n\t\t\t\t<div class=\"wc-block-grid__product-price price\"><span class=\"woocommerce-Price-amount amount\"><span class=\"woocommerce-Price-currencySymbol\">&#8378;<\/span>1.000,00<\/span><\/div>\n\t\t\t\t\n\t\t\t\t<div class=\"wp-block-button wc-block-grid__product-add-to-cart\"><a href=\"\/index.php?rest_route=%2Fwp%2Fv2%2Fpages%2F13&#038;add-to-cart=10860\" aria-label=\"Sepete ekle: \u201cRENKL\u0130 PAPATYA VE KR\u0130ZANTEM BUKET\u0130\u201d\" data-quantity=\"1\" data-product_id=\"10860\" data-product_sku=\"\" data-price=\"1000\" rel=\"nofollow\" class=\"wp-block-button__link  add_to_cart_button ajax_add_to_cart\">Sepete Ekle<\/a><\/div>\n\t\t\t<\/li><\/ul><\/div><\/div>\n<\/div>\n","protected":false},"excerpt":{"rendered":"","protected":false},"author":1,"featured_media":0,"parent":0,"menu_order":0,"comment_status":"closed","ping_status":"closed","template":"","meta":{"postBodyCss":"","postBodyMargin":[],"postBodyPadding":[],"postBodyBackground":{"backgroundType":"classic","gradient":""},"footnotes":""},"class_list":["post-13","page","type-page","status-publish","hentry"],"_links":{"self":[{"href":"https:\/\/luviaflowers.com\/index.php?rest_route=\/wp\/v2\/pages\/13","targetHints":{"allow":["GET"]}}],"collection":[{"href":"https:\/\/luviaflowers.com\/index.php?rest_route=\/wp\/v2\/pages"}],"about":[{"href":"https:\/\/luviaflowers.com\/index.php?rest_route=\/wp\/v2\/types\/page"}],"author":[{"embeddable":true,"href":"https:\/\/luviaflowers.com\/index.php?rest_route=\/wp\/v2\/users\/1"}],"replies":[{"embeddable":true,"href":"https:\/\/luviaflowers.com\/index.php?rest_route=%2Fwp%2Fv2%2Fcomments&post=13"}],"version-history":[{"count":1,"href":"https:\/\/luviaflowers.com\/index.php?rest_route=\/wp\/v2\/pages\/13\/revisions"}],"predecessor-version":[{"id":17,"href":"https:\/\/luviaflowers.com\/index.php?rest_route=\/wp\/v2\/pages\/13\/revisions\/17"}],"wp:attachment":[{"href":"https:\/\/luviaflowers.com\/index.php?rest_route=%2Fwp%2Fv2%2Fmedia&parent=13"}],"curies":[{"name":"wp","href":"https:\/\/api.w.org\/{rel}","templated":true}]}}