{"id":4576,"date":"2021-11-15T11:50:54","date_gmt":"2021-11-15T11:50:54","guid":{"rendered":"https:\/\/demo.themewinter.com\/wp\/bascart\/fashion\/?page_id=4576"},"modified":"2025-08-23T18:09:44","modified_gmt":"2025-08-23T18:09:44","slug":"sik-sorulan-sorular","status":"publish","type":"page","link":"https:\/\/luviaflowers.com\/?page_id=4576","title":{"rendered":"S\u0131k Sorulan Sorular"},"content":{"rendered":"\t\t<div data-elementor-type=\"wp-page\" data-elementor-id=\"4576\" class=\"elementor elementor-4576\">\n\t\t\t\t\t\t<section class=\"elementor-section elementor-top-section elementor-element elementor-element-d47d902 elementor-section-boxed elementor-section-height-default elementor-section-height-default\" data-id=\"d47d902\" data-element_type=\"section\">\n\t\t\t\t\t\t<div class=\"elementor-container elementor-column-gap-default\">\n\t\t\t\t\t<div class=\"elementor-column elementor-col-100 elementor-top-column elementor-element elementor-element-2c19977\" data-id=\"2c19977\" data-element_type=\"column\">\n\t\t\t<div class=\"elementor-widget-wrap elementor-element-populated\">\n\t\t\t\t\t\t<div class=\"elementor-element elementor-element-0ade36c elementor-widget elementor-widget-elementskit-accordion\" data-id=\"0ade36c\" data-element_type=\"widget\" data-settings=\"{&quot;ekit_we_effect_on&quot;:&quot;none&quot;}\" data-widget_type=\"elementskit-accordion.default\">\n\t\t\t\t\t<div class=\"ekit-wid-con\" >\n        <div class=\"elementskit-accordion accordion-4\" id=\"accordion-69e368e3363e8\">\n\n            \n                <div class=\"elementskit-card active\">\n                    <div class=\"elementskit-card-header\" id=\"primaryHeading-0-0ade36c\">\n                        <a href=\"#collapse-342aac069e368e3363e8\" class=\"ekit-accordion--toggler elementskit-btn-link collapsed\" data-ekit-toggle=\"collapse\" data-target=\"#Collapse-342aac069e368e3363e8\" aria-expanded=\"true\" aria-controls=\"Collapse-342aac069e368e3363e8\">\n                                                            <div class=\"ekit_accordion_icon_left_group\">\n                                    <div class=\"ekit_accordion_normal_icon\">\n                                        <!-- Normal Icon -->\n                                        <i class=\"xts-icon xts-plus\"><\/i>                                    <\/div>\n\n                                    <div class=\"ekit_accordion_active_icon\">\n                                        <!-- Active Icon -->\n\t\t\t\t\t\t\t\t\t\t<i class=\"xts-icon xts-minus\"><\/i>                                    <\/div>\n                                <\/div>\n\n                            \n                            <span class=\"ekit-accordion-title\">Sipari\u015fimi nas\u0131l verebilirim?<\/span>\n\n                            \n                                                    <\/a>\n                    <\/div>\n\n                    <div id=\"Collapse-342aac069e368e3363e8\" class=\" show collapse\" aria-labelledby=\"primaryHeading-0-0ade36c\" data-parent=\"#accordion-69e368e3363e8\">\n\n                        <div class=\"elementskit-card-body ekit-accordion--content\">\n                            <p>Sitemizden be\u011fendi\u011finiz \u00fcr\u00fcn\u00fc se\u00e7ip sepete ekleyerek, \u00f6deme ad\u0131mlar\u0131n\u0131 takip edip kolayca sipari\u015f verebilirsiniz.<\/p><p>\u00a0<\/p>                        <\/div>\n\n                    <\/div>\n\n                <\/div><!-- .elementskit-card END -->\n\n                \n                <div class=\"elementskit-card \">\n                    <div class=\"elementskit-card-header\" id=\"primaryHeading-1-0ade36c\">\n                        <a href=\"#collapse-a9ba27269e368e3363e8\" class=\"ekit-accordion--toggler elementskit-btn-link collapsed\" data-ekit-toggle=\"collapse\" data-target=\"#Collapse-a9ba27269e368e3363e8\" aria-expanded=\"false\" aria-controls=\"Collapse-a9ba27269e368e3363e8\">\n                                                            <div class=\"ekit_accordion_icon_left_group\">\n                                    <div class=\"ekit_accordion_normal_icon\">\n                                        <!-- Normal Icon -->\n                                        <i class=\"xts-icon xts-plus\"><\/i>                                    <\/div>\n\n                                    <div class=\"ekit_accordion_active_icon\">\n                                        <!-- Active Icon -->\n\t\t\t\t\t\t\t\t\t\t<i class=\"xts-icon xts-minus\"><\/i>                                    <\/div>\n                                <\/div>\n\n                            \n                            <span class=\"ekit-accordion-title\">Ayn\u0131 g\u00fcn teslimat yap\u0131yor musunuz?<\/span>\n\n                            \n                                                    <\/a>\n                    <\/div>\n\n                    <div id=\"Collapse-a9ba27269e368e3363e8\" class=\" collapse\" aria-labelledby=\"primaryHeading-1-0ade36c\" data-parent=\"#accordion-69e368e3363e8\">\n\n                        <div class=\"elementskit-card-body ekit-accordion--content\">\n                            <p>Evet, verilen sipari\u015fler ayn\u0131 g\u00fcn teslimat yap\u0131yoruz. Teslimat saati i\u00e7in arayabilirsiniz.<br \/><a href=\"tel:0539 690 02 07\">0539 690 02 07<\/a><\/p><p>\u00a0<\/p>                        <\/div>\n\n                    <\/div>\n\n                <\/div><!-- .elementskit-card END -->\n\n                                        <\/div>\n    <\/div>\t\t\t\t<\/div>\n\t\t\t\t\t<\/div>\n\t\t<\/div>\n\t\t\t\t\t<\/div>\n\t\t<\/section>\n\t\t\t\t<\/div>\n\t\t","protected":false},"excerpt":{"rendered":"<p>Sipari\u015fimi nas\u0131l verebilirim? Sitemizden be\u011fendi\u011finiz \u00fcr\u00fcn\u00fc se\u00e7ip sepete ekleyerek, \u00f6deme ad\u0131mlar\u0131n\u0131 takip edip kolayca sipari\u015f verebilirsiniz. \u00a0 Ayn\u0131 g\u00fcn teslimat yap\u0131yor musunuz? Evet, verilen sipari\u015fler ayn\u0131 g\u00fcn teslimat yap\u0131yoruz. Teslimat saati i\u00e7in arayabilirsiniz.0539 690 02 07 \u00a0<\/p>\n","protected":false},"author":1,"featured_media":0,"parent":0,"menu_order":0,"comment_status":"closed","ping_status":"closed","template":"template\/full-width-template.php","meta":{"postBodyCss":"","postBodyMargin":[],"postBodyPadding":[],"postBodyBackground":{"backgroundType":"classic","gradient":""},"footnotes":""},"class_list":["post-4576","page","type-page","status-publish","hentry"],"_links":{"self":[{"href":"https:\/\/luviaflowers.com\/index.php?rest_route=\/wp\/v2\/pages\/4576","targetHints":{"allow":["GET"]}}],"collection":[{"href":"https:\/\/luviaflowers.com\/index.php?rest_route=\/wp\/v2\/pages"}],"about":[{"href":"https:\/\/luviaflowers.com\/index.php?rest_route=\/wp\/v2\/types\/page"}],"author":[{"embeddable":true,"href":"https:\/\/luviaflowers.com\/index.php?rest_route=\/wp\/v2\/users\/1"}],"replies":[{"embeddable":true,"href":"https:\/\/luviaflowers.com\/index.php?rest_route=%2Fwp%2Fv2%2Fcomments&post=4576"}],"version-history":[{"count":5,"href":"https:\/\/luviaflowers.com\/index.php?rest_route=\/wp\/v2\/pages\/4576\/revisions"}],"predecessor-version":[{"id":10624,"href":"https:\/\/luviaflowers.com\/index.php?rest_route=\/wp\/v2\/pages\/4576\/revisions\/10624"}],"wp:attachment":[{"href":"https:\/\/luviaflowers.com\/index.php?rest_route=%2Fwp%2Fv2%2Fmedia&parent=4576"}],"curies":[{"name":"wp","href":"https:\/\/api.w.org\/{rel}","templated":true}]}}