{"id":10034,"date":"2025-07-04T15:08:53","date_gmt":"2025-07-04T15:08:53","guid":{"rendered":"https:\/\/luviaflowers.com\/?post_type=product&#038;p=10034"},"modified":"2025-09-01T14:00:45","modified_gmt":"2025-09-01T14:00:45","slug":"aycicegi-dunyasi","status":"publish","type":"product","link":"https:\/\/luviaflowers.com\/?product=aycicegi-dunyasi","title":{"rendered":"Ay\u00e7i\u00e7e\u011fi D\u00fcnyas\u0131"},"content":{"rendered":"","protected":false},"excerpt":{"rendered":"<p>3 adet ay\u00e7i\u00e7e\u011fi ve turuncu \u00e7ardak g\u00fcllerden olu\u015fmaktad\u0131r.<\/p>\n","protected":false},"featured_media":10035,"template":"","meta":{"postBodyCss":"","postBodyMargin":[],"postBodyPadding":[],"postBodyBackground":{"backgroundType":"classic","gradient":""}},"product_brand":[],"product_cat":[15,126],"product_tag":[],"class_list":{"0":"post-10034","1":"product","2":"type-product","3":"status-publish","4":"has-post-thumbnail","6":"product_cat-genel","7":"product_cat-tum-urunlerimiz","9":"first","10":"instock","11":"sale","12":"shipping-taxable","13":"purchasable","14":"product-type-simple"},"_links":{"self":[{"href":"https:\/\/luviaflowers.com\/index.php?rest_route=\/wp\/v2\/product\/10034","targetHints":{"allow":["GET"]}}],"collection":[{"href":"https:\/\/luviaflowers.com\/index.php?rest_route=\/wp\/v2\/product"}],"about":[{"href":"https:\/\/luviaflowers.com\/index.php?rest_route=\/wp\/v2\/types\/product"}],"wp:featuredmedia":[{"embeddable":true,"href":"https:\/\/luviaflowers.com\/index.php?rest_route=\/wp\/v2\/media\/10035"}],"wp:attachment":[{"href":"https:\/\/luviaflowers.com\/index.php?rest_route=%2Fwp%2Fv2%2Fmedia&parent=10034"}],"wp:term":[{"taxonomy":"product_brand","embeddable":true,"href":"https:\/\/luviaflowers.com\/index.php?rest_route=%2Fwp%2Fv2%2Fproduct_brand&post=10034"},{"taxonomy":"product_cat","embeddable":true,"href":"https:\/\/luviaflowers.com\/index.php?rest_route=%2Fwp%2Fv2%2Fproduct_cat&post=10034"},{"taxonomy":"product_tag","embeddable":true,"href":"https:\/\/luviaflowers.com\/index.php?rest_route=%2Fwp%2Fv2%2Fproduct_tag&post=10034"}],"curies":[{"name":"wp","href":"https:\/\/api.w.org\/{rel}","templated":true}]}}