{"id":10037,"date":"2025-07-08T07:51:59","date_gmt":"2025-07-08T07:51:59","guid":{"rendered":"https:\/\/luviaflowers.com\/?post_type=product&#038;p=10037"},"modified":"2025-09-22T09:20:48","modified_gmt":"2025-09-22T09:20:48","slug":"kucuk-kalpli-siyah-kutuda-cikolatali-kirmizi-gul","status":"publish","type":"product","link":"https:\/\/luviaflowers.com\/?product=kucuk-kalpli-siyah-kutuda-cikolatali-kirmizi-gul","title":{"rendered":"K\u00fc\u00e7\u00fck Kalpli Siyah Kutuda \u00c7ikolatal\u0131 K\u0131rm\u0131z\u0131 G\u00fcl"},"content":{"rendered":"","protected":false},"excerpt":{"rendered":"<h4>\u00dcr\u00fcn Detaylar\u0131<\/h4>\n<p>D\u0131\u015f\u0131 k\u00fc\u00e7\u00fck, i\u00e7i kocaman kalp! Hem dolu dolu hem de zarif g\u00f6r\u00fcnt\u00fcs\u00fc ile sevdiklerinizi mutlu etmenin en g\u00fczel yolu!<\/p>\n<p>5 Adet G\u00fcl, 1 Adet Hanuta, 1 Adet Nutella B-ready 1 Adet Kinder Joy 1 Adet Toblerone bulunmaktad\u0131r.<\/p>\n<p>Kutu Ebatlar\u0131 EnxBoyxY\u00fckseklik 19x17x16<\/p>\n<p>B-ready ve Toblerone yerine stok durumu nedeniyle muadil \u00e7ikolatalarla \u00fcr\u00fcn g\u00f6nderilebilir.<\/p>\n","protected":false},"featured_media":10038,"template":"","meta":{"postBodyCss":"","postBodyMargin":[],"postBodyPadding":[],"postBodyBackground":{"backgroundType":"classic","gradient":""}},"product_brand":[],"product_cat":[98,100,109,99,115,103,110,126,108,107],"product_tag":[],"class_list":{"0":"post-10037","1":"product","2":"type-product","3":"status-publish","4":"has-post-thumbnail","6":"product_cat-ayni-gun-teslim","7":"product_cat-dogum-gunu","8":"product_cat-gecmis-olsun","9":"product_cat-gonderim-amaci","10":"product_cat-kalpli-kutular","11":"product_cat-kutuda-guller","12":"product_cat-tebrik","13":"product_cat-tum-urunlerimiz","14":"product_cat-yeni-bebek","15":"product_cat-yil-donumu","17":"first","18":"instock","19":"shipping-taxable","20":"purchasable","21":"product-type-simple"},"_links":{"self":[{"href":"https:\/\/luviaflowers.com\/index.php?rest_route=\/wp\/v2\/product\/10037","targetHints":{"allow":["GET"]}}],"collection":[{"href":"https:\/\/luviaflowers.com\/index.php?rest_route=\/wp\/v2\/product"}],"about":[{"href":"https:\/\/luviaflowers.com\/index.php?rest_route=\/wp\/v2\/types\/product"}],"wp:featuredmedia":[{"embeddable":true,"href":"https:\/\/luviaflowers.com\/index.php?rest_route=\/wp\/v2\/media\/10038"}],"wp:attachment":[{"href":"https:\/\/luviaflowers.com\/index.php?rest_route=%2Fwp%2Fv2%2Fmedia&parent=10037"}],"wp:term":[{"taxonomy":"product_brand","embeddable":true,"href":"https:\/\/luviaflowers.com\/index.php?rest_route=%2Fwp%2Fv2%2Fproduct_brand&post=10037"},{"taxonomy":"product_cat","embeddable":true,"href":"https:\/\/luviaflowers.com\/index.php?rest_route=%2Fwp%2Fv2%2Fproduct_cat&post=10037"},{"taxonomy":"product_tag","embeddable":true,"href":"https:\/\/luviaflowers.com\/index.php?rest_route=%2Fwp%2Fv2%2Fproduct_tag&post=10037"}],"curies":[{"name":"wp","href":"https:\/\/api.w.org\/{rel}","templated":true}]}}