{"id":10047,"date":"2025-07-08T08:15:38","date_gmt":"2025-07-08T08:15:38","guid":{"rendered":"https:\/\/luviaflowers.com\/?post_type=product&#038;p=10047"},"modified":"2025-09-01T13:59:42","modified_gmt":"2025-09-01T13:59:42","slug":"lila-ruya","status":"publish","type":"product","link":"https:\/\/luviaflowers.com\/?product=lila-ruya","title":{"rendered":"Lila R\u00fcya"},"content":{"rendered":"","protected":false},"excerpt":{"rendered":"<h4>\u00dcr\u00fcn Detaylar\u0131<\/h4>\n<p>Lila hayaller bu aranjmanda bulu\u015ftu. Sevdiklerinizi g\u00fczel ve \u00f6zel hissettirmenin tam zaman\u0131!<\/p>\n<p>9 adet lila g\u00fcl, ruskus bulunmaktad\u0131r.<\/p>\n<p>Paketlenmi\u015f hali 30-45 cmdir.<\/p>\n<p>Tomurcuk lavanta bulunamamas\u0131 durumunda \u015foklanm\u0131\u015f canl\u0131 lavanta kullan\u0131lmaktad\u0131r.<\/p>\n<p>\u00dcr\u00fcn ambalaj\u0131 benzer renk tonlar\u0131nda de\u011fi\u015fkenlik g\u00f6sterebilir.<\/p>\n","protected":false},"featured_media":10048,"template":"","meta":{"postBodyCss":"","postBodyMargin":[],"postBodyPadding":[],"postBodyBackground":{"backgroundType":"classic","gradient":""}},"product_brand":[],"product_cat":[101,102,126],"product_tag":[],"class_list":{"0":"post-10047","1":"product","2":"type-product","3":"status-publish","4":"has-post-thumbnail","6":"product_cat-buketler","7":"product_cat-gul-buketleri","8":"product_cat-tum-urunlerimiz","10":"first","11":"instock","12":"sale","13":"shipping-taxable","14":"purchasable","15":"product-type-simple"},"_links":{"self":[{"href":"https:\/\/luviaflowers.com\/index.php?rest_route=\/wp\/v2\/product\/10047","targetHints":{"allow":["GET"]}}],"collection":[{"href":"https:\/\/luviaflowers.com\/index.php?rest_route=\/wp\/v2\/product"}],"about":[{"href":"https:\/\/luviaflowers.com\/index.php?rest_route=\/wp\/v2\/types\/product"}],"wp:featuredmedia":[{"embeddable":true,"href":"https:\/\/luviaflowers.com\/index.php?rest_route=\/wp\/v2\/media\/10048"}],"wp:attachment":[{"href":"https:\/\/luviaflowers.com\/index.php?rest_route=%2Fwp%2Fv2%2Fmedia&parent=10047"}],"wp:term":[{"taxonomy":"product_brand","embeddable":true,"href":"https:\/\/luviaflowers.com\/index.php?rest_route=%2Fwp%2Fv2%2Fproduct_brand&post=10047"},{"taxonomy":"product_cat","embeddable":true,"href":"https:\/\/luviaflowers.com\/index.php?rest_route=%2Fwp%2Fv2%2Fproduct_cat&post=10047"},{"taxonomy":"product_tag","embeddable":true,"href":"https:\/\/luviaflowers.com\/index.php?rest_route=%2Fwp%2Fv2%2Fproduct_tag&post=10047"}],"curies":[{"name":"wp","href":"https:\/\/api.w.org\/{rel}","templated":true}]}}