{"id":10053,"date":"2025-07-08T08:33:31","date_gmt":"2025-07-08T08:33:31","guid":{"rendered":"https:\/\/luviaflowers.com\/?post_type=product&#038;p=10053"},"modified":"2025-09-01T13:59:19","modified_gmt":"2025-09-01T13:59:19","slug":"mini-orkide-turuncu-lily-tek-dal","status":"publish","type":"product","link":"https:\/\/luviaflowers.com\/?product=mini-orkide-turuncu-lily-tek-dal","title":{"rendered":"Mini Orkide &#8211; Turuncu Lily Tek Dal"},"content":{"rendered":"","protected":false},"excerpt":{"rendered":"<h4>\u00dcr\u00fcn Detaylar\u0131<\/h4>\n<p><span style=\"font-family: Arial Black;\">M\u0130N\u0130 ORK\u0130DE B\u0130TK\u0130S\u0130 \u00d6ZELL\u0130KLER\u0130<\/span><\/p>\n<p><span style=\"font-family: Arial;\">Orkideler, Salepgiller familyas\u0131na ait enfes g\u00fczellikte \u00e7i\u00e7ekli bitkilerdir. Tropikal iklimleri seven orkidelerin d\u00fcnyan\u0131n her yerinde yeti\u015fme imkan\u0131 vard\u0131r. D\u00fcnya \u00fczerinde 20 bin den fazla \u00e7e\u015fidi oldu\u011fu bilinmektedir. T\u00fcrkiye&#8217;de ise yeti\u015fen 24 \u00e7e\u015fidi vard\u0131r. Orkideler asalet ve \u00f6zenin simgesidir. Bu bitkilerin uzun g\u00f6vdeleri ve k\u00f6klerine yak\u0131n ye\u015fil yapraklar\u0131 vard\u0131r uzun g\u00f6vdeleri sebebi ile hassas g\u00f6z\u00fckseler bile \u00e7ok dayan\u0131kl\u0131 ve uzun s\u00fcre \u00e7i\u00e7ekli kalan bitkilerdir. Bak\u0131m\u0131 d\u00fczenli yap\u0131ld\u0131\u011f\u0131 s\u00fcrece y\u0131lda 3-4 defa \u00e7i\u00e7ek a\u00e7abilirler.<\/span><\/p>\n<p><span style=\"font-family: Arial;\">\u00dcr\u00fcn \u00f6l\u00e7\u00fcleri yakla\u015f\u0131k: Q 6CM H 25CM<\/span><\/p>\n<p><b>*<\/b>Saks\u0131 ve aksesuarlar stok durumuna g\u00f6re farkl\u0131l\u0131k g\u00f6sterebilir.<\/p>\n","protected":false},"featured_media":10054,"template":"","meta":{"postBodyCss":"","postBodyMargin":[],"postBodyPadding":[],"postBodyBackground":{"backgroundType":"classic","gradient":""}},"product_brand":[],"product_cat":[116,104,126],"product_tag":[],"class_list":{"0":"post-10053","1":"product","2":"type-product","3":"status-publish","4":"has-post-thumbnail","6":"product_cat-mini-orkideler","7":"product_cat-orkideler","8":"product_cat-tum-urunlerimiz","10":"first","11":"instock","12":"shipping-taxable","13":"purchasable","14":"product-type-simple"},"_links":{"self":[{"href":"https:\/\/luviaflowers.com\/index.php?rest_route=\/wp\/v2\/product\/10053","targetHints":{"allow":["GET"]}}],"collection":[{"href":"https:\/\/luviaflowers.com\/index.php?rest_route=\/wp\/v2\/product"}],"about":[{"href":"https:\/\/luviaflowers.com\/index.php?rest_route=\/wp\/v2\/types\/product"}],"wp:featuredmedia":[{"embeddable":true,"href":"https:\/\/luviaflowers.com\/index.php?rest_route=\/wp\/v2\/media\/10054"}],"wp:attachment":[{"href":"https:\/\/luviaflowers.com\/index.php?rest_route=%2Fwp%2Fv2%2Fmedia&parent=10053"}],"wp:term":[{"taxonomy":"product_brand","embeddable":true,"href":"https:\/\/luviaflowers.com\/index.php?rest_route=%2Fwp%2Fv2%2Fproduct_brand&post=10053"},{"taxonomy":"product_cat","embeddable":true,"href":"https:\/\/luviaflowers.com\/index.php?rest_route=%2Fwp%2Fv2%2Fproduct_cat&post=10053"},{"taxonomy":"product_tag","embeddable":true,"href":"https:\/\/luviaflowers.com\/index.php?rest_route=%2Fwp%2Fv2%2Fproduct_tag&post=10053"}],"curies":[{"name":"wp","href":"https:\/\/api.w.org\/{rel}","templated":true}]}}