{"id":10060,"date":"2025-07-08T08:56:50","date_gmt":"2025-07-08T08:56:50","guid":{"rendered":"https:\/\/luviaflowers.com\/?post_type=product&#038;p=10060"},"modified":"2025-09-01T13:58:57","modified_gmt":"2025-09-01T13:58:57","slug":"beton-saksida-haworthia-ve-kalanchoe-teraryum","status":"publish","type":"product","link":"https:\/\/luviaflowers.com\/?product=beton-saksida-haworthia-ve-kalanchoe-teraryum","title":{"rendered":"Beton Saks\u0131da Haworthia ve Kalanchoe Teraryum"},"content":{"rendered":"","protected":false},"excerpt":{"rendered":"<h4>\u00dcr\u00fcn Detaylar\u0131<\/h4>\n<div>&#8211; Haworthia ve Kalanchoe bitkileriyle zenginle\u015ftirilmi\u015f, do\u011fal bir g\u00f6r\u00fcn\u00fcm sa\u011flar.<\/div>\n<div>&#8211; \u0130\u00e7 mekan dekorasyonuna modern ve \u015f\u0131k bir dokunu\u015f katar.<\/div>\n<div>&#8211; Bak\u0131m\u0131 kolayd\u0131r; az su ile sa\u011fl\u0131kl\u0131 kalabilirler.<\/div>\n<div>&#8211; Teraryumun beton yap\u0131s\u0131 sayesinde nem seviyesini korur ve bitkilerin ihtiya\u00e7 duydu\u011fu nemi sa\u011flar.<\/div>\n<div>\n<div>Saks\u0131 \u00d6l\u00e7\u00fcleri: 15 x 6 cm<\/p>\n<p>\u00d6NEML\u0130 NOT: Saks\u0131 tamamen el yap\u0131m\u0131 oldu\u011fu i\u00e7in kusurlar bar\u0131nd\u0131rabilir.<\/p>\n<\/div>\n<div>\u00d6NEML\u0130 NOT: Stok durumuna g\u00f6re kalanchoe bitkisinin renginde farkl\u0131l\u0131k g\u00f6r\u00fclebilmektedir.<\/div>\n<\/div>\n","protected":false},"featured_media":10061,"template":"","meta":{"postBodyCss":"","postBodyMargin":[],"postBodyPadding":[],"postBodyBackground":{"backgroundType":"classic","gradient":""}},"product_brand":[],"product_cat":[120,105,126],"product_tag":[],"class_list":{"0":"post-10060","1":"product","2":"type-product","3":"status-publish","4":"has-post-thumbnail","6":"product_cat-kaktusler","7":"product_cat-saksi-cicekler","8":"product_cat-tum-urunlerimiz","10":"first","11":"instock","12":"sale","13":"shipping-taxable","14":"purchasable","15":"product-type-simple"},"_links":{"self":[{"href":"https:\/\/luviaflowers.com\/index.php?rest_route=\/wp\/v2\/product\/10060","targetHints":{"allow":["GET"]}}],"collection":[{"href":"https:\/\/luviaflowers.com\/index.php?rest_route=\/wp\/v2\/product"}],"about":[{"href":"https:\/\/luviaflowers.com\/index.php?rest_route=\/wp\/v2\/types\/product"}],"wp:featuredmedia":[{"embeddable":true,"href":"https:\/\/luviaflowers.com\/index.php?rest_route=\/wp\/v2\/media\/10061"}],"wp:attachment":[{"href":"https:\/\/luviaflowers.com\/index.php?rest_route=%2Fwp%2Fv2%2Fmedia&parent=10060"}],"wp:term":[{"taxonomy":"product_brand","embeddable":true,"href":"https:\/\/luviaflowers.com\/index.php?rest_route=%2Fwp%2Fv2%2Fproduct_brand&post=10060"},{"taxonomy":"product_cat","embeddable":true,"href":"https:\/\/luviaflowers.com\/index.php?rest_route=%2Fwp%2Fv2%2Fproduct_cat&post=10060"},{"taxonomy":"product_tag","embeddable":true,"href":"https:\/\/luviaflowers.com\/index.php?rest_route=%2Fwp%2Fv2%2Fproduct_tag&post=10060"}],"curies":[{"name":"wp","href":"https:\/\/api.w.org\/{rel}","templated":true}]}}