{"id":10071,"date":"2025-07-08T09:19:15","date_gmt":"2025-07-08T09:19:15","guid":{"rendered":"https:\/\/luviaflowers.com\/?post_type=product&#038;p=10071"},"modified":"2025-09-01T13:58:32","modified_gmt":"2025-09-01T13:58:32","slug":"forever-white","status":"publish","type":"product","link":"https:\/\/luviaflowers.com\/?product=forever-white","title":{"rendered":"Forever White"},"content":{"rendered":"","protected":false},"excerpt":{"rendered":"<h4>\u00dcr\u00fcn Detaylar\u0131<\/h4>\n<p>Beyaz g\u00fcl, \u00c7ubukta limon ve ruskus ferahl\u0131k veren kokusu ve g\u00f6r\u00fcnt\u00fcs\u00fc ile Forever White aranjman\u0131nda! Sevdikleriniz bu aranjman ile \u00e7ok \u00f6zel hissedecek!<\/p>\n<p>9 adet athena beyaz g\u00fcl, ruskus, \u00e7ubukta limon bulunmaktad\u0131r.<\/p>\n<p>Paketlenmi\u015f hali 30-45 cmdir.<\/p>\n<p>\u00dcr\u00fcn ambalaj\u0131 benzer renk tonlar\u0131nda de\u011fi\u015fkenlik g\u00f6sterebilir.<\/p>\n","protected":false},"featured_media":10072,"template":"","meta":{"postBodyCss":"","postBodyMargin":[],"postBodyPadding":[],"postBodyBackground":{"backgroundType":"classic","gradient":""}},"product_brand":[],"product_cat":[121,106,126],"product_tag":[],"class_list":{"0":"post-10071","1":"product","2":"type-product","3":"status-publish","4":"has-post-thumbnail","6":"product_cat-butik-buketler","7":"product_cat-tasarim-cicekler","8":"product_cat-tum-urunlerimiz","10":"first","11":"instock","12":"shipping-taxable","13":"purchasable","14":"product-type-simple"},"_links":{"self":[{"href":"https:\/\/luviaflowers.com\/index.php?rest_route=\/wp\/v2\/product\/10071","targetHints":{"allow":["GET"]}}],"collection":[{"href":"https:\/\/luviaflowers.com\/index.php?rest_route=\/wp\/v2\/product"}],"about":[{"href":"https:\/\/luviaflowers.com\/index.php?rest_route=\/wp\/v2\/types\/product"}],"wp:featuredmedia":[{"embeddable":true,"href":"https:\/\/luviaflowers.com\/index.php?rest_route=\/wp\/v2\/media\/10072"}],"wp:attachment":[{"href":"https:\/\/luviaflowers.com\/index.php?rest_route=%2Fwp%2Fv2%2Fmedia&parent=10071"}],"wp:term":[{"taxonomy":"product_brand","embeddable":true,"href":"https:\/\/luviaflowers.com\/index.php?rest_route=%2Fwp%2Fv2%2Fproduct_brand&post=10071"},{"taxonomy":"product_cat","embeddable":true,"href":"https:\/\/luviaflowers.com\/index.php?rest_route=%2Fwp%2Fv2%2Fproduct_cat&post=10071"},{"taxonomy":"product_tag","embeddable":true,"href":"https:\/\/luviaflowers.com\/index.php?rest_route=%2Fwp%2Fv2%2Fproduct_tag&post=10071"}],"curies":[{"name":"wp","href":"https:\/\/api.w.org\/{rel}","templated":true}]}}