{"id":10081,"date":"2025-07-15T08:41:12","date_gmt":"2025-07-15T08:41:12","guid":{"rendered":"https:\/\/luviaflowers.com\/?post_type=product&#038;p=10081"},"modified":"2025-09-01T13:58:21","modified_gmt":"2025-09-01T13:58:21","slug":"premium-kutuda-zarif-pembe-buket","status":"publish","type":"product","link":"https:\/\/luviaflowers.com\/?product=premium-kutuda-zarif-pembe-buket","title":{"rendered":"Premium Kutuda Zarif Pembe Buket"},"content":{"rendered":"","protected":false},"excerpt":{"rendered":"<p>Pembe G\u00fcl ve cipso \u00e7i\u00e7ekleri ile hazirlanmis zarif el buketi<br \/>\nPastel pembe t\u00fcltinci detay.<br \/>\nG\u00f6r\u00fcnenden daha b\u00fcy\u00fck bir kutuda 10 adet olarak hazirlanmaktadir.<\/p>\n","protected":false},"featured_media":10082,"template":"","meta":{"postBodyCss":"","postBodyMargin":[],"postBodyPadding":[],"postBodyBackground":{"backgroundType":"classic","gradient":""}},"product_brand":[],"product_cat":[101,113,126],"product_tag":[],"class_list":{"0":"post-10081","1":"product","2":"type-product","3":"status-publish","4":"has-post-thumbnail","6":"product_cat-buketler","7":"product_cat-premium-buketler","8":"product_cat-tum-urunlerimiz","10":"first","11":"instock","12":"shipping-taxable","13":"purchasable","14":"product-type-simple"},"_links":{"self":[{"href":"https:\/\/luviaflowers.com\/index.php?rest_route=\/wp\/v2\/product\/10081","targetHints":{"allow":["GET"]}}],"collection":[{"href":"https:\/\/luviaflowers.com\/index.php?rest_route=\/wp\/v2\/product"}],"about":[{"href":"https:\/\/luviaflowers.com\/index.php?rest_route=\/wp\/v2\/types\/product"}],"wp:featuredmedia":[{"embeddable":true,"href":"https:\/\/luviaflowers.com\/index.php?rest_route=\/wp\/v2\/media\/10082"}],"wp:attachment":[{"href":"https:\/\/luviaflowers.com\/index.php?rest_route=%2Fwp%2Fv2%2Fmedia&parent=10081"}],"wp:term":[{"taxonomy":"product_brand","embeddable":true,"href":"https:\/\/luviaflowers.com\/index.php?rest_route=%2Fwp%2Fv2%2Fproduct_brand&post=10081"},{"taxonomy":"product_cat","embeddable":true,"href":"https:\/\/luviaflowers.com\/index.php?rest_route=%2Fwp%2Fv2%2Fproduct_cat&post=10081"},{"taxonomy":"product_tag","embeddable":true,"href":"https:\/\/luviaflowers.com\/index.php?rest_route=%2Fwp%2Fv2%2Fproduct_tag&post=10081"}],"curies":[{"name":"wp","href":"https:\/\/api.w.org\/{rel}","templated":true}]}}