{"id":10086,"date":"2025-07-15T08:53:13","date_gmt":"2025-07-15T08:53:13","guid":{"rendered":"https:\/\/luviaflowers.com\/?post_type=product&#038;p=10086"},"modified":"2025-09-22T09:18:45","modified_gmt":"2025-09-22T09:18:45","slug":"yuvarlak-kucuk-pembe-kutuda-macaronlu-pembe-gul-2","status":"publish","type":"product","link":"https:\/\/luviaflowers.com\/?product=yuvarlak-kucuk-pembe-kutuda-macaronlu-pembe-gul-2","title":{"rendered":"Yuvarlak K\u00fc\u00e7\u00fck Pembe Kutuda Macaronlu Pembe G\u00fcl"},"content":{"rendered":"","protected":false},"excerpt":{"rendered":"<p>Sevdiklerinizi mutlu etmek i\u00e7in bir birinden g\u00fczel ithal g\u00fcllerimiz ile macaronlar Yuvarlak K\u00fc\u00e7\u00fck Pembe kutumuzda bulu\u015ftu. G\u00fcller ve macaronlar\u0131n harika uyumu sevdiklerinizi ve onu mutlu etmenin en g\u00fczel yolu.<\/p>\n","protected":false},"featured_media":10087,"template":"","meta":{"postBodyCss":"","postBodyMargin":[],"postBodyPadding":[],"postBodyBackground":{"backgroundType":"classic","gradient":""}},"product_brand":[],"product_cat":[115,103,126],"product_tag":[],"class_list":{"0":"post-10086","1":"product","2":"type-product","3":"status-publish","4":"has-post-thumbnail","6":"product_cat-kalpli-kutular","7":"product_cat-kutuda-guller","8":"product_cat-tum-urunlerimiz","10":"first","11":"instock","12":"sale","13":"shipping-taxable","14":"purchasable","15":"product-type-simple"},"_links":{"self":[{"href":"https:\/\/luviaflowers.com\/index.php?rest_route=\/wp\/v2\/product\/10086","targetHints":{"allow":["GET"]}}],"collection":[{"href":"https:\/\/luviaflowers.com\/index.php?rest_route=\/wp\/v2\/product"}],"about":[{"href":"https:\/\/luviaflowers.com\/index.php?rest_route=\/wp\/v2\/types\/product"}],"wp:featuredmedia":[{"embeddable":true,"href":"https:\/\/luviaflowers.com\/index.php?rest_route=\/wp\/v2\/media\/10087"}],"wp:attachment":[{"href":"https:\/\/luviaflowers.com\/index.php?rest_route=%2Fwp%2Fv2%2Fmedia&parent=10086"}],"wp:term":[{"taxonomy":"product_brand","embeddable":true,"href":"https:\/\/luviaflowers.com\/index.php?rest_route=%2Fwp%2Fv2%2Fproduct_brand&post=10086"},{"taxonomy":"product_cat","embeddable":true,"href":"https:\/\/luviaflowers.com\/index.php?rest_route=%2Fwp%2Fv2%2Fproduct_cat&post=10086"},{"taxonomy":"product_tag","embeddable":true,"href":"https:\/\/luviaflowers.com\/index.php?rest_route=%2Fwp%2Fv2%2Fproduct_tag&post=10086"}],"curies":[{"name":"wp","href":"https:\/\/api.w.org\/{rel}","templated":true}]}}