{"id":10088,"date":"2025-07-15T09:14:08","date_gmt":"2025-07-15T09:14:08","guid":{"rendered":"https:\/\/luviaflowers.com\/?post_type=product&#038;p=10088"},"modified":"2025-09-01T13:57:10","modified_gmt":"2025-09-01T13:57:10","slug":"luvia-kutuda-guller","status":"publish","type":"product","link":"https:\/\/luviaflowers.com\/?product=luvia-kutuda-guller","title":{"rendered":"Luvia Kutuda G\u00fcller"},"content":{"rendered":"","protected":false},"excerpt":{"rendered":"<p>Luvia Flowers fark\u0131yla kutuda g\u00fcller,\u00f6zenle se\u00e7ilmi\u015f g\u00fcller ile haz\u0131rlanm\u0131\u015f g\u00fcl kutusu.<\/p>\n","protected":false},"featured_media":10089,"template":"","meta":{"postBodyCss":"","postBodyMargin":[],"postBodyPadding":[],"postBodyBackground":{"backgroundType":"classic","gradient":""}},"product_brand":[],"product_cat":[114,103,126],"product_tag":[],"class_list":{"0":"post-10088","1":"product","2":"type-product","3":"status-publish","4":"has-post-thumbnail","6":"product_cat-dev-kutular","7":"product_cat-kutuda-guller","8":"product_cat-tum-urunlerimiz","10":"first","11":"instock","12":"shipping-taxable","13":"purchasable","14":"product-type-simple"},"_links":{"self":[{"href":"https:\/\/luviaflowers.com\/index.php?rest_route=\/wp\/v2\/product\/10088","targetHints":{"allow":["GET"]}}],"collection":[{"href":"https:\/\/luviaflowers.com\/index.php?rest_route=\/wp\/v2\/product"}],"about":[{"href":"https:\/\/luviaflowers.com\/index.php?rest_route=\/wp\/v2\/types\/product"}],"wp:featuredmedia":[{"embeddable":true,"href":"https:\/\/luviaflowers.com\/index.php?rest_route=\/wp\/v2\/media\/10089"}],"wp:attachment":[{"href":"https:\/\/luviaflowers.com\/index.php?rest_route=%2Fwp%2Fv2%2Fmedia&parent=10088"}],"wp:term":[{"taxonomy":"product_brand","embeddable":true,"href":"https:\/\/luviaflowers.com\/index.php?rest_route=%2Fwp%2Fv2%2Fproduct_brand&post=10088"},{"taxonomy":"product_cat","embeddable":true,"href":"https:\/\/luviaflowers.com\/index.php?rest_route=%2Fwp%2Fv2%2Fproduct_cat&post=10088"},{"taxonomy":"product_tag","embeddable":true,"href":"https:\/\/luviaflowers.com\/index.php?rest_route=%2Fwp%2Fv2%2Fproduct_tag&post=10088"}],"curies":[{"name":"wp","href":"https:\/\/api.w.org\/{rel}","templated":true}]}}