{"id":10094,"date":"2025-07-17T06:45:57","date_gmt":"2025-07-17T06:45:57","guid":{"rendered":"https:\/\/luviaflowers.com\/?post_type=product&#038;p=10094"},"modified":"2025-09-01T13:56:42","modified_gmt":"2025-09-01T13:56:42","slug":"premium-kalpli-kutu-kirmizi-gul","status":"publish","type":"product","link":"https:\/\/luviaflowers.com\/?product=premium-kalpli-kutu-kirmizi-gul","title":{"rendered":"Premium Kalpli Kutu K\u0131rm\u0131z\u0131 G\u00fcl"},"content":{"rendered":"","protected":false},"excerpt":{"rendered":"<p>\u00d6zel anlar i\u00e7in Kalp \u015feklinde siyah kutuda 13,25,35 adet g\u00fcl se\u00e7enekleri ile<br \/>\nSade ve sik, kutu \u00fczerinde gold LUVIA etiketi.<\/p>\n","protected":false},"featured_media":10095,"template":"","meta":{"postBodyCss":"","postBodyMargin":[],"postBodyPadding":[],"postBodyBackground":{"backgroundType":"classic","gradient":""}},"product_brand":[],"product_cat":[115,103,126],"product_tag":[],"class_list":{"0":"post-10094","1":"product","2":"type-product","3":"status-publish","4":"has-post-thumbnail","6":"product_cat-kalpli-kutular","7":"product_cat-kutuda-guller","8":"product_cat-tum-urunlerimiz","10":"first","11":"instock","12":"shipping-taxable","13":"purchasable","14":"product-type-simple"},"_links":{"self":[{"href":"https:\/\/luviaflowers.com\/index.php?rest_route=\/wp\/v2\/product\/10094","targetHints":{"allow":["GET"]}}],"collection":[{"href":"https:\/\/luviaflowers.com\/index.php?rest_route=\/wp\/v2\/product"}],"about":[{"href":"https:\/\/luviaflowers.com\/index.php?rest_route=\/wp\/v2\/types\/product"}],"wp:featuredmedia":[{"embeddable":true,"href":"https:\/\/luviaflowers.com\/index.php?rest_route=\/wp\/v2\/media\/10095"}],"wp:attachment":[{"href":"https:\/\/luviaflowers.com\/index.php?rest_route=%2Fwp%2Fv2%2Fmedia&parent=10094"}],"wp:term":[{"taxonomy":"product_brand","embeddable":true,"href":"https:\/\/luviaflowers.com\/index.php?rest_route=%2Fwp%2Fv2%2Fproduct_brand&post=10094"},{"taxonomy":"product_cat","embeddable":true,"href":"https:\/\/luviaflowers.com\/index.php?rest_route=%2Fwp%2Fv2%2Fproduct_cat&post=10094"},{"taxonomy":"product_tag","embeddable":true,"href":"https:\/\/luviaflowers.com\/index.php?rest_route=%2Fwp%2Fv2%2Fproduct_tag&post=10094"}],"curies":[{"name":"wp","href":"https:\/\/api.w.org\/{rel}","templated":true}]}}