{"id":10103,"date":"2025-07-17T07:03:58","date_gmt":"2025-07-17T07:03:58","guid":{"rendered":"https:\/\/luviaflowers.com\/?post_type=product&#038;p=10103"},"modified":"2025-09-01T13:54:44","modified_gmt":"2025-09-01T13:54:44","slug":"dev-kirmizi-gul-buketi","status":"publish","type":"product","link":"https:\/\/luviaflowers.com\/?product=dev-kirmizi-gul-buketi","title":{"rendered":"Dev K\u0131rm\u0131z\u0131 G\u00fcl Buketi"},"content":{"rendered":"","protected":false},"excerpt":{"rendered":"<p>200 g\u00f6z al\u0131c\u0131 k\u0131rm\u0131z\u0131 g\u00fcl ve zarif Phalaenopsis orkidelerinden olu\u015fan etkileyici bir aranjmandan olu\u015fan \u0130ki Y\u00fcz\u00fcnc\u00fc Y\u0131l A\u015fk Buketimizle a\u015fk\u0131 g\u00f6rkemli bir \u015fekilde kutlay\u0131n. Tutkuyu, ba\u011fl\u0131l\u0131\u011f\u0131 ve zarif g\u00fczelli\u011fi yans\u0131tan bu zarif buket, \u00f6nemli g\u00fcnler i\u00e7in en ideal hediyedir.<\/p>\n","protected":false},"featured_media":10104,"template":"","meta":{"postBodyCss":"","postBodyMargin":[],"postBodyPadding":[],"postBodyBackground":{"backgroundType":"classic","gradient":""}},"product_brand":[],"product_cat":[101,102,113,126],"product_tag":[],"class_list":{"0":"post-10103","1":"product","2":"type-product","3":"status-publish","4":"has-post-thumbnail","6":"product_cat-buketler","7":"product_cat-gul-buketleri","8":"product_cat-premium-buketler","9":"product_cat-tum-urunlerimiz","11":"first","12":"instock","13":"shipping-taxable","14":"purchasable","15":"product-type-simple"},"_links":{"self":[{"href":"https:\/\/luviaflowers.com\/index.php?rest_route=\/wp\/v2\/product\/10103","targetHints":{"allow":["GET"]}}],"collection":[{"href":"https:\/\/luviaflowers.com\/index.php?rest_route=\/wp\/v2\/product"}],"about":[{"href":"https:\/\/luviaflowers.com\/index.php?rest_route=\/wp\/v2\/types\/product"}],"wp:featuredmedia":[{"embeddable":true,"href":"https:\/\/luviaflowers.com\/index.php?rest_route=\/wp\/v2\/media\/10104"}],"wp:attachment":[{"href":"https:\/\/luviaflowers.com\/index.php?rest_route=%2Fwp%2Fv2%2Fmedia&parent=10103"}],"wp:term":[{"taxonomy":"product_brand","embeddable":true,"href":"https:\/\/luviaflowers.com\/index.php?rest_route=%2Fwp%2Fv2%2Fproduct_brand&post=10103"},{"taxonomy":"product_cat","embeddable":true,"href":"https:\/\/luviaflowers.com\/index.php?rest_route=%2Fwp%2Fv2%2Fproduct_cat&post=10103"},{"taxonomy":"product_tag","embeddable":true,"href":"https:\/\/luviaflowers.com\/index.php?rest_route=%2Fwp%2Fv2%2Fproduct_tag&post=10103"}],"curies":[{"name":"wp","href":"https:\/\/api.w.org\/{rel}","templated":true}]}}