{"id":10105,"date":"2025-07-17T07:18:52","date_gmt":"2025-07-17T07:18:52","guid":{"rendered":"https:\/\/luviaflowers.com\/?post_type=product&#038;p=10105"},"modified":"2025-09-01T13:54:31","modified_gmt":"2025-09-01T13:54:31","slug":"mystic-bloom-buketi","status":"publish","type":"product","link":"https:\/\/luviaflowers.com\/?product=mystic-bloom-buketi","title":{"rendered":"Mystic Bloom Buketi"},"content":{"rendered":"","protected":false},"excerpt":{"rendered":"<p>Narin tonlar ve dokular\u0131 harmanlayan b\u00fcy\u00fcleyici bir aranjman olan Mystic Bloom buketinin cazibesini ke\u015ffedin. Canl\u0131 Pingpong Moru, yumu\u015fak Sprey G\u00fcl Pembesi ve zarif \u00e7i\u00e7ekleriyle b\u00fcy\u00fcleyici Sweet Revival&#8217;\u0131 i\u00e7eren bu buket, Mum Pembesi ve yemye\u015fil Ortanca Pembesi&#8217;nin zarif zarafetiyle zenginle\u015fiyor. Phalaenopsis Orkide Beyaz\u0131&#8217;n\u0131n saf g\u00fczelli\u011fiyle tamamlanan bu buket, b\u00fcy\u00fcleyici renkler ve sofistike bir \u00e7ekicili\u011fin uyumlu bir sergisini yarat\u0131yor.<\/p>\n","protected":false},"featured_media":10106,"template":"","meta":{"postBodyCss":"","postBodyMargin":[],"postBodyPadding":[],"postBodyBackground":{"backgroundType":"classic","gradient":""}},"product_brand":[],"product_cat":[101,112,113,126],"product_tag":[],"class_list":{"0":"post-10105","1":"product","2":"type-product","3":"status-publish","4":"has-post-thumbnail","6":"product_cat-buketler","7":"product_cat-diger-buketler","8":"product_cat-premium-buketler","9":"product_cat-tum-urunlerimiz","11":"first","12":"instock","13":"shipping-taxable","14":"purchasable","15":"product-type-simple"},"_links":{"self":[{"href":"https:\/\/luviaflowers.com\/index.php?rest_route=\/wp\/v2\/product\/10105","targetHints":{"allow":["GET"]}}],"collection":[{"href":"https:\/\/luviaflowers.com\/index.php?rest_route=\/wp\/v2\/product"}],"about":[{"href":"https:\/\/luviaflowers.com\/index.php?rest_route=\/wp\/v2\/types\/product"}],"wp:featuredmedia":[{"embeddable":true,"href":"https:\/\/luviaflowers.com\/index.php?rest_route=\/wp\/v2\/media\/10106"}],"wp:attachment":[{"href":"https:\/\/luviaflowers.com\/index.php?rest_route=%2Fwp%2Fv2%2Fmedia&parent=10105"}],"wp:term":[{"taxonomy":"product_brand","embeddable":true,"href":"https:\/\/luviaflowers.com\/index.php?rest_route=%2Fwp%2Fv2%2Fproduct_brand&post=10105"},{"taxonomy":"product_cat","embeddable":true,"href":"https:\/\/luviaflowers.com\/index.php?rest_route=%2Fwp%2Fv2%2Fproduct_cat&post=10105"},{"taxonomy":"product_tag","embeddable":true,"href":"https:\/\/luviaflowers.com\/index.php?rest_route=%2Fwp%2Fv2%2Fproduct_tag&post=10105"}],"curies":[{"name":"wp","href":"https:\/\/api.w.org\/{rel}","templated":true}]}}