{"id":10107,"date":"2025-07-17T07:24:26","date_gmt":"2025-07-17T07:24:26","guid":{"rendered":"https:\/\/luviaflowers.com\/?post_type=product&#038;p=10107"},"modified":"2025-09-01T13:54:07","modified_gmt":"2025-09-01T13:54:07","slug":"mavi-senfoni-vazo-aranjmani","status":"publish","type":"product","link":"https:\/\/luviaflowers.com\/?product=mavi-senfoni-vazo-aranjmani","title":{"rendered":"Mavi Senfoni Vazo Aranjman\u0131"},"content":{"rendered":"","protected":false},"excerpt":{"rendered":"<p>Bu b\u00fcy\u00fcleyici vazo aranjman\u0131, canl\u0131 ve dinamik bir dokunu\u015f katan g\u00f6z al\u0131c\u0131 mavi Delphinium&#8217;u i\u00e7eriyor. \u015e\u0131k, ye\u015fil Antoryumlarla tamamlanan aranjman, modern ve ferahlat\u0131c\u0131 bir kontrast sunuyor. Bembeyaz Ohara g\u00fclleri klasik bir g\u00fczellik ve zarafet katarken, Okalipt\u00fcs cinerea ise g\u00fcm\u00fc\u015f ye\u015fili yapraklar\u0131yla yumu\u015fak ve aromatik bir son dokunu\u015f sa\u011fl\u0131yor. Bu unsurlar bir araya geldi\u011finde, her \u00f6zel g\u00fcn\u00fc ger\u00e7ekten unutulmaz k\u0131lmak i\u00e7in m\u00fckemmel, sofistike ve b\u00fcy\u00fcleyici bir aranjman ortaya \u00e7\u0131k\u0131yor.<\/p>\n","protected":false},"featured_media":10108,"template":"","meta":{"postBodyCss":"","postBodyMargin":[],"postBodyPadding":[],"postBodyBackground":{"backgroundType":"classic","gradient":""}},"product_brand":[],"product_cat":[105,126],"product_tag":[],"class_list":{"0":"post-10107","1":"product","2":"type-product","3":"status-publish","4":"has-post-thumbnail","6":"product_cat-saksi-cicekler","7":"product_cat-tum-urunlerimiz","9":"first","10":"instock","11":"shipping-taxable","12":"purchasable","13":"product-type-simple"},"_links":{"self":[{"href":"https:\/\/luviaflowers.com\/index.php?rest_route=\/wp\/v2\/product\/10107","targetHints":{"allow":["GET"]}}],"collection":[{"href":"https:\/\/luviaflowers.com\/index.php?rest_route=\/wp\/v2\/product"}],"about":[{"href":"https:\/\/luviaflowers.com\/index.php?rest_route=\/wp\/v2\/types\/product"}],"wp:featuredmedia":[{"embeddable":true,"href":"https:\/\/luviaflowers.com\/index.php?rest_route=\/wp\/v2\/media\/10108"}],"wp:attachment":[{"href":"https:\/\/luviaflowers.com\/index.php?rest_route=%2Fwp%2Fv2%2Fmedia&parent=10107"}],"wp:term":[{"taxonomy":"product_brand","embeddable":true,"href":"https:\/\/luviaflowers.com\/index.php?rest_route=%2Fwp%2Fv2%2Fproduct_brand&post=10107"},{"taxonomy":"product_cat","embeddable":true,"href":"https:\/\/luviaflowers.com\/index.php?rest_route=%2Fwp%2Fv2%2Fproduct_cat&post=10107"},{"taxonomy":"product_tag","embeddable":true,"href":"https:\/\/luviaflowers.com\/index.php?rest_route=%2Fwp%2Fv2%2Fproduct_tag&post=10107"}],"curies":[{"name":"wp","href":"https:\/\/api.w.org\/{rel}","templated":true}]}}