{"id":10109,"date":"2025-07-17T07:28:31","date_gmt":"2025-07-17T07:28:31","guid":{"rendered":"https:\/\/luviaflowers.com\/?post_type=product&#038;p=10109"},"modified":"2025-09-01T13:53:54","modified_gmt":"2025-09-01T13:53:54","slug":"buyuleyici-surpriz","status":"publish","type":"product","link":"https:\/\/luviaflowers.com\/?product=buyuleyici-surpriz","title":{"rendered":"B\u00fcy\u00fcleyici S\u00fcrpriz"},"content":{"rendered":"","protected":false},"excerpt":{"rendered":"<p>Zarafet ve \u00e7ekicili\u011fin b\u00fcy\u00fcleyici bir kar\u0131\u015f\u0131m\u0131. Bu buket, yumu\u015fak leylak tonlar\u0131n\u0131 pembe g\u00fcllerin narin all\u0131\u011f\u0131, \u015feftali Gerberalar\u0131n\u0131n ne\u015feli canl\u0131l\u0131\u011f\u0131 ve Phalaenopsis orkidelerinin egzotik zarafetiyle birle\u015ftiriyor. Antoryumlar\u0131n zarif ye\u015fili, rustik kurutulmu\u015f Amaranthus ve Okalipt\u00fcs cinerea&#8217;n\u0131n taze, aromatik dokunu\u015fuyla vurgulanan bu aranjman, uyumlu ve g\u00f6rsel olarak \u00e7arp\u0131c\u0131 bir kompozisyon yarat\u0131yor. Her durum i\u00e7in m\u00fckemmel olan bu aranjman, keyif ve etki yaratmak i\u00e7in tasarland\u0131 ve ger\u00e7ekten unutulmaz bir hediye veya merkez par\u00e7as\u0131 haline geliyor.<\/p>\n","protected":false},"featured_media":10110,"template":"","meta":{"postBodyCss":"","postBodyMargin":[],"postBodyPadding":[],"postBodyBackground":{"backgroundType":"classic","gradient":""}},"product_brand":[],"product_cat":[105,126],"product_tag":[],"class_list":{"0":"post-10109","1":"product","2":"type-product","3":"status-publish","4":"has-post-thumbnail","6":"product_cat-saksi-cicekler","7":"product_cat-tum-urunlerimiz","9":"first","10":"instock","11":"shipping-taxable","12":"purchasable","13":"product-type-simple"},"_links":{"self":[{"href":"https:\/\/luviaflowers.com\/index.php?rest_route=\/wp\/v2\/product\/10109","targetHints":{"allow":["GET"]}}],"collection":[{"href":"https:\/\/luviaflowers.com\/index.php?rest_route=\/wp\/v2\/product"}],"about":[{"href":"https:\/\/luviaflowers.com\/index.php?rest_route=\/wp\/v2\/types\/product"}],"wp:featuredmedia":[{"embeddable":true,"href":"https:\/\/luviaflowers.com\/index.php?rest_route=\/wp\/v2\/media\/10110"}],"wp:attachment":[{"href":"https:\/\/luviaflowers.com\/index.php?rest_route=%2Fwp%2Fv2%2Fmedia&parent=10109"}],"wp:term":[{"taxonomy":"product_brand","embeddable":true,"href":"https:\/\/luviaflowers.com\/index.php?rest_route=%2Fwp%2Fv2%2Fproduct_brand&post=10109"},{"taxonomy":"product_cat","embeddable":true,"href":"https:\/\/luviaflowers.com\/index.php?rest_route=%2Fwp%2Fv2%2Fproduct_cat&post=10109"},{"taxonomy":"product_tag","embeddable":true,"href":"https:\/\/luviaflowers.com\/index.php?rest_route=%2Fwp%2Fv2%2Fproduct_tag&post=10109"}],"curies":[{"name":"wp","href":"https:\/\/api.w.org\/{rel}","templated":true}]}}