{"id":10113,"date":"2025-07-17T08:30:17","date_gmt":"2025-07-17T08:30:17","guid":{"rendered":"https:\/\/luviaflowers.com\/?post_type=product&#038;p=10113"},"modified":"2025-09-01T13:53:19","modified_gmt":"2025-09-01T13:53:19","slug":"gelin-buketi","status":"publish","type":"product","link":"https:\/\/luviaflowers.com\/?product=gelin-buketi","title":{"rendered":"Gelin Buketi"},"content":{"rendered":"","protected":false},"excerpt":{"rendered":"<p>Beyaz G\u00fcl Gala Orkide Gelin Buketi<\/p>\n<p>Beyaz ekvator g\u00fclleri, beyaz lisyantuslar, beyaz galalar, beyaz orkideler, beyaz \u015fakay\u0131klar ile haz\u0131rlanarak kurdelesinde inci detay\u0131na yer verilmi\u015ftir.<\/p>\n<p>Dilerseniz; gelin buketinizin s\u00fcsleme ve kurdele gibi detaylar\u0131 i\u00e7in kendi gelinlik kuma\u015f\u0131n\u0131zdan ya da dantellerinden getirebilirsiniz.<\/p>\n<p>D\u00fc\u011f\u00fcn&amp;Nikah tarihinizden ortalama bir hafta \u00f6nce sipari\u015f vermenizi rica ederiz.<\/p>\n<p>Sizin i\u00e7in mevsimin en g\u00fczel ve taze \u00e7i\u00e7eklerini her zaman \u00f6zenle se\u00e7iyoruz, bununla birlikte arajmanlar\u0131m\u0131z\u0131n i\u00e7erisindeki \u00e7i\u00e7ekler mevsime ve tasar\u0131m uygunlu\u011funa g\u00f6re hafif farkl\u0131l\u0131k g\u00f6sterebilmektedir.<\/p>\n<p>Olas\u0131 de\u011fi\u015fiklik durumunda sizinle ileti\u015fime ge\u00e7ilerek bilgilendirme yap\u0131yoruz.<\/p>\n","protected":false},"featured_media":10118,"template":"","meta":{"postBodyCss":"","postBodyMargin":[],"postBodyPadding":[],"postBodyBackground":{"backgroundType":"classic","gradient":""}},"product_brand":[],"product_cat":[101,112,99,126],"product_tag":[],"class_list":{"0":"post-10113","1":"product","2":"type-product","3":"status-publish","4":"has-post-thumbnail","6":"product_cat-buketler","7":"product_cat-diger-buketler","8":"product_cat-gonderim-amaci","9":"product_cat-tum-urunlerimiz","11":"first","12":"instock","13":"shipping-taxable","14":"purchasable","15":"product-type-simple"},"_links":{"self":[{"href":"https:\/\/luviaflowers.com\/index.php?rest_route=\/wp\/v2\/product\/10113","targetHints":{"allow":["GET"]}}],"collection":[{"href":"https:\/\/luviaflowers.com\/index.php?rest_route=\/wp\/v2\/product"}],"about":[{"href":"https:\/\/luviaflowers.com\/index.php?rest_route=\/wp\/v2\/types\/product"}],"wp:featuredmedia":[{"embeddable":true,"href":"https:\/\/luviaflowers.com\/index.php?rest_route=\/wp\/v2\/media\/10118"}],"wp:attachment":[{"href":"https:\/\/luviaflowers.com\/index.php?rest_route=%2Fwp%2Fv2%2Fmedia&parent=10113"}],"wp:term":[{"taxonomy":"product_brand","embeddable":true,"href":"https:\/\/luviaflowers.com\/index.php?rest_route=%2Fwp%2Fv2%2Fproduct_brand&post=10113"},{"taxonomy":"product_cat","embeddable":true,"href":"https:\/\/luviaflowers.com\/index.php?rest_route=%2Fwp%2Fv2%2Fproduct_cat&post=10113"},{"taxonomy":"product_tag","embeddable":true,"href":"https:\/\/luviaflowers.com\/index.php?rest_route=%2Fwp%2Fv2%2Fproduct_tag&post=10113"}],"curies":[{"name":"wp","href":"https:\/\/api.w.org\/{rel}","templated":true}]}}