{"id":10120,"date":"2025-07-17T08:44:59","date_gmt":"2025-07-17T08:44:59","guid":{"rendered":"https:\/\/luviaflowers.com\/?post_type=product&#038;p=10120"},"modified":"2025-09-01T13:53:04","modified_gmt":"2025-09-01T13:53:04","slug":"spatafilyum","status":"publish","type":"product","link":"https:\/\/luviaflowers.com\/?product=spatafilyum","title":{"rendered":"Spatafilyum"},"content":{"rendered":"","protected":false},"excerpt":{"rendered":"<p>&#8220;Spatafilyum&#8221; kelimesi genellikle <b>Spatifilyum<\/b> veya yayg\u0131n ad\u0131yla <b>Bar\u0131\u015f Zamba\u011f\u0131<\/b> bitkisini ifade eder. Bu, bak\u0131m\u0131 kolay ve ev dekorasyonunda s\u0131k\u00e7a tercih edilen, beyaz \u00e7i\u00e7ekli, zarif bir bitkidir.<\/p>\n","protected":false},"featured_media":10123,"template":"","meta":{"postBodyCss":"","postBodyMargin":[],"postBodyPadding":[],"postBodyBackground":{"backgroundType":"classic","gradient":""}},"product_brand":[],"product_cat":[105,126],"product_tag":[],"class_list":{"0":"post-10120","1":"product","2":"type-product","3":"status-publish","4":"has-post-thumbnail","6":"product_cat-saksi-cicekler","7":"product_cat-tum-urunlerimiz","9":"first","10":"instock","11":"shipping-taxable","12":"purchasable","13":"product-type-simple"},"_links":{"self":[{"href":"https:\/\/luviaflowers.com\/index.php?rest_route=\/wp\/v2\/product\/10120","targetHints":{"allow":["GET"]}}],"collection":[{"href":"https:\/\/luviaflowers.com\/index.php?rest_route=\/wp\/v2\/product"}],"about":[{"href":"https:\/\/luviaflowers.com\/index.php?rest_route=\/wp\/v2\/types\/product"}],"wp:featuredmedia":[{"embeddable":true,"href":"https:\/\/luviaflowers.com\/index.php?rest_route=\/wp\/v2\/media\/10123"}],"wp:attachment":[{"href":"https:\/\/luviaflowers.com\/index.php?rest_route=%2Fwp%2Fv2%2Fmedia&parent=10120"}],"wp:term":[{"taxonomy":"product_brand","embeddable":true,"href":"https:\/\/luviaflowers.com\/index.php?rest_route=%2Fwp%2Fv2%2Fproduct_brand&post=10120"},{"taxonomy":"product_cat","embeddable":true,"href":"https:\/\/luviaflowers.com\/index.php?rest_route=%2Fwp%2Fv2%2Fproduct_cat&post=10120"},{"taxonomy":"product_tag","embeddable":true,"href":"https:\/\/luviaflowers.com\/index.php?rest_route=%2Fwp%2Fv2%2Fproduct_tag&post=10120"}],"curies":[{"name":"wp","href":"https:\/\/api.w.org\/{rel}","templated":true}]}}