{"id":10125,"date":"2025-07-17T08:54:38","date_gmt":"2025-07-17T08:54:38","guid":{"rendered":"https:\/\/luviaflowers.com\/?post_type=product&#038;p=10125"},"modified":"2025-09-01T13:52:51","modified_gmt":"2025-09-01T13:52:51","slug":"papatya-buketi","status":"publish","type":"product","link":"https:\/\/luviaflowers.com\/?product=papatya-buketi","title":{"rendered":"Papatya Buketi"},"content":{"rendered":"","protected":false},"excerpt":{"rendered":"<p><b>Papatya Buketi<\/b> ile sadeli\u011fin ve ne\u015fenin saf g\u00fczelli\u011fini ke\u015ffedin. Bu b\u00fcy\u00fcleyici buket, taze a\u00e7m\u0131\u015f papatyalar\u0131n canl\u0131 beyaz yapraklar\u0131 ve g\u00fcne\u015f sar\u0131s\u0131 merkezleriyle dolup ta\u015f\u0131yor. Her bir \u00e7i\u00e7ek, masumiyetin ve yeni ba\u015flang\u0131\u00e7lar\u0131n sembol\u00fc olarak do\u011fan\u0131n huzurlu enerjisini yans\u0131t\u0131yor. Minimalist zarafeti ve i\u00e7 a\u00e7\u0131c\u0131 duru\u015fuyla <b>Papatya Buketi<\/b>, sevdiklerinize g\u00fcl\u00fcmseme getirmek, bir &#8216;te\u015fekk\u00fcr ederim&#8217; demek ya da sadece bulundu\u011funuz ortama ne\u015feli bir dokunu\u015f katmak i\u00e7in m\u00fckemmel bir se\u00e7imdir. \u0130ster sade bir cam vazoda sergileyin, ister rustik bir hediye olarak sunun, bu buket her zaman pozitif enerji yayacakt\u0131r.<\/p>\n","protected":false},"featured_media":10126,"template":"","meta":{"postBodyCss":"","postBodyMargin":[],"postBodyPadding":[],"postBodyBackground":{"backgroundType":"classic","gradient":""}},"product_brand":[],"product_cat":[101,111,126],"product_tag":[],"class_list":{"0":"post-10125","1":"product","2":"type-product","3":"status-publish","4":"has-post-thumbnail","6":"product_cat-buketler","7":"product_cat-papatya-buketleri","8":"product_cat-tum-urunlerimiz","10":"first","11":"instock","12":"shipping-taxable","13":"purchasable","14":"product-type-simple"},"_links":{"self":[{"href":"https:\/\/luviaflowers.com\/index.php?rest_route=\/wp\/v2\/product\/10125","targetHints":{"allow":["GET"]}}],"collection":[{"href":"https:\/\/luviaflowers.com\/index.php?rest_route=\/wp\/v2\/product"}],"about":[{"href":"https:\/\/luviaflowers.com\/index.php?rest_route=\/wp\/v2\/types\/product"}],"wp:featuredmedia":[{"embeddable":true,"href":"https:\/\/luviaflowers.com\/index.php?rest_route=\/wp\/v2\/media\/10126"}],"wp:attachment":[{"href":"https:\/\/luviaflowers.com\/index.php?rest_route=%2Fwp%2Fv2%2Fmedia&parent=10125"}],"wp:term":[{"taxonomy":"product_brand","embeddable":true,"href":"https:\/\/luviaflowers.com\/index.php?rest_route=%2Fwp%2Fv2%2Fproduct_brand&post=10125"},{"taxonomy":"product_cat","embeddable":true,"href":"https:\/\/luviaflowers.com\/index.php?rest_route=%2Fwp%2Fv2%2Fproduct_cat&post=10125"},{"taxonomy":"product_tag","embeddable":true,"href":"https:\/\/luviaflowers.com\/index.php?rest_route=%2Fwp%2Fv2%2Fproduct_tag&post=10125"}],"curies":[{"name":"wp","href":"https:\/\/api.w.org\/{rel}","templated":true}]}}