{"id":10128,"date":"2025-07-17T08:58:28","date_gmt":"2025-07-17T08:58:28","guid":{"rendered":"https:\/\/luviaflowers.com\/?post_type=product&#038;p=10128"},"modified":"2025-09-01T13:52:06","modified_gmt":"2025-09-01T13:52:06","slug":"monstera-deliciosa-deve-tabani","status":"publish","type":"product","link":"https:\/\/luviaflowers.com\/?product=monstera-deliciosa-deve-tabani","title":{"rendered":"Monstera Deliciosa (Deve Taban\u0131)"},"content":{"rendered":"","protected":false},"excerpt":{"rendered":"<p><b>Monstera Deliciosa<\/b>, nam-\u0131 di\u011fer <b>Deve Taban\u0131<\/b>, b\u00fcy\u00fck, parlak ye\u015fil ve kendine \u00f6zg\u00fc y\u0131rt\u0131k yapraklar\u0131yla ev dekorasyonuna tropikal bir hava katan pop\u00fcler bir i\u00e7 mekan bitkisidir. Bu egzotik g\u00fczellik, sadece estetik \u00e7ekicili\u011fiyle de\u011fil, ayn\u0131 zamanda hava temizleyici \u00f6zellikleriyle de bilinir. Bak\u0131m\u0131 nispeten kolay olan Monstera, do\u011fru ko\u015fullar sa\u011fland\u0131\u011f\u0131nda h\u0131zla b\u00fcy\u00fcyebilir ve evinizin en dikkat \u00e7ekici k\u00f6\u015felerinden birine d\u00f6n\u00fc\u015febilir. Geni\u015f yapraklar\u0131 ve t\u0131rman\u0131c\u0131 yap\u0131s\u0131yla, ya\u015fam alan\u0131n\u0131za canl\u0131l\u0131k ve do\u011fal bir doku katmak isteyenler i\u00e7in m\u00fckemmel bir se\u00e7imdir.<\/p>\n","protected":false},"featured_media":10129,"template":"","meta":{"postBodyCss":"","postBodyMargin":[],"postBodyPadding":[],"postBodyBackground":{"backgroundType":"classic","gradient":""}},"product_brand":[],"product_cat":[105,126],"product_tag":[],"class_list":{"0":"post-10128","1":"product","2":"type-product","3":"status-publish","4":"has-post-thumbnail","6":"product_cat-saksi-cicekler","7":"product_cat-tum-urunlerimiz","9":"first","10":"instock","11":"shipping-taxable","12":"purchasable","13":"product-type-simple"},"_links":{"self":[{"href":"https:\/\/luviaflowers.com\/index.php?rest_route=\/wp\/v2\/product\/10128","targetHints":{"allow":["GET"]}}],"collection":[{"href":"https:\/\/luviaflowers.com\/index.php?rest_route=\/wp\/v2\/product"}],"about":[{"href":"https:\/\/luviaflowers.com\/index.php?rest_route=\/wp\/v2\/types\/product"}],"wp:featuredmedia":[{"embeddable":true,"href":"https:\/\/luviaflowers.com\/index.php?rest_route=\/wp\/v2\/media\/10129"}],"wp:attachment":[{"href":"https:\/\/luviaflowers.com\/index.php?rest_route=%2Fwp%2Fv2%2Fmedia&parent=10128"}],"wp:term":[{"taxonomy":"product_brand","embeddable":true,"href":"https:\/\/luviaflowers.com\/index.php?rest_route=%2Fwp%2Fv2%2Fproduct_brand&post=10128"},{"taxonomy":"product_cat","embeddable":true,"href":"https:\/\/luviaflowers.com\/index.php?rest_route=%2Fwp%2Fv2%2Fproduct_cat&post=10128"},{"taxonomy":"product_tag","embeddable":true,"href":"https:\/\/luviaflowers.com\/index.php?rest_route=%2Fwp%2Fv2%2Fproduct_tag&post=10128"}],"curies":[{"name":"wp","href":"https:\/\/api.w.org\/{rel}","templated":true}]}}