{"id":10132,"date":"2025-07-17T09:05:53","date_gmt":"2025-07-17T09:05:53","guid":{"rendered":"https:\/\/luviaflowers.com\/?post_type=product&#038;p=10132"},"modified":"2025-09-01T13:51:50","modified_gmt":"2025-09-01T13:51:50","slug":"guzmania-saksida","status":"publish","type":"product","link":"https:\/\/luviaflowers.com\/?product=guzmania-saksida","title":{"rendered":"Guzmania Saks\u0131da"},"content":{"rendered":"","protected":false},"excerpt":{"rendered":"<p><b>Guzmania saks\u0131da<\/b>, evine canl\u0131l\u0131k ve egzotik bir dokunu\u015f katmak isteyenler i\u00e7in m\u00fckemmel bir se\u00e7imdir. Bromeliad ailesinden gelen bu \u00e7arp\u0131c\u0131 bitki, parlak ve g\u00f6steri\u015fli brakteleriyle (\u00e7i\u00e7ek benzeri renkli yapraklar\u0131) dikkat \u00e7eker. Genellikle k\u0131rm\u0131z\u0131, turuncu, sar\u0131 veya pembe tonlar\u0131nda olan bu brakteler, bitkinin ger\u00e7ek \u00e7i\u00e7ekleri minik ve g\u00f6steri\u015fsiz olsa da, uzun s\u00fcre rengini koruyarak dekorasyona s\u00fcrekli bir canl\u0131l\u0131k katar. Bak\u0131m\u0131 nispeten kolay olan Guzmania, do\u011frudan g\u00fcne\u015f \u0131\u015f\u0131\u011f\u0131ndan ho\u015flanmaz ve nemli ortamlar\u0131 sever. Az su ve parlak ama dolayl\u0131 \u0131\u015f\u0131kla, evinizde tropik bir cennet k\u00f6\u015fesi yaratman\u0131za yard\u0131mc\u0131 olur.<\/p>\n","protected":false},"featured_media":10135,"template":"","meta":{"postBodyCss":"","postBodyMargin":[],"postBodyPadding":[],"postBodyBackground":{"backgroundType":"classic","gradient":""}},"product_brand":[],"product_cat":[105,126],"product_tag":[],"class_list":{"0":"post-10132","1":"product","2":"type-product","3":"status-publish","4":"has-post-thumbnail","6":"product_cat-saksi-cicekler","7":"product_cat-tum-urunlerimiz","9":"first","10":"instock","11":"shipping-taxable","12":"purchasable","13":"product-type-simple"},"_links":{"self":[{"href":"https:\/\/luviaflowers.com\/index.php?rest_route=\/wp\/v2\/product\/10132","targetHints":{"allow":["GET"]}}],"collection":[{"href":"https:\/\/luviaflowers.com\/index.php?rest_route=\/wp\/v2\/product"}],"about":[{"href":"https:\/\/luviaflowers.com\/index.php?rest_route=\/wp\/v2\/types\/product"}],"wp:featuredmedia":[{"embeddable":true,"href":"https:\/\/luviaflowers.com\/index.php?rest_route=\/wp\/v2\/media\/10135"}],"wp:attachment":[{"href":"https:\/\/luviaflowers.com\/index.php?rest_route=%2Fwp%2Fv2%2Fmedia&parent=10132"}],"wp:term":[{"taxonomy":"product_brand","embeddable":true,"href":"https:\/\/luviaflowers.com\/index.php?rest_route=%2Fwp%2Fv2%2Fproduct_brand&post=10132"},{"taxonomy":"product_cat","embeddable":true,"href":"https:\/\/luviaflowers.com\/index.php?rest_route=%2Fwp%2Fv2%2Fproduct_cat&post=10132"},{"taxonomy":"product_tag","embeddable":true,"href":"https:\/\/luviaflowers.com\/index.php?rest_route=%2Fwp%2Fv2%2Fproduct_tag&post=10132"}],"curies":[{"name":"wp","href":"https:\/\/api.w.org\/{rel}","templated":true}]}}