{"id":10136,"date":"2025-07-17T09:13:55","date_gmt":"2025-07-17T09:13:55","guid":{"rendered":"https:\/\/luviaflowers.com\/?post_type=product&#038;p=10136"},"modified":"2025-09-01T13:51:21","modified_gmt":"2025-09-01T13:51:21","slug":"iki-dalli-beyaz-orkide-cicegi","status":"publish","type":"product","link":"https:\/\/luviaflowers.com\/?product=iki-dalli-beyaz-orkide-cicegi","title":{"rendered":"\u0130ki Dall\u0131 Beyaz Orkide \u00c7i\u00e7e\u011fi"},"content":{"rendered":"","protected":false},"excerpt":{"rendered":"<p>Zarafetin ve safl\u0131\u011f\u0131n simgesi <b>\u0130ki Dall\u0131 Beyaz Orkide \u00c7i\u00e7e\u011fi<\/b> ile evinize veya sevdiklerinizin ya\u015fam alan\u0131na sofistike bir dokunu\u015f kat\u0131n. Bu b\u00fcy\u00fcleyici orkide aranjman\u0131, narin beyaz \u00e7i\u00e7ekleriyle huzur ve dinginlik sa\u00e7arken, uzun \u00f6m\u00fcrl\u00fc yap\u0131s\u0131yla da g\u00f6z doldurur. \u015e\u0131k ve modern bir g\u00f6r\u00fcn\u00fcme sahip olan bu iki dall\u0131 orkide, \u00f6zel g\u00fcn kutlamalar\u0131 i\u00e7in m\u00fckemmel bir hediye se\u00e7ene\u011fi olmas\u0131n\u0131n yan\u0131 s\u0131ra, ofis ortamlar\u0131na veya evinizin her k\u00f6\u015fesine zarafet katacak ideal bir dekoratif unsurdur. Bak\u0131m\u0131 nispeten kolay olan bu zarif \u00e7i\u00e7ek, dolayl\u0131 \u0131\u015f\u0131\u011f\u0131 ve d\u00fczenli sulamay\u0131 severek, bulundu\u011fu ortama uzun s\u00fcre boyunca asil bir g\u00fczellik sunar.<\/p>\n","protected":false},"featured_media":10137,"template":"","meta":{"postBodyCss":"","postBodyMargin":[],"postBodyPadding":[],"postBodyBackground":{"backgroundType":"classic","gradient":""}},"product_brand":[],"product_cat":[104,119,105,126],"product_tag":[],"class_list":{"0":"post-10136","1":"product","2":"type-product","3":"status-publish","4":"has-post-thumbnail","6":"product_cat-orkideler","7":"product_cat-orkideler-saksi-cicekler","8":"product_cat-saksi-cicekler","9":"product_cat-tum-urunlerimiz","11":"first","12":"instock","13":"shipping-taxable","14":"purchasable","15":"product-type-simple"},"_links":{"self":[{"href":"https:\/\/luviaflowers.com\/index.php?rest_route=\/wp\/v2\/product\/10136","targetHints":{"allow":["GET"]}}],"collection":[{"href":"https:\/\/luviaflowers.com\/index.php?rest_route=\/wp\/v2\/product"}],"about":[{"href":"https:\/\/luviaflowers.com\/index.php?rest_route=\/wp\/v2\/types\/product"}],"wp:featuredmedia":[{"embeddable":true,"href":"https:\/\/luviaflowers.com\/index.php?rest_route=\/wp\/v2\/media\/10137"}],"wp:attachment":[{"href":"https:\/\/luviaflowers.com\/index.php?rest_route=%2Fwp%2Fv2%2Fmedia&parent=10136"}],"wp:term":[{"taxonomy":"product_brand","embeddable":true,"href":"https:\/\/luviaflowers.com\/index.php?rest_route=%2Fwp%2Fv2%2Fproduct_brand&post=10136"},{"taxonomy":"product_cat","embeddable":true,"href":"https:\/\/luviaflowers.com\/index.php?rest_route=%2Fwp%2Fv2%2Fproduct_cat&post=10136"},{"taxonomy":"product_tag","embeddable":true,"href":"https:\/\/luviaflowers.com\/index.php?rest_route=%2Fwp%2Fv2%2Fproduct_tag&post=10136"}],"curies":[{"name":"wp","href":"https:\/\/api.w.org\/{rel}","templated":true}]}}