{"id":10140,"date":"2025-07-17T09:32:45","date_gmt":"2025-07-17T09:32:45","guid":{"rendered":"https:\/\/luviaflowers.com\/?post_type=product&#038;p=10140"},"modified":"2025-09-01T13:48:50","modified_gmt":"2025-09-01T13:48:50","slug":"saksida-spatifilyum-baris-zambagi","status":"publish","type":"product","link":"https:\/\/luviaflowers.com\/?product=saksida-spatifilyum-baris-zambagi","title":{"rendered":"Saks\u0131da Spatifilyum (Bar\u0131\u015f Zamba\u011f\u0131)"},"content":{"rendered":"","protected":false},"excerpt":{"rendered":"<p>Evinize huzur ve do\u011fal bir zarafet katmak i\u00e7in ideal olan <b>Saks\u0131da Spatifilyum<\/b> ile tan\u0131\u015f\u0131n. Halk aras\u0131nda <b>Bar\u0131\u015f Zamba\u011f\u0131<\/b> olarak bilinen bu g\u00f6z al\u0131c\u0131 bitki, parlak ye\u015fil yapraklar\u0131 ve zarif beyaz \u00e7i\u00e7ekleriyle her ortama dingin bir atmosfer sunar. Hava temizleyici \u00f6zellikleriyle de bilinen Spatifilyum, ya\u015fam alan\u0131n\u0131z\u0131n havas\u0131n\u0131 tazelerken, \u015f\u0131k ve modern g\u00f6r\u00fcn\u00fcm\u00fcyle dekorasyonunuza estetik bir dokunu\u015f ekler. Bak\u0131m\u0131 olduk\u00e7a kolay olan bu bitki, dolayl\u0131 \u0131\u015f\u0131\u011f\u0131 ve d\u00fczenli sulamay\u0131 sever, b\u00f6ylece bitki bak\u0131m\u0131 konusunda yeni olanlar i\u00e7in bile harika bir se\u00e7imdir. Saks\u0131s\u0131yla birlikte sunulan Spatifilyum, hem kendiniz hem de sevdikleriniz i\u00e7in anlaml\u0131 ve kal\u0131c\u0131 bir hediye alternatifi sunar.<\/p>\n","protected":false},"featured_media":10143,"template":"","meta":{"postBodyCss":"","postBodyMargin":[],"postBodyPadding":[],"postBodyBackground":{"backgroundType":"classic","gradient":""}},"product_brand":[],"product_cat":[105,126],"product_tag":[],"class_list":{"0":"post-10140","1":"product","2":"type-product","3":"status-publish","4":"has-post-thumbnail","6":"product_cat-saksi-cicekler","7":"product_cat-tum-urunlerimiz","9":"first","10":"instock","11":"shipping-taxable","12":"purchasable","13":"product-type-simple"},"_links":{"self":[{"href":"https:\/\/luviaflowers.com\/index.php?rest_route=\/wp\/v2\/product\/10140","targetHints":{"allow":["GET"]}}],"collection":[{"href":"https:\/\/luviaflowers.com\/index.php?rest_route=\/wp\/v2\/product"}],"about":[{"href":"https:\/\/luviaflowers.com\/index.php?rest_route=\/wp\/v2\/types\/product"}],"wp:featuredmedia":[{"embeddable":true,"href":"https:\/\/luviaflowers.com\/index.php?rest_route=\/wp\/v2\/media\/10143"}],"wp:attachment":[{"href":"https:\/\/luviaflowers.com\/index.php?rest_route=%2Fwp%2Fv2%2Fmedia&parent=10140"}],"wp:term":[{"taxonomy":"product_brand","embeddable":true,"href":"https:\/\/luviaflowers.com\/index.php?rest_route=%2Fwp%2Fv2%2Fproduct_brand&post=10140"},{"taxonomy":"product_cat","embeddable":true,"href":"https:\/\/luviaflowers.com\/index.php?rest_route=%2Fwp%2Fv2%2Fproduct_cat&post=10140"},{"taxonomy":"product_tag","embeddable":true,"href":"https:\/\/luviaflowers.com\/index.php?rest_route=%2Fwp%2Fv2%2Fproduct_tag&post=10140"}],"curies":[{"name":"wp","href":"https:\/\/api.w.org\/{rel}","templated":true}]}}