{"id":10145,"date":"2025-07-17T09:45:21","date_gmt":"2025-07-17T09:45:21","guid":{"rendered":"https:\/\/luviaflowers.com\/?post_type=product&#038;p=10145"},"modified":"2025-09-01T13:48:36","modified_gmt":"2025-09-01T13:48:36","slug":"kraft-cantada-8-kirmizi-gul-ve-ayicik","status":"publish","type":"product","link":"https:\/\/luviaflowers.com\/?product=kraft-cantada-8-kirmizi-gul-ve-ayicik","title":{"rendered":"Kraft \u00c7antada 8 K\u0131rm\u0131z\u0131 G\u00fcl ve Ay\u0131c\u0131k"},"content":{"rendered":"","protected":false},"excerpt":{"rendered":"<p>Sevgiyi ve s\u0131cakl\u0131\u011f\u0131 en \u00f6zel \u015fekilde ifade etmek isteyenler i\u00e7in <b>Kraft \u00c7antada 8 K\u0131rm\u0131z\u0131 G\u00fcl ve Ay\u0131c\u0131k<\/b> harika bir se\u00e7im. Tutkunun ve derin duygular\u0131n sembol\u00fc <b>8 adet taze k\u0131rm\u0131z\u0131 g\u00fcl<\/b>, do\u011fal ve \u015f\u0131k bir <b>kraft \u00e7anta<\/b> i\u00e7inde sunulur. Bu zarif aranjmana e\u015flik eden sevimli <b>ay\u0131c\u0131k<\/b>, hediyenize masumiyet ve samimiyet kat\u0131yor.<\/p>\n<p>Do\u011fum g\u00fcnleri, y\u0131ld\u00f6n\u00fcmleri, Sevgililer G\u00fcn\u00fc veya sadece &#8220;seni seviyorum&#8221; demek i\u00e7in m\u00fckemmel olan bu set, al\u0131c\u0131s\u0131na unutulmaz bir mutluluk ya\u015fat\u0131r. G\u00fcllerin b\u00fcy\u00fcleyici kokusu ve ay\u0131c\u0131\u011f\u0131n s\u0131cak duru\u015fuyla bu \u00f6zel hediye, ak\u0131lda kal\u0131c\u0131 bir izlenim b\u0131rakacakt\u0131r.<\/p>\n","protected":false},"featured_media":10148,"template":"","meta":{"postBodyCss":"","postBodyMargin":[],"postBodyPadding":[],"postBodyBackground":{"backgroundType":"classic","gradient":""}},"product_brand":[],"product_cat":[99,103,126],"product_tag":[],"class_list":{"0":"post-10145","1":"product","2":"type-product","3":"status-publish","4":"has-post-thumbnail","6":"product_cat-gonderim-amaci","7":"product_cat-kutuda-guller","8":"product_cat-tum-urunlerimiz","10":"first","11":"instock","12":"shipping-taxable","13":"purchasable","14":"product-type-simple"},"_links":{"self":[{"href":"https:\/\/luviaflowers.com\/index.php?rest_route=\/wp\/v2\/product\/10145","targetHints":{"allow":["GET"]}}],"collection":[{"href":"https:\/\/luviaflowers.com\/index.php?rest_route=\/wp\/v2\/product"}],"about":[{"href":"https:\/\/luviaflowers.com\/index.php?rest_route=\/wp\/v2\/types\/product"}],"wp:featuredmedia":[{"embeddable":true,"href":"https:\/\/luviaflowers.com\/index.php?rest_route=\/wp\/v2\/media\/10148"}],"wp:attachment":[{"href":"https:\/\/luviaflowers.com\/index.php?rest_route=%2Fwp%2Fv2%2Fmedia&parent=10145"}],"wp:term":[{"taxonomy":"product_brand","embeddable":true,"href":"https:\/\/luviaflowers.com\/index.php?rest_route=%2Fwp%2Fv2%2Fproduct_brand&post=10145"},{"taxonomy":"product_cat","embeddable":true,"href":"https:\/\/luviaflowers.com\/index.php?rest_route=%2Fwp%2Fv2%2Fproduct_cat&post=10145"},{"taxonomy":"product_tag","embeddable":true,"href":"https:\/\/luviaflowers.com\/index.php?rest_route=%2Fwp%2Fv2%2Fproduct_tag&post=10145"}],"curies":[{"name":"wp","href":"https:\/\/api.w.org\/{rel}","templated":true}]}}