{"id":10150,"date":"2025-07-17T10:03:30","date_gmt":"2025-07-17T10:03:30","guid":{"rendered":"https:\/\/luviaflowers.com\/?post_type=product&#038;p=10150"},"modified":"2025-09-01T13:48:17","modified_gmt":"2025-09-01T13:48:17","slug":"buketli-saksida-guzmania","status":"publish","type":"product","link":"https:\/\/luviaflowers.com\/?product=buketli-saksida-guzmania","title":{"rendered":"Buketli Saks\u0131da Guzmania"},"content":{"rendered":"","protected":false},"excerpt":{"rendered":"<p>G\u00f6z al\u0131c\u0131 ve egzotik bir g\u00fczellik arayanlar i\u00e7in <b>Buketli Saks\u0131da Guzmania<\/b>, evinizi veya ofisinizi renklendirmenin en \u015f\u0131k yolu! Tropikal bir atmosfer yaratan bu canl\u0131 bitki, parlak k\u0131rm\u0131z\u0131, turuncu veya sar\u0131 tonlardaki g\u00f6steri\u015fli brakteleriyle (\u00e7i\u00e7ek benzeri renkli yapraklar\u0131) dikkat \u00e7eker. Saks\u0131 i\u00e7erisinde sunulan Guzmania, bulundu\u011fu ortama an\u0131nda tropikal bir dokunu\u015f katarak enerjiyi y\u00fckseltir. Bak\u0131m\u0131 kolay olan bu bitki, parlak ama do\u011frudan olmayan \u0131\u015f\u0131\u011f\u0131 ve d\u00fczenli sulamay\u0131 sever. Uzun s\u00fcre boyunca g\u00f6z al\u0131c\u0131 rengini koruyarak, her mevsimde evinize ne\u015fe ve canl\u0131l\u0131k getirecek e\u015fsiz bir dekoratif \u00f6\u011fedir.<\/p>\n","protected":false},"featured_media":10151,"template":"","meta":{"postBodyCss":"","postBodyMargin":[],"postBodyPadding":[],"postBodyBackground":{"backgroundType":"classic","gradient":""}},"product_brand":[],"product_cat":[105,126],"product_tag":[],"class_list":{"0":"post-10150","1":"product","2":"type-product","3":"status-publish","4":"has-post-thumbnail","6":"product_cat-saksi-cicekler","7":"product_cat-tum-urunlerimiz","9":"first","10":"instock","11":"shipping-taxable","12":"purchasable","13":"product-type-simple"},"_links":{"self":[{"href":"https:\/\/luviaflowers.com\/index.php?rest_route=\/wp\/v2\/product\/10150","targetHints":{"allow":["GET"]}}],"collection":[{"href":"https:\/\/luviaflowers.com\/index.php?rest_route=\/wp\/v2\/product"}],"about":[{"href":"https:\/\/luviaflowers.com\/index.php?rest_route=\/wp\/v2\/types\/product"}],"wp:featuredmedia":[{"embeddable":true,"href":"https:\/\/luviaflowers.com\/index.php?rest_route=\/wp\/v2\/media\/10151"}],"wp:attachment":[{"href":"https:\/\/luviaflowers.com\/index.php?rest_route=%2Fwp%2Fv2%2Fmedia&parent=10150"}],"wp:term":[{"taxonomy":"product_brand","embeddable":true,"href":"https:\/\/luviaflowers.com\/index.php?rest_route=%2Fwp%2Fv2%2Fproduct_brand&post=10150"},{"taxonomy":"product_cat","embeddable":true,"href":"https:\/\/luviaflowers.com\/index.php?rest_route=%2Fwp%2Fv2%2Fproduct_cat&post=10150"},{"taxonomy":"product_tag","embeddable":true,"href":"https:\/\/luviaflowers.com\/index.php?rest_route=%2Fwp%2Fv2%2Fproduct_tag&post=10150"}],"curies":[{"name":"wp","href":"https:\/\/api.w.org\/{rel}","templated":true}]}}