{"id":10233,"date":"2025-07-22T19:49:27","date_gmt":"2025-07-22T19:49:27","guid":{"rendered":"https:\/\/luviaflowers.com\/?post_type=product&#038;p=10233"},"modified":"2025-09-01T13:47:41","modified_gmt":"2025-09-01T13:47:41","slug":"pembe-ve-sari-kurdeleli-cam-vazoda-7-pembe-gul","status":"publish","type":"product","link":"https:\/\/luviaflowers.com\/?product=pembe-ve-sari-kurdeleli-cam-vazoda-7-pembe-gul","title":{"rendered":"Pembe ve Sar\u0131 Kurdeleli Cam Vazoda 7 Pembe G\u00fcl"},"content":{"rendered":"","protected":false},"excerpt":{"rendered":"<p>Zarafeti ve ne\u015feyi bir araya getiren bu \u00f6zel aranjmanla sevdiklerinize g\u00fcl\u00fcc\u00fckler g\u00f6nderin! <b>Pembe ve sar\u0131 kurdelelerle s\u00fcslenmi\u015f cam vazoda 7 adet taze pembe g\u00fcl<\/b>, sevginizi en tatl\u0131 \u015fekilde ifade etmenin m\u00fckemmel yolu. Pembe g\u00fcllerin narin g\u00fczelli\u011fi, sar\u0131 kurdelenin pozitif enerjisiyle bulu\u015farak her ortama s\u0131cakl\u0131k ve canl\u0131l\u0131k kat\u0131yor. Do\u011fum g\u00fcnleri, anneler g\u00fcn\u00fc veya sadece &#8220;Seni d\u00fc\u015f\u00fcn\u00fcyorum&#8221; demek istedi\u011finiz anlar i\u00e7in ideal bir hediye.<\/p>\n","protected":false},"featured_media":10234,"template":"","meta":{"postBodyCss":"","postBodyMargin":[],"postBodyPadding":[],"postBodyBackground":{"backgroundType":"classic","gradient":""}},"product_brand":[],"product_cat":[101,102,126],"product_tag":[],"class_list":{"0":"post-10233","1":"product","2":"type-product","3":"status-publish","4":"has-post-thumbnail","6":"product_cat-buketler","7":"product_cat-gul-buketleri","8":"product_cat-tum-urunlerimiz","10":"first","11":"instock","12":"shipping-taxable","13":"purchasable","14":"product-type-simple"},"_links":{"self":[{"href":"https:\/\/luviaflowers.com\/index.php?rest_route=\/wp\/v2\/product\/10233","targetHints":{"allow":["GET"]}}],"collection":[{"href":"https:\/\/luviaflowers.com\/index.php?rest_route=\/wp\/v2\/product"}],"about":[{"href":"https:\/\/luviaflowers.com\/index.php?rest_route=\/wp\/v2\/types\/product"}],"wp:featuredmedia":[{"embeddable":true,"href":"https:\/\/luviaflowers.com\/index.php?rest_route=\/wp\/v2\/media\/10234"}],"wp:attachment":[{"href":"https:\/\/luviaflowers.com\/index.php?rest_route=%2Fwp%2Fv2%2Fmedia&parent=10233"}],"wp:term":[{"taxonomy":"product_brand","embeddable":true,"href":"https:\/\/luviaflowers.com\/index.php?rest_route=%2Fwp%2Fv2%2Fproduct_brand&post=10233"},{"taxonomy":"product_cat","embeddable":true,"href":"https:\/\/luviaflowers.com\/index.php?rest_route=%2Fwp%2Fv2%2Fproduct_cat&post=10233"},{"taxonomy":"product_tag","embeddable":true,"href":"https:\/\/luviaflowers.com\/index.php?rest_route=%2Fwp%2Fv2%2Fproduct_tag&post=10233"}],"curies":[{"name":"wp","href":"https:\/\/api.w.org\/{rel}","templated":true}]}}