{"id":10239,"date":"2025-07-22T19:51:52","date_gmt":"2025-07-22T19:51:52","guid":{"rendered":"https:\/\/luviaflowers.com\/?post_type=product&#038;p=10239"},"modified":"2025-09-01T13:47:26","modified_gmt":"2025-09-01T13:47:26","slug":"beyaz-papatya-cicek-buketi","status":"publish","type":"product","link":"https:\/\/luviaflowers.com\/?product=beyaz-papatya-cicek-buketi","title":{"rendered":"Beyaz Papatya \u00c7i\u00e7ek Buketi"},"content":{"rendered":"","protected":false},"excerpt":{"rendered":"<p>Safl\u0131\u011f\u0131n, masumiyetin ve ilkbahar\u0131n tazeli\u011finin sembol\u00fc olan <b>beyaz papatya \u00e7i\u00e7ek buketi<\/b> ile sevdiklerinize i\u00e7ten bir g\u00fcl\u00fcmseme hediye edin. Her bir papatya, kalpten gelen en saf duygular\u0131 f\u0131s\u0131ldar. Sadeli\u011fiyle g\u00f6z kama\u015ft\u0131ran ve her ortama ferahl\u0131k katan bu zarif buket, dostluk, umut ve yeni ba\u015flang\u0131\u00e7lar i\u00e7in m\u00fckemmel bir se\u00e7imdir. Onlar\u0131 mutlu etmek, &#8220;Seni seviyorum&#8221; demek ya da sadece g\u00fcnlerini ayd\u0131nlatmak istedi\u011finizde, papatyalar\u0131n b\u00fcy\u00fcl\u00fc dokunu\u015funa g\u00fcvenin.<\/p>\n","protected":false},"featured_media":10240,"template":"","meta":{"postBodyCss":"","postBodyMargin":[],"postBodyPadding":[],"postBodyBackground":{"backgroundType":"classic","gradient":""}},"product_brand":[],"product_cat":[101,111,126],"product_tag":[],"class_list":{"0":"post-10239","1":"product","2":"type-product","3":"status-publish","4":"has-post-thumbnail","6":"product_cat-buketler","7":"product_cat-papatya-buketleri","8":"product_cat-tum-urunlerimiz","10":"first","11":"instock","12":"shipping-taxable","13":"purchasable","14":"product-type-simple"},"_links":{"self":[{"href":"https:\/\/luviaflowers.com\/index.php?rest_route=\/wp\/v2\/product\/10239","targetHints":{"allow":["GET"]}}],"collection":[{"href":"https:\/\/luviaflowers.com\/index.php?rest_route=\/wp\/v2\/product"}],"about":[{"href":"https:\/\/luviaflowers.com\/index.php?rest_route=\/wp\/v2\/types\/product"}],"wp:featuredmedia":[{"embeddable":true,"href":"https:\/\/luviaflowers.com\/index.php?rest_route=\/wp\/v2\/media\/10240"}],"wp:attachment":[{"href":"https:\/\/luviaflowers.com\/index.php?rest_route=%2Fwp%2Fv2%2Fmedia&parent=10239"}],"wp:term":[{"taxonomy":"product_brand","embeddable":true,"href":"https:\/\/luviaflowers.com\/index.php?rest_route=%2Fwp%2Fv2%2Fproduct_brand&post=10239"},{"taxonomy":"product_cat","embeddable":true,"href":"https:\/\/luviaflowers.com\/index.php?rest_route=%2Fwp%2Fv2%2Fproduct_cat&post=10239"},{"taxonomy":"product_tag","embeddable":true,"href":"https:\/\/luviaflowers.com\/index.php?rest_route=%2Fwp%2Fv2%2Fproduct_tag&post=10239"}],"curies":[{"name":"wp","href":"https:\/\/api.w.org\/{rel}","templated":true}]}}