{"id":10245,"date":"2025-07-22T19:55:10","date_gmt":"2025-07-22T19:55:10","guid":{"rendered":"https:\/\/luviaflowers.com\/?post_type=product&#038;p=10245"},"modified":"2025-09-01T13:47:11","modified_gmt":"2025-09-01T13:47:11","slug":"beyaz-papatya-aranjmani","status":"publish","type":"product","link":"https:\/\/luviaflowers.com\/?product=beyaz-papatya-aranjmani","title":{"rendered":"Beyaz Papatya Aranjman\u0131"},"content":{"rendered":"","protected":false},"excerpt":{"rendered":"<p>Safl\u0131\u011f\u0131n ve masumiyetin zarafetini evinize ta\u015f\u0131y\u0131n! <b>Beyaz papatya aranjman\u0131<\/b>, ya\u015fam alanlar\u0131n\u0131za ferahl\u0131k ve dinginlik katmak i\u00e7in \u00f6zenle haz\u0131rland\u0131. Her bir papatya, kalpten gelen en saf duygular\u0131 ve yeni ba\u015flang\u0131\u00e7lar\u0131n umudunu f\u0131s\u0131ldar. Minimalist ve \u015f\u0131k tasar\u0131m\u0131yla her t\u00fcrl\u00fc dekorasyona kolayca uyum sa\u011flayan bu aranjman, hem kendiniz hem de sevdikleriniz i\u00e7in huzur veren, g\u00f6z al\u0131c\u0131 bir hediye se\u00e7ene\u011fidir.<\/p>\n","protected":false},"featured_media":10246,"template":"","meta":{"postBodyCss":"","postBodyMargin":[],"postBodyPadding":[],"postBodyBackground":{"backgroundType":"classic","gradient":""}},"product_brand":[],"product_cat":[105,126],"product_tag":[],"class_list":{"0":"post-10245","1":"product","2":"type-product","3":"status-publish","4":"has-post-thumbnail","6":"product_cat-saksi-cicekler","7":"product_cat-tum-urunlerimiz","9":"first","10":"instock","11":"shipping-taxable","12":"purchasable","13":"product-type-simple"},"_links":{"self":[{"href":"https:\/\/luviaflowers.com\/index.php?rest_route=\/wp\/v2\/product\/10245","targetHints":{"allow":["GET"]}}],"collection":[{"href":"https:\/\/luviaflowers.com\/index.php?rest_route=\/wp\/v2\/product"}],"about":[{"href":"https:\/\/luviaflowers.com\/index.php?rest_route=\/wp\/v2\/types\/product"}],"wp:featuredmedia":[{"embeddable":true,"href":"https:\/\/luviaflowers.com\/index.php?rest_route=\/wp\/v2\/media\/10246"}],"wp:attachment":[{"href":"https:\/\/luviaflowers.com\/index.php?rest_route=%2Fwp%2Fv2%2Fmedia&parent=10245"}],"wp:term":[{"taxonomy":"product_brand","embeddable":true,"href":"https:\/\/luviaflowers.com\/index.php?rest_route=%2Fwp%2Fv2%2Fproduct_brand&post=10245"},{"taxonomy":"product_cat","embeddable":true,"href":"https:\/\/luviaflowers.com\/index.php?rest_route=%2Fwp%2Fv2%2Fproduct_cat&post=10245"},{"taxonomy":"product_tag","embeddable":true,"href":"https:\/\/luviaflowers.com\/index.php?rest_route=%2Fwp%2Fv2%2Fproduct_tag&post=10245"}],"curies":[{"name":"wp","href":"https:\/\/api.w.org\/{rel}","templated":true}]}}