{"id":10253,"date":"2025-07-22T19:57:47","date_gmt":"2025-07-22T19:57:47","guid":{"rendered":"https:\/\/luviaflowers.com\/?post_type=product&#038;p=10253"},"modified":"2025-09-23T17:39:26","modified_gmt":"2025-09-23T17:39:26","slug":"kirmizi-gerberalar-cift-katli-celenk","status":"publish","type":"product","link":"https:\/\/luviaflowers.com\/?product=kirmizi-gerberalar-cift-katli-celenk","title":{"rendered":"K\u0131rm\u0131z\u0131 Gerberalar \u00c7ift Katl\u0131 \u00c7elenk"},"content":{"rendered":"","protected":false},"excerpt":{"rendered":"<p>K\u0131rm\u0131z\u0131n\u0131n t\u00fcm asaleti ve gerberan\u0131n co\u015fkusuyla tasarlanm\u0131\u015f bu <b>\u00e7ift katl\u0131 \u00e7elenk<\/b>, \u00f6zel anlar\u0131n\u0131za ihti\u015fam kat\u0131yor. G\u00f6z al\u0131c\u0131 <b>k\u0131rm\u0131z\u0131 gerberalar<\/b>, sevgiyi, tutkuyu ve sayg\u0131y\u0131 en g\u00fc\u00e7l\u00fc \u015fekilde ifade ederken, \u00e7ift katl\u0131 yap\u0131s\u0131yla etkileyici ve dikkat \u00e7ekici bir duru\u015f sergiliyor. T\u00f6renler, a\u00e7\u0131l\u0131\u015flar veya \u00f6nemli kutlamalar i\u00e7in ideal olan bu \u00e7elenk, mesaj\u0131n\u0131z\u0131 en g\u00f6rkemli bi\u00e7imde iletmenizi sa\u011flar.<\/p>\n","protected":false},"featured_media":10254,"template":"","meta":{"postBodyCss":"","postBodyMargin":[],"postBodyPadding":[],"postBodyBackground":{"backgroundType":"classic","gradient":""}},"product_brand":[],"product_cat":[132,126],"product_tag":[],"class_list":{"0":"post-10253","1":"product","2":"type-product","3":"status-publish","4":"has-post-thumbnail","6":"product_cat-celenk","7":"product_cat-tum-urunlerimiz","9":"first","10":"instock","11":"shipping-taxable","12":"purchasable","13":"product-type-simple"},"_links":{"self":[{"href":"https:\/\/luviaflowers.com\/index.php?rest_route=\/wp\/v2\/product\/10253","targetHints":{"allow":["GET"]}}],"collection":[{"href":"https:\/\/luviaflowers.com\/index.php?rest_route=\/wp\/v2\/product"}],"about":[{"href":"https:\/\/luviaflowers.com\/index.php?rest_route=\/wp\/v2\/types\/product"}],"wp:featuredmedia":[{"embeddable":true,"href":"https:\/\/luviaflowers.com\/index.php?rest_route=\/wp\/v2\/media\/10254"}],"wp:attachment":[{"href":"https:\/\/luviaflowers.com\/index.php?rest_route=%2Fwp%2Fv2%2Fmedia&parent=10253"}],"wp:term":[{"taxonomy":"product_brand","embeddable":true,"href":"https:\/\/luviaflowers.com\/index.php?rest_route=%2Fwp%2Fv2%2Fproduct_brand&post=10253"},{"taxonomy":"product_cat","embeddable":true,"href":"https:\/\/luviaflowers.com\/index.php?rest_route=%2Fwp%2Fv2%2Fproduct_cat&post=10253"},{"taxonomy":"product_tag","embeddable":true,"href":"https:\/\/luviaflowers.com\/index.php?rest_route=%2Fwp%2Fv2%2Fproduct_tag&post=10253"}],"curies":[{"name":"wp","href":"https:\/\/api.w.org\/{rel}","templated":true}]}}