{"id":10262,"date":"2025-07-22T20:04:04","date_gmt":"2025-07-22T20:04:04","guid":{"rendered":"https:\/\/luviaflowers.com\/?post_type=product&#038;p=10262"},"modified":"2025-09-01T13:46:25","modified_gmt":"2025-09-01T13:46:25","slug":"akvaryum-vazoda-kelebekli-pembe-lilyumlar","status":"publish","type":"product","link":"https:\/\/luviaflowers.com\/?product=akvaryum-vazoda-kelebekli-pembe-lilyumlar","title":{"rendered":"Akvaryum Vazoda Kelebekli Pembe Lilyumlar"},"content":{"rendered":"","protected":false},"excerpt":{"rendered":"<p>Zarafetin ve naifli\u011fin bulu\u015ftu\u011fu bu e\u015fsiz aranjmanla evinize bahar\u0131 ta\u015f\u0131y\u0131n! <b>Akvaryum vazoda sunulan pembe lilyumlar<\/b>, her bir yapra\u011f\u0131nda huzur f\u0131s\u0131ldarken, \u00fczerindeki narin <b>kelebek fig\u00fcr\u00fcyle<\/b> masals\u0131 bir atmosfer yarat\u0131yor. Lilyumlar\u0131n b\u00fcy\u00fcleyici kokusu ve pembenin romantik tonlar\u0131, ya\u015fam alanlar\u0131n\u0131za sofistike bir dokunu\u015f katacak. \u00d6zel g\u00fcnlerde sevdiklerinize unutulmaz bir hediye vermek veya kendi evinizde sakin ve \u015f\u0131k bir k\u00f6\u015fe yaratmak i\u00e7in idealdir. Bu aranjman, zarafeti ve ne\u015feyi bir arada arayanlar i\u00e7in m\u00fckemmel bir se\u00e7imdir.<\/p>\n","protected":false},"featured_media":10263,"template":"","meta":{"postBodyCss":"","postBodyMargin":[],"postBodyPadding":[],"postBodyBackground":{"backgroundType":"classic","gradient":""}},"product_brand":[],"product_cat":[101,105,126],"product_tag":[],"class_list":{"0":"post-10262","1":"product","2":"type-product","3":"status-publish","4":"has-post-thumbnail","6":"product_cat-buketler","7":"product_cat-saksi-cicekler","8":"product_cat-tum-urunlerimiz","10":"first","11":"instock","12":"shipping-taxable","13":"purchasable","14":"product-type-simple"},"_links":{"self":[{"href":"https:\/\/luviaflowers.com\/index.php?rest_route=\/wp\/v2\/product\/10262","targetHints":{"allow":["GET"]}}],"collection":[{"href":"https:\/\/luviaflowers.com\/index.php?rest_route=\/wp\/v2\/product"}],"about":[{"href":"https:\/\/luviaflowers.com\/index.php?rest_route=\/wp\/v2\/types\/product"}],"wp:featuredmedia":[{"embeddable":true,"href":"https:\/\/luviaflowers.com\/index.php?rest_route=\/wp\/v2\/media\/10263"}],"wp:attachment":[{"href":"https:\/\/luviaflowers.com\/index.php?rest_route=%2Fwp%2Fv2%2Fmedia&parent=10262"}],"wp:term":[{"taxonomy":"product_brand","embeddable":true,"href":"https:\/\/luviaflowers.com\/index.php?rest_route=%2Fwp%2Fv2%2Fproduct_brand&post=10262"},{"taxonomy":"product_cat","embeddable":true,"href":"https:\/\/luviaflowers.com\/index.php?rest_route=%2Fwp%2Fv2%2Fproduct_cat&post=10262"},{"taxonomy":"product_tag","embeddable":true,"href":"https:\/\/luviaflowers.com\/index.php?rest_route=%2Fwp%2Fv2%2Fproduct_tag&post=10262"}],"curies":[{"name":"wp","href":"https:\/\/api.w.org\/{rel}","templated":true}]}}