{"id":10267,"date":"2025-07-22T20:06:52","date_gmt":"2025-07-22T20:06:52","guid":{"rendered":"https:\/\/luviaflowers.com\/?post_type=product&#038;p=10267"},"modified":"2025-09-01T13:46:09","modified_gmt":"2025-09-01T13:46:09","slug":"kristal-cam-vazoda-5-kirmizi-gul-ve-beyaz-lilyum","status":"publish","type":"product","link":"https:\/\/luviaflowers.com\/?product=kristal-cam-vazoda-5-kirmizi-gul-ve-beyaz-lilyum","title":{"rendered":"Kristal Cam Vazoda 5 K\u0131rm\u0131z\u0131 G\u00fcl ve Beyaz Lilyum"},"content":{"rendered":"","protected":false},"excerpt":{"rendered":"<p>A\u015fk\u0131n ve zarafetin kusursuz uyumu bu \u00f6zel aranjmanda bulu\u015fuyor! <b>Kristal cam vazoda sunulan 5 adet tutkulu k\u0131rm\u0131z\u0131 g\u00fcl<\/b> ve <b>saf beyaz lilyumlar<\/b>, g\u00f6z al\u0131c\u0131 bir kontrast ve b\u00fcy\u00fcleyici bir koku \u015f\u00f6leni sunuyor. K\u0131rm\u0131z\u0131 g\u00fcllerin derin anlam\u0131, lilyumlar\u0131n asil duru\u015fuyla birle\u015ferek her ortama sofistike bir dokunu\u015f kat\u0131yor. Sevdiklerinize unutulmaz bir jest yapmak, \u00f6zel g\u00fcnleri ta\u00e7land\u0131rmak veya ya\u015fam alanlar\u0131n\u0131za estetik bir dokunu\u015f katmak i\u00e7in idealdir. Bu aranjman, hem g\u00f6rsel hem de duygusal bir \u015f\u00f6len vaat ediyor.<\/p>\n","protected":false},"featured_media":10268,"template":"","meta":{"postBodyCss":"","postBodyMargin":[],"postBodyPadding":[],"postBodyBackground":{"backgroundType":"classic","gradient":""}},"product_brand":[],"product_cat":[101,102,105,126],"product_tag":[],"class_list":{"0":"post-10267","1":"product","2":"type-product","3":"status-publish","4":"has-post-thumbnail","6":"product_cat-buketler","7":"product_cat-gul-buketleri","8":"product_cat-saksi-cicekler","9":"product_cat-tum-urunlerimiz","11":"first","12":"instock","13":"shipping-taxable","14":"purchasable","15":"product-type-simple"},"_links":{"self":[{"href":"https:\/\/luviaflowers.com\/index.php?rest_route=\/wp\/v2\/product\/10267","targetHints":{"allow":["GET"]}}],"collection":[{"href":"https:\/\/luviaflowers.com\/index.php?rest_route=\/wp\/v2\/product"}],"about":[{"href":"https:\/\/luviaflowers.com\/index.php?rest_route=\/wp\/v2\/types\/product"}],"wp:featuredmedia":[{"embeddable":true,"href":"https:\/\/luviaflowers.com\/index.php?rest_route=\/wp\/v2\/media\/10268"}],"wp:attachment":[{"href":"https:\/\/luviaflowers.com\/index.php?rest_route=%2Fwp%2Fv2%2Fmedia&parent=10267"}],"wp:term":[{"taxonomy":"product_brand","embeddable":true,"href":"https:\/\/luviaflowers.com\/index.php?rest_route=%2Fwp%2Fv2%2Fproduct_brand&post=10267"},{"taxonomy":"product_cat","embeddable":true,"href":"https:\/\/luviaflowers.com\/index.php?rest_route=%2Fwp%2Fv2%2Fproduct_cat&post=10267"},{"taxonomy":"product_tag","embeddable":true,"href":"https:\/\/luviaflowers.com\/index.php?rest_route=%2Fwp%2Fv2%2Fproduct_tag&post=10267"}],"curies":[{"name":"wp","href":"https:\/\/api.w.org\/{rel}","templated":true}]}}