{"id":10387,"date":"2025-07-25T07:15:06","date_gmt":"2025-07-25T07:15:06","guid":{"rendered":"https:\/\/luviaflowers.com\/?post_type=product&#038;p=10387"},"modified":"2025-09-22T09:16:41","modified_gmt":"2025-09-22T09:16:41","slug":"green-elegance-pembe-sanseveria","status":"publish","type":"product","link":"https:\/\/luviaflowers.com\/?product=green-elegance-pembe-sanseveria","title":{"rendered":"Green Elegance: Pembe Sanseveria"},"content":{"rendered":"","protected":false},"excerpt":{"rendered":"<p><b>Green Elegance: Pembe Sanseveria<\/b> ile tan\u0131\u015f\u0131n! Bu \u00f6zel bitki, <b>canl\u0131 pembe tonlardaki benzersiz yapraklar\u0131yla<\/b> evinize veya ofisinize an\u0131nda <b>modern ve zarif bir hava<\/b> kat\u0131yor.<\/p>\n<p>Sadece g\u00f6z al\u0131c\u0131 olmakla kalm\u0131yor, ayn\u0131 zamanda <b>havay\u0131 temizleme<\/b> \u00f6zelli\u011fine sahip. \u00dcstelik, <b>inan\u0131lmaz derecede dayan\u0131kl\u0131 ve bak\u0131m\u0131 \u00e7ok kolay<\/b>. \u0130ster deneyimli bir bitki sever olun ister yeni ba\u015flay\u0131n, bu \u00e7arp\u0131c\u0131 Sanseveria ya\u015fam alan\u0131n\u0131za <b>kolayca g\u00fczellik ve huzur<\/b> getirecek.<\/p>\n<p>Minimalist tasar\u0131m\u0131yla her k\u00f6\u015feye uyum sa\u011flar, uzun \u00f6mr\u00fcyle y\u0131llarca sizinle kal\u0131r. <b>Green Elegance: Pembe Sanseveria<\/b> ile mekanlar\u0131n\u0131za s\u0131rad\u0131\u015f\u0131 bir dokunu\u015f yap\u0131n.<\/p>\n","protected":false},"featured_media":10388,"template":"","meta":{"postBodyCss":"","postBodyMargin":[],"postBodyPadding":[],"postBodyBackground":{"backgroundType":"classic","gradient":""}},"product_brand":[],"product_cat":[101,99,103,104,105,106,126],"product_tag":[],"class_list":{"0":"post-10387","1":"product","2":"type-product","3":"status-publish","4":"has-post-thumbnail","6":"product_cat-buketler","7":"product_cat-gonderim-amaci","8":"product_cat-kutuda-guller","9":"product_cat-orkideler","10":"product_cat-saksi-cicekler","11":"product_cat-tasarim-cicekler","12":"product_cat-tum-urunlerimiz","14":"first","15":"onbackorder","16":"shipping-taxable","17":"purchasable","18":"product-type-simple"},"_links":{"self":[{"href":"https:\/\/luviaflowers.com\/index.php?rest_route=\/wp\/v2\/product\/10387","targetHints":{"allow":["GET"]}}],"collection":[{"href":"https:\/\/luviaflowers.com\/index.php?rest_route=\/wp\/v2\/product"}],"about":[{"href":"https:\/\/luviaflowers.com\/index.php?rest_route=\/wp\/v2\/types\/product"}],"wp:featuredmedia":[{"embeddable":true,"href":"https:\/\/luviaflowers.com\/index.php?rest_route=\/wp\/v2\/media\/10388"}],"wp:attachment":[{"href":"https:\/\/luviaflowers.com\/index.php?rest_route=%2Fwp%2Fv2%2Fmedia&parent=10387"}],"wp:term":[{"taxonomy":"product_brand","embeddable":true,"href":"https:\/\/luviaflowers.com\/index.php?rest_route=%2Fwp%2Fv2%2Fproduct_brand&post=10387"},{"taxonomy":"product_cat","embeddable":true,"href":"https:\/\/luviaflowers.com\/index.php?rest_route=%2Fwp%2Fv2%2Fproduct_cat&post=10387"},{"taxonomy":"product_tag","embeddable":true,"href":"https:\/\/luviaflowers.com\/index.php?rest_route=%2Fwp%2Fv2%2Fproduct_tag&post=10387"}],"curies":[{"name":"wp","href":"https:\/\/api.w.org\/{rel}","templated":true}]}}