{"id":10403,"date":"2025-07-25T07:46:22","date_gmt":"2025-07-25T07:46:22","guid":{"rendered":"https:\/\/luviaflowers.com\/?post_type=product&#038;p=10403"},"modified":"2025-11-06T13:00:55","modified_gmt":"2025-11-06T13:00:55","slug":"9lu-aycicegi-buketi","status":"publish","type":"product","link":"https:\/\/luviaflowers.com\/?product=9lu-aycicegi-buketi","title":{"rendered":"9&#8217;lu Ay\u00e7i\u00e7e\u011fi Buketi g\u00fcne\u015fin enerjisini sevdiklerinize g\u00f6nderin"},"content":{"rendered":"<p>g\u00fcne\u015fin s\u0131cakl\u0131\u011f\u0131n\u0131 ve mutlulu\u011funu yans\u0131tan dokuzlu ay\u00e7i\u00e7e\u011fi buketi sevdiklerinize enerji dolu bir hediye sunman\u0131n en do\u011fal yoludur.<\/p>\n<p>canl\u0131 sar\u0131 tonlar\u0131yla pozitif duygular uyand\u0131ran bu \u00f6zel buket do\u011fum g\u00fcn\u00fc tebrik sevgiller g\u00fcn\u00fc ya da sadece g\u00fcl\u00fcmsetsin dedi\u011finiz her an i\u00e7in m\u00fckemmel bir se\u00e7imdir<\/p>\n","protected":false},"excerpt":{"rendered":"<p><b>9&#8217;lu Ay\u00e7i\u00e7e\u011fi Buketi<\/b> ile evinize veya sevdiklerinizin y\u00fcz\u00fcne parlak bir g\u00fcl\u00fcmseme getirin! Bu g\u00f6z al\u0131c\u0131 buket, <b>dokuz adet canl\u0131 ve taze ay\u00e7i\u00e7e\u011fiyle<\/b> g\u00fcne\u015fin t\u00fcm ne\u015fesini ve enerjisini bir araya getiriyor.<\/p>\n<p>Ay\u00e7i\u00e7ekleri, <b>pozitifli\u011fi, mutlulu\u011fu ve uzun \u00f6m\u00fcrl\u00fcl\u00fc\u011f\u00fc<\/b> simgeler. Bu buket, i\u00e7 a\u00e7\u0131c\u0131 sar\u0131 tonlar\u0131yla her ortama an\u0131nda s\u0131cakl\u0131k ve ayd\u0131nl\u0131k katar. \u0130ster bir masay\u0131 \u015fenlendirin ister \u00f6zel bir g\u00fcn\u00fc kutlay\u0131n, bu buket her zaman dikkat \u00e7ekici ve anlaml\u0131 bir se\u00e7im olacakt\u0131r.<\/p>\n<p><b>9&#8217;lu Ay\u00e7i\u00e7e\u011fi Buketi<\/b>, tazeli\u011fi ve \u00e7arp\u0131c\u0131l\u0131\u011f\u0131yla sevdiklerinize unutulmaz bir hediye sunmak veya kendi ya\u015fam alan\u0131n\u0131z\u0131 an\u0131nda canland\u0131rmak i\u00e7in m\u00fckemmel bir yoldur. G\u00fcne\u015fin \u0131\u015f\u0131\u011f\u0131n\u0131 evinize ta\u015f\u0131y\u0131n!<\/p>\n","protected":false},"featured_media":10404,"template":"","meta":{"postBodyCss":"","postBodyMargin":[],"postBodyPadding":[],"postBodyBackground":{"backgroundType":"classic","gradient":""}},"product_brand":[],"product_cat":[101,112,126],"product_tag":[],"class_list":{"0":"post-10403","1":"product","2":"type-product","3":"status-publish","4":"has-post-thumbnail","6":"product_cat-buketler","7":"product_cat-diger-buketler","8":"product_cat-tum-urunlerimiz","10":"first","11":"instock","12":"shipping-taxable","13":"purchasable","14":"product-type-simple"},"_links":{"self":[{"href":"https:\/\/luviaflowers.com\/index.php?rest_route=\/wp\/v2\/product\/10403","targetHints":{"allow":["GET"]}}],"collection":[{"href":"https:\/\/luviaflowers.com\/index.php?rest_route=\/wp\/v2\/product"}],"about":[{"href":"https:\/\/luviaflowers.com\/index.php?rest_route=\/wp\/v2\/types\/product"}],"wp:featuredmedia":[{"embeddable":true,"href":"https:\/\/luviaflowers.com\/index.php?rest_route=\/wp\/v2\/media\/10404"}],"wp:attachment":[{"href":"https:\/\/luviaflowers.com\/index.php?rest_route=%2Fwp%2Fv2%2Fmedia&parent=10403"}],"wp:term":[{"taxonomy":"product_brand","embeddable":true,"href":"https:\/\/luviaflowers.com\/index.php?rest_route=%2Fwp%2Fv2%2Fproduct_brand&post=10403"},{"taxonomy":"product_cat","embeddable":true,"href":"https:\/\/luviaflowers.com\/index.php?rest_route=%2Fwp%2Fv2%2Fproduct_cat&post=10403"},{"taxonomy":"product_tag","embeddable":true,"href":"https:\/\/luviaflowers.com\/index.php?rest_route=%2Fwp%2Fv2%2Fproduct_tag&post=10403"}],"curies":[{"name":"wp","href":"https:\/\/api.w.org\/{rel}","templated":true}]}}