{"id":10408,"date":"2025-07-25T07:48:42","date_gmt":"2025-07-25T07:48:42","guid":{"rendered":"https:\/\/luviaflowers.com\/?post_type=product&#038;p=10408"},"modified":"2025-09-01T13:44:54","modified_gmt":"2025-09-01T13:44:54","slug":"beyaz-gul-ve-kokina-buketi","status":"publish","type":"product","link":"https:\/\/luviaflowers.com\/?product=beyaz-gul-ve-kokina-buketi","title":{"rendered":"Beyaz G\u00fcl ve Kokina Buketi"},"content":{"rendered":"","protected":false},"excerpt":{"rendered":"<p><b>Beyaz G\u00fcl ve Kokina Buketi<\/b> ile safl\u0131\u011f\u0131 ve yeni ba\u015flang\u0131\u00e7lar\u0131 kutlay\u0131n! Bu \u00f6zel aranjman, <b>asil beyaz g\u00fcllerin masumiyetini<\/b> ve <b>kokinan\u0131n \u015fans getiren, parlak k\u0131rm\u0131z\u0131 meyvelerini<\/b> bir araya getiriyor.<\/p>\n<p>Beyaz g\u00fcller zarafeti ve temizli\u011fi temsil ederken, kokina yeni y\u0131l umutlar\u0131n\u0131 ve mutlulu\u011fu simgeler. Bu buket, <b>zarif bir kontrast<\/b> olu\u015fturarak her ortama hem huzur hem de canl\u0131l\u0131k kat\u0131yor.<\/p>\n<p>\u0130ster \u00f6zel bir kutlama, ister bir ev hediyesi, isterse sadece sevdiklerinize anlaml\u0131 bir jest olsun, <b>Beyaz G\u00fcl ve Kokina Buketi<\/b> her zaman <b>etkileyici ve unutulmaz<\/b> bir se\u00e7imdir. Y\u0131l\u0131n her d\u00f6nemi i\u00e7in ideal olan bu buketle sevdiklerinize hem zarafeti hem de \u015fans\u0131 bir arada sunun.<\/p>\n","protected":false},"featured_media":10409,"template":"","meta":{"postBodyCss":"","postBodyMargin":[],"postBodyPadding":[],"postBodyBackground":{"backgroundType":"classic","gradient":""}},"product_brand":[],"product_cat":[101,112,126],"product_tag":[],"class_list":{"0":"post-10408","1":"product","2":"type-product","3":"status-publish","4":"has-post-thumbnail","6":"product_cat-buketler","7":"product_cat-diger-buketler","8":"product_cat-tum-urunlerimiz","10":"first","11":"instock","12":"shipping-taxable","13":"purchasable","14":"product-type-simple"},"_links":{"self":[{"href":"https:\/\/luviaflowers.com\/index.php?rest_route=\/wp\/v2\/product\/10408","targetHints":{"allow":["GET"]}}],"collection":[{"href":"https:\/\/luviaflowers.com\/index.php?rest_route=\/wp\/v2\/product"}],"about":[{"href":"https:\/\/luviaflowers.com\/index.php?rest_route=\/wp\/v2\/types\/product"}],"wp:featuredmedia":[{"embeddable":true,"href":"https:\/\/luviaflowers.com\/index.php?rest_route=\/wp\/v2\/media\/10409"}],"wp:attachment":[{"href":"https:\/\/luviaflowers.com\/index.php?rest_route=%2Fwp%2Fv2%2Fmedia&parent=10408"}],"wp:term":[{"taxonomy":"product_brand","embeddable":true,"href":"https:\/\/luviaflowers.com\/index.php?rest_route=%2Fwp%2Fv2%2Fproduct_brand&post=10408"},{"taxonomy":"product_cat","embeddable":true,"href":"https:\/\/luviaflowers.com\/index.php?rest_route=%2Fwp%2Fv2%2Fproduct_cat&post=10408"},{"taxonomy":"product_tag","embeddable":true,"href":"https:\/\/luviaflowers.com\/index.php?rest_route=%2Fwp%2Fv2%2Fproduct_tag&post=10408"}],"curies":[{"name":"wp","href":"https:\/\/api.w.org\/{rel}","templated":true}]}}