{"id":10412,"date":"2025-07-25T07:51:50","date_gmt":"2025-07-25T07:51:50","guid":{"rendered":"https:\/\/luviaflowers.com\/?post_type=product&#038;p=10412"},"modified":"2025-09-01T13:44:41","modified_gmt":"2025-09-01T13:44:41","slug":"kokina-buketi","status":"publish","type":"product","link":"https:\/\/luviaflowers.com\/?product=kokina-buketi","title":{"rendered":"Kokina buketi"},"content":{"rendered":"","protected":false},"excerpt":{"rendered":"<p><b>Kokina Buketi<\/b> ile evinize \u015fans, ne\u015fe ve y\u0131lba\u015f\u0131 ruhu kat\u0131n! Bu \u00f6zel buket, <b>parlak k\u0131rm\u0131z\u0131 meyveleri ve canl\u0131 ye\u015fil yapraklar\u0131yla<\/b> bilinen kokina bitkisinin b\u00fcy\u00fcl\u00fc g\u00fczelli\u011fini sunar.<\/p>\n<p>Geleneksel olarak yeni y\u0131l ve \u015fans\u0131n simgesi olan kokina, her ortama an\u0131nda <b>s\u0131cakl\u0131k ve pozitif enerji<\/b> yayar. Canl\u0131 k\u0131rm\u0131z\u0131 rengiyle g\u00f6z kama\u015ft\u0131ran bu buket, sadece dekoratif bir obje olman\u0131n \u00f6tesinde, sevdiklerinize <b>iyi dileklerinizi ve umutlar\u0131n\u0131z\u0131<\/b> ifade etmenin anlaml\u0131 bir yoludur.<\/p>\n<p><b>Kokina Buketi<\/b>, uzun s\u00fcre tazeli\u011fini koruyarak ya\u015fam alanlar\u0131n\u0131za ne\u015feli bir atmosfer katmaya devam eder. Y\u0131lba\u015f\u0131 kutlamalar\u0131, \u00f6zel g\u00fcnler veya sadece evinize ne\u015feli bir dokunu\u015f katmak i\u00e7in idealdir. Bu e\u015fsiz buketle evinize \u015fans ve g\u00fczellik getirin!<\/p>\n","protected":false},"featured_media":10413,"template":"","meta":{"postBodyCss":"","postBodyMargin":[],"postBodyPadding":[],"postBodyBackground":{"backgroundType":"classic","gradient":""}},"product_brand":[],"product_cat":[101,112,126],"product_tag":[],"class_list":{"0":"post-10412","1":"product","2":"type-product","3":"status-publish","4":"has-post-thumbnail","6":"product_cat-buketler","7":"product_cat-diger-buketler","8":"product_cat-tum-urunlerimiz","10":"first","11":"instock","12":"shipping-taxable","13":"purchasable","14":"product-type-simple"},"_links":{"self":[{"href":"https:\/\/luviaflowers.com\/index.php?rest_route=\/wp\/v2\/product\/10412","targetHints":{"allow":["GET"]}}],"collection":[{"href":"https:\/\/luviaflowers.com\/index.php?rest_route=\/wp\/v2\/product"}],"about":[{"href":"https:\/\/luviaflowers.com\/index.php?rest_route=\/wp\/v2\/types\/product"}],"wp:featuredmedia":[{"embeddable":true,"href":"https:\/\/luviaflowers.com\/index.php?rest_route=\/wp\/v2\/media\/10413"}],"wp:attachment":[{"href":"https:\/\/luviaflowers.com\/index.php?rest_route=%2Fwp%2Fv2%2Fmedia&parent=10412"}],"wp:term":[{"taxonomy":"product_brand","embeddable":true,"href":"https:\/\/luviaflowers.com\/index.php?rest_route=%2Fwp%2Fv2%2Fproduct_brand&post=10412"},{"taxonomy":"product_cat","embeddable":true,"href":"https:\/\/luviaflowers.com\/index.php?rest_route=%2Fwp%2Fv2%2Fproduct_cat&post=10412"},{"taxonomy":"product_tag","embeddable":true,"href":"https:\/\/luviaflowers.com\/index.php?rest_route=%2Fwp%2Fv2%2Fproduct_tag&post=10412"}],"curies":[{"name":"wp","href":"https:\/\/api.w.org\/{rel}","templated":true}]}}