{"id":10417,"date":"2025-07-25T07:54:52","date_gmt":"2025-07-25T07:54:52","guid":{"rendered":"https:\/\/luviaflowers.com\/?post_type=product&#038;p=10417"},"modified":"2025-09-01T13:44:28","modified_gmt":"2025-09-01T13:44:28","slug":"saksida-beyaz-spati","status":"publish","type":"product","link":"https:\/\/luviaflowers.com\/?product=saksida-beyaz-spati","title":{"rendered":"Saks\u0131da Beyaz Spati"},"content":{"rendered":"","protected":false},"excerpt":{"rendered":"<p><b>Saks\u0131da Beyaz Spati<\/b> ile evinize veya ofisinize <b>zarafet ve huzur<\/b> kat\u0131n! Beyaz\u0131n safl\u0131\u011f\u0131n\u0131 ve ye\u015filin ferahl\u0131\u011f\u0131n\u0131 bir araya getiren bu g\u00f6z al\u0131c\u0131 bitki, bilinen ad\u0131yla Bar\u0131\u015f \u00c7i\u00e7e\u011fi, <b>benzersiz beyaz \u00e7i\u00e7ekleri ve parlak ye\u015fil yapraklar\u0131yla<\/b> her ortama an\u0131nda sofistike bir dokunu\u015f sunar.<\/p>\n<p>Sadece estetik g\u00fczelli\u011fiyle de\u011fil, ayn\u0131 zamanda <b>havay\u0131 temizleme<\/b> \u00f6zelli\u011fiyle de \u00f6ne \u00e7\u0131kar. Bulundu\u011fu ortamdaki toksinleri filtreleyerek daha sa\u011fl\u0131kl\u0131 bir atmosfer yarat\u0131r. <b>Bak\u0131m\u0131 kolay ve dayan\u0131kl\u0131<\/b> yap\u0131s\u0131yla, bitki bakmaya yeni ba\u015flayanlar i\u00e7in bile m\u00fckemmel bir se\u00e7imdir.<\/p>\n<p>I\u015f\u0131kl\u0131 veya az \u0131\u015f\u0131kl\u0131 ortamlarda ya\u015fayabilen Spati, her k\u00f6\u015feye uyum sa\u011flayarak mekanlar\u0131n\u0131za <b>sakin ve dingin bir hava<\/b> getirir. Sevdiklerinize anlaml\u0131 bir hediye vermek veya kendi ya\u015fam alan\u0131n\u0131z\u0131 g\u00fczelle\u015ftirmek i\u00e7in <b>Saks\u0131da Beyaz Spati<\/b> ideal bir tercihtir.<\/p>\n","protected":false},"featured_media":10418,"template":"","meta":{"postBodyCss":"","postBodyMargin":[],"postBodyPadding":[],"postBodyBackground":{"backgroundType":"classic","gradient":""}},"product_brand":[],"product_cat":[15,101,99,103,104,105,106,126],"product_tag":[],"class_list":{"0":"post-10417","1":"product","2":"type-product","3":"status-publish","4":"has-post-thumbnail","6":"product_cat-genel","7":"product_cat-buketler","8":"product_cat-gonderim-amaci","9":"product_cat-kutuda-guller","10":"product_cat-orkideler","11":"product_cat-saksi-cicekler","12":"product_cat-tasarim-cicekler","13":"product_cat-tum-urunlerimiz","15":"first","16":"instock","17":"shipping-taxable","18":"purchasable","19":"product-type-simple"},"_links":{"self":[{"href":"https:\/\/luviaflowers.com\/index.php?rest_route=\/wp\/v2\/product\/10417","targetHints":{"allow":["GET"]}}],"collection":[{"href":"https:\/\/luviaflowers.com\/index.php?rest_route=\/wp\/v2\/product"}],"about":[{"href":"https:\/\/luviaflowers.com\/index.php?rest_route=\/wp\/v2\/types\/product"}],"wp:featuredmedia":[{"embeddable":true,"href":"https:\/\/luviaflowers.com\/index.php?rest_route=\/wp\/v2\/media\/10418"}],"wp:attachment":[{"href":"https:\/\/luviaflowers.com\/index.php?rest_route=%2Fwp%2Fv2%2Fmedia&parent=10417"}],"wp:term":[{"taxonomy":"product_brand","embeddable":true,"href":"https:\/\/luviaflowers.com\/index.php?rest_route=%2Fwp%2Fv2%2Fproduct_brand&post=10417"},{"taxonomy":"product_cat","embeddable":true,"href":"https:\/\/luviaflowers.com\/index.php?rest_route=%2Fwp%2Fv2%2Fproduct_cat&post=10417"},{"taxonomy":"product_tag","embeddable":true,"href":"https:\/\/luviaflowers.com\/index.php?rest_route=%2Fwp%2Fv2%2Fproduct_tag&post=10417"}],"curies":[{"name":"wp","href":"https:\/\/api.w.org\/{rel}","templated":true}]}}