{"id":10427,"date":"2025-07-25T08:50:24","date_gmt":"2025-07-25T08:50:24","guid":{"rendered":"https:\/\/luviaflowers.com\/?post_type=product&#038;p=10427"},"modified":"2025-09-01T13:32:42","modified_gmt":"2025-09-01T13:32:42","slug":"saksida-dieffenbachia-cicegi","status":"publish","type":"product","link":"https:\/\/luviaflowers.com\/?product=saksida-dieffenbachia-cicegi","title":{"rendered":"Saks\u0131da Dieffenbachia \u00c7i\u00e7e\u011fi"},"content":{"rendered":"","protected":false},"excerpt":{"rendered":"<p><b>Saks\u0131da Dieffenbachia \u00c7i\u00e7e\u011fi<\/b> ile evinize veya ofisinize <b>tropikal bir zarafet<\/b> kat\u0131n! B\u00fcy\u00fck, \u00e7arp\u0131c\u0131 yapraklar\u0131 ve \u00fczerindeki <b>beyaz veya krem rengi desenleriyle<\/b> dikkat \u00e7eken Dieffenbachia, bulundu\u011fu her ortama an\u0131nda <b>canl\u0131l\u0131k ve g\u00f6rsel \u00e7ekicilik<\/b> katar.<\/p>\n<p>Bu g\u00f6z al\u0131c\u0131 bitki, sadece estetik g\u00f6r\u00fcn\u00fcm\u00fcyle de\u011fil, ayn\u0131 zamanda <b>havay\u0131 nemlendirme<\/b> \u00f6zelli\u011fiyle de ya\u015fam alan\u0131n\u0131za fayda sa\u011flar. Bak\u0131m\u0131 olduk\u00e7a kolay olan Dieffenbachia, <b>orta \u0131\u015f\u0131k ko\u015fullar\u0131nda<\/b> bile sa\u011fl\u0131kl\u0131 bir \u015fekilde b\u00fcy\u00fcyebilir ve evde bitki yeti\u015ftirmeye yeni ba\u015flayanlar i\u00e7in bile ideal bir se\u00e7imdir.<\/p>\n<p><b>Saks\u0131da Dieffenbachia \u00c7i\u00e7e\u011fi<\/b>, salonunuza, \u00e7al\u0131\u015fma odan\u0131za ya da resepsiyon alan\u0131n\u0131za <b>modern ve do\u011fal bir dokunu\u015f<\/b> eklemek i\u00e7in m\u00fckemmeldir. Bu e\u015fsiz bitkiyle ya\u015fam alanlar\u0131n\u0131za hem stil hem de ye\u015fil bir ferahl\u0131k getirin.<\/p>\n","protected":false},"featured_media":10428,"template":"","meta":{"postBodyCss":"","postBodyMargin":[],"postBodyPadding":[],"postBodyBackground":{"backgroundType":"classic","gradient":""}},"product_brand":[],"product_cat":[119,105,126],"product_tag":[],"class_list":{"0":"post-10427","1":"product","2":"type-product","3":"status-publish","4":"has-post-thumbnail","6":"product_cat-orkideler-saksi-cicekler","7":"product_cat-saksi-cicekler","8":"product_cat-tum-urunlerimiz","10":"first","11":"instock","12":"shipping-taxable","13":"purchasable","14":"product-type-simple"},"_links":{"self":[{"href":"https:\/\/luviaflowers.com\/index.php?rest_route=\/wp\/v2\/product\/10427","targetHints":{"allow":["GET"]}}],"collection":[{"href":"https:\/\/luviaflowers.com\/index.php?rest_route=\/wp\/v2\/product"}],"about":[{"href":"https:\/\/luviaflowers.com\/index.php?rest_route=\/wp\/v2\/types\/product"}],"wp:featuredmedia":[{"embeddable":true,"href":"https:\/\/luviaflowers.com\/index.php?rest_route=\/wp\/v2\/media\/10428"}],"wp:attachment":[{"href":"https:\/\/luviaflowers.com\/index.php?rest_route=%2Fwp%2Fv2%2Fmedia&parent=10427"}],"wp:term":[{"taxonomy":"product_brand","embeddable":true,"href":"https:\/\/luviaflowers.com\/index.php?rest_route=%2Fwp%2Fv2%2Fproduct_brand&post=10427"},{"taxonomy":"product_cat","embeddable":true,"href":"https:\/\/luviaflowers.com\/index.php?rest_route=%2Fwp%2Fv2%2Fproduct_cat&post=10427"},{"taxonomy":"product_tag","embeddable":true,"href":"https:\/\/luviaflowers.com\/index.php?rest_route=%2Fwp%2Fv2%2Fproduct_tag&post=10427"}],"curies":[{"name":"wp","href":"https:\/\/api.w.org\/{rel}","templated":true}]}}