{"id":10432,"date":"2025-07-25T08:55:36","date_gmt":"2025-07-25T08:55:36","guid":{"rendered":"https:\/\/luviaflowers.com\/?post_type=product&#038;p=10432"},"modified":"2025-09-01T13:32:24","modified_gmt":"2025-09-01T13:32:24","slug":"gazete-desenli-buket-suslemeli-antoryum-bitkisi","status":"publish","type":"product","link":"https:\/\/luviaflowers.com\/?product=gazete-desenli-buket-suslemeli-antoryum-bitkisi","title":{"rendered":"Gazete Desenli Buket S\u00fcslemeli Antoryum Bitkisi"},"content":{"rendered":"","protected":false},"excerpt":{"rendered":"<p><b>Gazete Desenli Buket S\u00fcslemeli Antoryum Bitkisi<\/b> ile evinize modern ve sanatsal bir dokunu\u015f kat\u0131n! Bu \u00f6zel aranjman, <b>parlak ve kalp \u015feklindeki canl\u0131 Antoryum \u00e7i\u00e7eklerini<\/b>, \u015f\u0131k bir \u015fekilde <b>gazete desenli buket s\u00fcslemeyle<\/b> birle\u015ftiriyor.<\/p>\n<p>Antoryum, bilinen di\u011fer ad\u0131yla Flamingo \u00c7i\u00e7e\u011fi, <b>egzotik g\u00f6r\u00fcn\u00fcm\u00fc ve uzun \u00f6m\u00fcrl\u00fc \u00e7i\u00e7ekleriyle<\/b> tan\u0131n\u0131r. Bu \u00f6zel sunumda ise, geleneksel ile modernin harmanland\u0131\u011f\u0131, sanatsal bir ifade ortaya konulmu\u015ftur. Gazete deseni, bitkiye \u015fehirli ve trend bir hava katarken, Antoryum&#8217;un do\u011fal g\u00fczelli\u011fini \u00f6n plana \u00e7\u0131kar\u0131r.<\/p>\n<p>Hem <b>havay\u0131 temizleme<\/b> \u00f6zelli\u011fiyle ya\u015fam alan\u0131n\u0131za fayda sa\u011flar hem de <b>bak\u0131m\u0131 kolay<\/b> yap\u0131s\u0131yla her seviyeden bitki sever i\u00e7in idealdir. Evinizin giri\u015fine, salonunuza veya ofisinize <b>sofistike ve dikkat \u00e7ekici<\/b> bir ambiyans katmak i\u00e7in m\u00fckemmel bir se\u00e7imdir. <b>Gazete Desenli Buket S\u00fcslemeli Antoryum Bitkisi<\/b> ile fark yarat\u0131n!<\/p>\n","protected":false},"featured_media":10433,"template":"","meta":{"postBodyCss":"","postBodyMargin":[],"postBodyPadding":[],"postBodyBackground":{"backgroundType":"classic","gradient":""}},"product_brand":[],"product_cat":[121,99,103,105,106,126,122],"product_tag":[],"class_list":{"0":"post-10432","1":"product","2":"type-product","3":"status-publish","4":"has-post-thumbnail","6":"product_cat-butik-buketler","7":"product_cat-gonderim-amaci","8":"product_cat-kutuda-guller","9":"product_cat-saksi-cicekler","10":"product_cat-tasarim-cicekler","11":"product_cat-tum-urunlerimiz","12":"product_cat-yapay-cicekler","14":"first","15":"instock","16":"shipping-taxable","17":"purchasable","18":"product-type-simple"},"_links":{"self":[{"href":"https:\/\/luviaflowers.com\/index.php?rest_route=\/wp\/v2\/product\/10432","targetHints":{"allow":["GET"]}}],"collection":[{"href":"https:\/\/luviaflowers.com\/index.php?rest_route=\/wp\/v2\/product"}],"about":[{"href":"https:\/\/luviaflowers.com\/index.php?rest_route=\/wp\/v2\/types\/product"}],"wp:featuredmedia":[{"embeddable":true,"href":"https:\/\/luviaflowers.com\/index.php?rest_route=\/wp\/v2\/media\/10433"}],"wp:attachment":[{"href":"https:\/\/luviaflowers.com\/index.php?rest_route=%2Fwp%2Fv2%2Fmedia&parent=10432"}],"wp:term":[{"taxonomy":"product_brand","embeddable":true,"href":"https:\/\/luviaflowers.com\/index.php?rest_route=%2Fwp%2Fv2%2Fproduct_brand&post=10432"},{"taxonomy":"product_cat","embeddable":true,"href":"https:\/\/luviaflowers.com\/index.php?rest_route=%2Fwp%2Fv2%2Fproduct_cat&post=10432"},{"taxonomy":"product_tag","embeddable":true,"href":"https:\/\/luviaflowers.com\/index.php?rest_route=%2Fwp%2Fv2%2Fproduct_tag&post=10432"}],"curies":[{"name":"wp","href":"https:\/\/api.w.org\/{rel}","templated":true}]}}