{"id":10442,"date":"2025-07-25T09:35:48","date_gmt":"2025-07-25T09:35:48","guid":{"rendered":"https:\/\/luviaflowers.com\/?post_type=product&#038;p=10442"},"modified":"2025-09-22T09:14:40","modified_gmt":"2025-09-22T09:14:40","slug":"lila-buket-kagitli-beton-saksida-ciftli-beyaz-orkide","status":"publish","type":"product","link":"https:\/\/luviaflowers.com\/?product=lila-buket-kagitli-beton-saksida-ciftli-beyaz-orkide","title":{"rendered":"Lila Buket Ka\u011f\u0131tl\u0131 Beton Saks\u0131da \u00c7iftli Beyaz Orkide"},"content":{"rendered":"<p>ZARAFET\u0130N VE SADEN\u0130N \u015eIKLI\u011eI BEYAZ ORK\u0130DELER\u0130M\u0130Z<\/p>\n<p>\u0130THAL OLUP UZUN \u00d6M\u00dcRL\u00dcD\u00dcR<\/p>\n","protected":false},"excerpt":{"rendered":"<p><b>Lila Buket Ka\u011f\u0131tl\u0131 Beton Saks\u0131da \u00c7iftli Beyaz Orkide<\/b> ile evinize veya sevdiklerinize <b>zarafet ve modern bir dokunu\u015f<\/b> kat\u0131n! Bu e\u015fsiz aranjman, <b>iki adet bembeyaz ve g\u00f6z al\u0131c\u0131 orkidenin<\/b> huzur veren g\u00fczelli\u011fini, <b>\u015f\u0131k lila renkli buket ka\u011f\u0131d\u0131<\/b> ile sar\u0131lm\u0131\u015f <b>modern beton saks\u0131n\u0131n<\/b> minimalist duru\u015fuyla birle\u015ftiriyor.<\/p>\n<p>Beyaz orkideler, safl\u0131\u011f\u0131, zarafeti ve l\u00fcks\u00fc simgelerken, beton saks\u0131 end\u00fcstriyel \u015f\u0131kl\u0131\u011f\u0131 ve modern esteti\u011fi temsil eder. Lila buket ka\u011f\u0131d\u0131 ise bu ikiliye nazik ve romantik bir hava katarak, b\u00fct\u00fcnl\u00fckl\u00fc ve sofistike bir g\u00f6r\u00fcn\u00fcm olu\u015fturur.<\/p>\n<p>Hem <b>uzun \u00f6m\u00fcrl\u00fc \u00e7i\u00e7ekleriyle<\/b> evinize kal\u0131c\u0131 bir g\u00fczellik sunar hem de <b>bak\u0131m\u0131 nispeten kolay<\/b> yap\u0131s\u0131yla orkide severler i\u00e7in idealdir. Evinizin giri\u015fine, salonunuza, ofisinize veya \u00f6zel birine hediye olarak <b>Lila Buket Ka\u011f\u0131tl\u0131 Beton Saks\u0131da \u00c7iftli Beyaz Orkide<\/b> ile unutulmaz bir iz b\u0131rak\u0131n.<\/p>\n","protected":false},"featured_media":10443,"template":"","meta":{"postBodyCss":"","postBodyMargin":[],"postBodyPadding":[],"postBodyBackground":{"backgroundType":"classic","gradient":""}},"product_brand":[],"product_cat":[119,105,126],"product_tag":[],"class_list":{"0":"post-10442","1":"product","2":"type-product","3":"status-publish","4":"has-post-thumbnail","6":"product_cat-orkideler-saksi-cicekler","7":"product_cat-saksi-cicekler","8":"product_cat-tum-urunlerimiz","10":"first","11":"instock","12":"sale","13":"shipping-taxable","14":"purchasable","15":"product-type-simple"},"_links":{"self":[{"href":"https:\/\/luviaflowers.com\/index.php?rest_route=\/wp\/v2\/product\/10442","targetHints":{"allow":["GET"]}}],"collection":[{"href":"https:\/\/luviaflowers.com\/index.php?rest_route=\/wp\/v2\/product"}],"about":[{"href":"https:\/\/luviaflowers.com\/index.php?rest_route=\/wp\/v2\/types\/product"}],"wp:featuredmedia":[{"embeddable":true,"href":"https:\/\/luviaflowers.com\/index.php?rest_route=\/wp\/v2\/media\/10443"}],"wp:attachment":[{"href":"https:\/\/luviaflowers.com\/index.php?rest_route=%2Fwp%2Fv2%2Fmedia&parent=10442"}],"wp:term":[{"taxonomy":"product_brand","embeddable":true,"href":"https:\/\/luviaflowers.com\/index.php?rest_route=%2Fwp%2Fv2%2Fproduct_brand&post=10442"},{"taxonomy":"product_cat","embeddable":true,"href":"https:\/\/luviaflowers.com\/index.php?rest_route=%2Fwp%2Fv2%2Fproduct_cat&post=10442"},{"taxonomy":"product_tag","embeddable":true,"href":"https:\/\/luviaflowers.com\/index.php?rest_route=%2Fwp%2Fv2%2Fproduct_tag&post=10442"}],"curies":[{"name":"wp","href":"https:\/\/api.w.org\/{rel}","templated":true}]}}