{"id":10720,"date":"2025-09-10T10:15:34","date_gmt":"2025-09-10T10:15:34","guid":{"rendered":"https:\/\/luviaflowers.com\/?post_type=product&#038;p=10720"},"modified":"2025-09-23T13:01:41","modified_gmt":"2025-09-23T13:01:41","slug":"100-adet-pembe-gul-buketi","status":"publish","type":"product","link":"https:\/\/luviaflowers.com\/?product=100-adet-pembe-gul-buketi","title":{"rendered":"100 Adet Pembe G\u00fcl Buketi"},"content":{"rendered":"<p>Sevdi\u011finize s\u00fcpriz yapman\u0131n en g\u00fczel yolu<\/p>\n<p>size \u00f6zel tasar\u0131mlarla muhte\u015fem pembe g\u00fcl buketi<\/p>\n","protected":false},"excerpt":{"rendered":"<p>\u00f6zenle haz\u0131rlanm\u0131\u015f pembe g\u00fcl buketi<\/p>\n","protected":false},"featured_media":10721,"template":"","meta":{"postBodyCss":"","postBodyMargin":[],"postBodyPadding":[],"postBodyBackground":{"backgroundType":"classic","gradient":""}},"product_brand":[],"product_cat":[15,98,101,102,126],"product_tag":[129,128],"class_list":{"0":"post-10720","1":"product","2":"type-product","3":"status-publish","4":"has-post-thumbnail","6":"product_cat-genel","7":"product_cat-ayni-gun-teslim","8":"product_cat-buketler","9":"product_cat-gul-buketleri","10":"product_cat-tum-urunlerimiz","11":"product_tag-gul","12":"product_tag-pembe-gul-buketi","14":"first","15":"instock","16":"sale","17":"shipping-taxable","18":"purchasable","19":"product-type-simple"},"_links":{"self":[{"href":"https:\/\/luviaflowers.com\/index.php?rest_route=\/wp\/v2\/product\/10720","targetHints":{"allow":["GET"]}}],"collection":[{"href":"https:\/\/luviaflowers.com\/index.php?rest_route=\/wp\/v2\/product"}],"about":[{"href":"https:\/\/luviaflowers.com\/index.php?rest_route=\/wp\/v2\/types\/product"}],"wp:featuredmedia":[{"embeddable":true,"href":"https:\/\/luviaflowers.com\/index.php?rest_route=\/wp\/v2\/media\/10721"}],"wp:attachment":[{"href":"https:\/\/luviaflowers.com\/index.php?rest_route=%2Fwp%2Fv2%2Fmedia&parent=10720"}],"wp:term":[{"taxonomy":"product_brand","embeddable":true,"href":"https:\/\/luviaflowers.com\/index.php?rest_route=%2Fwp%2Fv2%2Fproduct_brand&post=10720"},{"taxonomy":"product_cat","embeddable":true,"href":"https:\/\/luviaflowers.com\/index.php?rest_route=%2Fwp%2Fv2%2Fproduct_cat&post=10720"},{"taxonomy":"product_tag","embeddable":true,"href":"https:\/\/luviaflowers.com\/index.php?rest_route=%2Fwp%2Fv2%2Fproduct_tag&post=10720"}],"curies":[{"name":"wp","href":"https:\/\/api.w.org\/{rel}","templated":true}]}}