{"id":10729,"date":"2025-09-10T10:20:38","date_gmt":"2025-09-10T10:20:38","guid":{"rendered":"https:\/\/luviaflowers.com\/?post_type=product&#038;p=10729"},"modified":"2025-09-27T14:05:04","modified_gmt":"2025-09-27T14:05:04","slug":"hayirli-olsun-saksili","status":"publish","type":"product","link":"https:\/\/luviaflowers.com\/?product=hayirli-olsun-saksili","title":{"rendered":"Hay\u0131rl\u0131 Olsun Saks\u0131l\u0131"},"content":{"rendered":"","protected":false},"excerpt":{"rendered":"","protected":false},"featured_media":10730,"template":"","meta":{"postBodyCss":"","postBodyMargin":[],"postBodyPadding":[],"postBodyBackground":{"backgroundType":"classic","gradient":""}},"product_brand":[],"product_cat":[15,98,134,105,110,126],"product_tag":[],"class_list":{"0":"post-10729","1":"product","2":"type-product","3":"status-publish","4":"has-post-thumbnail","6":"product_cat-genel","7":"product_cat-ayni-gun-teslim","8":"product_cat-hayirli-olsun","9":"product_cat-saksi-cicekler","10":"product_cat-tebrik","11":"product_cat-tum-urunlerimiz","13":"first","14":"instock","15":"shipping-taxable","16":"purchasable","17":"product-type-simple"},"_links":{"self":[{"href":"https:\/\/luviaflowers.com\/index.php?rest_route=\/wp\/v2\/product\/10729","targetHints":{"allow":["GET"]}}],"collection":[{"href":"https:\/\/luviaflowers.com\/index.php?rest_route=\/wp\/v2\/product"}],"about":[{"href":"https:\/\/luviaflowers.com\/index.php?rest_route=\/wp\/v2\/types\/product"}],"wp:featuredmedia":[{"embeddable":true,"href":"https:\/\/luviaflowers.com\/index.php?rest_route=\/wp\/v2\/media\/10730"}],"wp:attachment":[{"href":"https:\/\/luviaflowers.com\/index.php?rest_route=%2Fwp%2Fv2%2Fmedia&parent=10729"}],"wp:term":[{"taxonomy":"product_brand","embeddable":true,"href":"https:\/\/luviaflowers.com\/index.php?rest_route=%2Fwp%2Fv2%2Fproduct_brand&post=10729"},{"taxonomy":"product_cat","embeddable":true,"href":"https:\/\/luviaflowers.com\/index.php?rest_route=%2Fwp%2Fv2%2Fproduct_cat&post=10729"},{"taxonomy":"product_tag","embeddable":true,"href":"https:\/\/luviaflowers.com\/index.php?rest_route=%2Fwp%2Fv2%2Fproduct_tag&post=10729"}],"curies":[{"name":"wp","href":"https:\/\/api.w.org\/{rel}","templated":true}]}}