{"id":10772,"date":"2025-09-10T10:56:07","date_gmt":"2025-09-10T10:56:07","guid":{"rendered":"https:\/\/luviaflowers.com\/?post_type=product&#038;p=10772"},"modified":"2025-09-22T09:44:10","modified_gmt":"2025-09-22T09:44:10","slug":"lilyum-papatya-buketi","status":"publish","type":"product","link":"https:\/\/luviaflowers.com\/?product=lilyum-papatya-buketi","title":{"rendered":"Lilyum Papatya Buketi"},"content":{"rendered":"<p>MUHTE\u015eEM G\u00d6RSEL\u0130 \u0130LE S\u0130ZE \u00d6ZEL TASARIMLA L\u0130LYUM VE PAPATYA NIN BULU\u015eMASI<\/p>\n<p>BU G\u00dcZEL BUKET\u0130 SEVD\u0130KLER\u0130N\u0130ZE HIZLI VE \u0130STED\u0130\u011e\u0130N SAATE AYNI G\u00dcN TESL\u0130M<\/p>\n<p>&#8211; \u00c7i\u00e7ek Fiyatlar\u0131m\u0131za KDV dahildir.<br \/>\n&#8211; \u00c7i\u00e7ek sipari\u015fi teslimatlar\u0131 09:00 ve 21:00 saatleri aras\u0131nda yap\u0131l\u0131r.<br \/>\n&#8211; Kullan\u0131lan yan \u00fcr\u00fcnlerde stok durumuna g\u00f6re farkl\u0131l\u0131klar olabilir.<br \/>\n&#8211; \u00c7i\u00e7ek sipari\u015fleriniz Firmam\u0131z g\u00fcvencesindedir.<\/p>\n","protected":false},"excerpt":{"rendered":"<p>MUHTE\u015eEM G\u00d6RSEL\u0130 \u0130LE S\u0130ZE \u00d6ZEL TASARIMLA L\u0130LYUM VE PAPATYA NIN BULU\u015eMASI<\/p>\n<p>&nbsp;<\/p>\n","protected":false},"featured_media":10773,"template":"","meta":{"postBodyCss":"","postBodyMargin":[],"postBodyPadding":[],"postBodyBackground":{"backgroundType":"classic","gradient":""}},"product_brand":[],"product_cat":[15,98,121,112,100,109,99,111,110,126,84,107],"product_tag":[],"class_list":{"0":"post-10772","1":"product","2":"type-product","3":"status-publish","4":"has-post-thumbnail","6":"product_cat-genel","7":"product_cat-ayni-gun-teslim","8":"product_cat-butik-buketler","9":"product_cat-diger-buketler","10":"product_cat-dogum-gunu","11":"product_cat-gecmis-olsun","12":"product_cat-gonderim-amaci","13":"product_cat-papatya-buketleri","14":"product_cat-tebrik","15":"product_cat-tum-urunlerimiz","16":"product_cat-uncategorized","17":"product_cat-yil-donumu","19":"first","20":"instock","21":"shipping-taxable","22":"purchasable","23":"product-type-simple"},"_links":{"self":[{"href":"https:\/\/luviaflowers.com\/index.php?rest_route=\/wp\/v2\/product\/10772","targetHints":{"allow":["GET"]}}],"collection":[{"href":"https:\/\/luviaflowers.com\/index.php?rest_route=\/wp\/v2\/product"}],"about":[{"href":"https:\/\/luviaflowers.com\/index.php?rest_route=\/wp\/v2\/types\/product"}],"wp:featuredmedia":[{"embeddable":true,"href":"https:\/\/luviaflowers.com\/index.php?rest_route=\/wp\/v2\/media\/10773"}],"wp:attachment":[{"href":"https:\/\/luviaflowers.com\/index.php?rest_route=%2Fwp%2Fv2%2Fmedia&parent=10772"}],"wp:term":[{"taxonomy":"product_brand","embeddable":true,"href":"https:\/\/luviaflowers.com\/index.php?rest_route=%2Fwp%2Fv2%2Fproduct_brand&post=10772"},{"taxonomy":"product_cat","embeddable":true,"href":"https:\/\/luviaflowers.com\/index.php?rest_route=%2Fwp%2Fv2%2Fproduct_cat&post=10772"},{"taxonomy":"product_tag","embeddable":true,"href":"https:\/\/luviaflowers.com\/index.php?rest_route=%2Fwp%2Fv2%2Fproduct_tag&post=10772"}],"curies":[{"name":"wp","href":"https:\/\/api.w.org\/{rel}","templated":true}]}}