{"id":10816,"date":"2025-09-23T10:15:22","date_gmt":"2025-09-23T10:15:22","guid":{"rendered":"https:\/\/luviaflowers.com\/?post_type=product&#038;p=10816"},"modified":"2025-09-23T10:15:22","modified_gmt":"2025-09-23T10:15:22","slug":"tropikal-violet-papatya-cicegi-buketi","status":"publish","type":"product","link":"https:\/\/luviaflowers.com\/?product=tropikal-violet-papatya-cicegi-buketi","title":{"rendered":"Tropikal Violet papatya \u00c7i\u00e7e\u011fi Buketi"},"content":{"rendered":"<p>Tropical Violet K\u0131r \u00c7i\u00e7e\u011fi Buketimizdeki \u00fcr\u00fcnler hollandadan gelmektedir okolipt\u00fcs yaparaklar\u0131 ve dekoratif ka\u011f\u0131t kullan\u0131larak haz\u0131rlanm\u0131\u015ft\u0131r.<\/p>\n","protected":false},"excerpt":{"rendered":"<p>vip crsyantemum okolipt\u00fcs<\/p>\n","protected":false},"featured_media":10817,"template":"","meta":{"postBodyCss":"","postBodyMargin":[],"postBodyPadding":[],"postBodyBackground":{"backgroundType":"classic","gradient":""}},"product_brand":[],"product_cat":[15,98,101,121,100,109,111,110,126],"product_tag":[130,131],"class_list":{"0":"post-10816","1":"product","2":"type-product","3":"status-publish","4":"has-post-thumbnail","6":"product_cat-genel","7":"product_cat-ayni-gun-teslim","8":"product_cat-buketler","9":"product_cat-butik-buketler","10":"product_cat-dogum-gunu","11":"product_cat-gecmis-olsun","12":"product_cat-papatya-buketleri","13":"product_cat-tebrik","14":"product_cat-tum-urunlerimiz","15":"product_tag-papatya-buketi","16":"product_tag-renkli-buket","18":"first","19":"instock","20":"shipping-taxable","21":"purchasable","22":"product-type-simple"},"_links":{"self":[{"href":"https:\/\/luviaflowers.com\/index.php?rest_route=\/wp\/v2\/product\/10816","targetHints":{"allow":["GET"]}}],"collection":[{"href":"https:\/\/luviaflowers.com\/index.php?rest_route=\/wp\/v2\/product"}],"about":[{"href":"https:\/\/luviaflowers.com\/index.php?rest_route=\/wp\/v2\/types\/product"}],"wp:featuredmedia":[{"embeddable":true,"href":"https:\/\/luviaflowers.com\/index.php?rest_route=\/wp\/v2\/media\/10817"}],"wp:attachment":[{"href":"https:\/\/luviaflowers.com\/index.php?rest_route=%2Fwp%2Fv2%2Fmedia&parent=10816"}],"wp:term":[{"taxonomy":"product_brand","embeddable":true,"href":"https:\/\/luviaflowers.com\/index.php?rest_route=%2Fwp%2Fv2%2Fproduct_brand&post=10816"},{"taxonomy":"product_cat","embeddable":true,"href":"https:\/\/luviaflowers.com\/index.php?rest_route=%2Fwp%2Fv2%2Fproduct_cat&post=10816"},{"taxonomy":"product_tag","embeddable":true,"href":"https:\/\/luviaflowers.com\/index.php?rest_route=%2Fwp%2Fv2%2Fproduct_tag&post=10816"}],"curies":[{"name":"wp","href":"https:\/\/api.w.org\/{rel}","templated":true}]}}