{"id":10825,"date":"2025-09-24T10:57:54","date_gmt":"2025-09-24T10:57:54","guid":{"rendered":"https:\/\/luviaflowers.com\/?post_type=product&#038;p=10825"},"modified":"2025-09-24T10:57:55","modified_gmt":"2025-09-24T10:57:55","slug":"sakayik-lisyantus-ve-beyaz-gullu-gelin-buketi","status":"publish","type":"product","link":"https:\/\/luviaflowers.com\/?product=sakayik-lisyantus-ve-beyaz-gullu-gelin-buketi","title":{"rendered":"\u015eAKAYIK L\u0130SYANTUS VE BEYAZ G\u00dcLL\u00dc GEL\u0130N BUKET\u0130"},"content":{"rendered":"<p><strong>\u015eakay\u0131klar\u0131n romantik zarafeti ve beyaz g\u00fcllerin saf g\u00fczelli\u011fi bir araya gelerek e\u015fsiz bir gelin buketi olu\u015fturuyor.<\/strong><\/p>\n<p><strong>\u00d6zel g\u00fcn\u00fcn\u00fczde masumiyeti,safl\u0131\u011f\u0131 ve zarafeti simgeleyen bu tasar\u0131m; modern ve klasik dokunu\u015flar\u0131yla g\u00f6z al\u0131c\u0131 bir \u015f\u0131kl\u0131k sunar. \u015e\u0131k aranjman\u0131yla d\u00fc\u011f\u00fcn g\u00fcn\u00fcn\u00fcz\u00fc unutulmaz k\u0131lacak<\/strong><\/p>\n","protected":false},"excerpt":{"rendered":"<p>\u015fakay\u0131k ve beyaz g\u00fcllerle zarif gelin buketi.<\/p>\n<p>safl\u0131k ve \u015f\u0131kl\u0131k bir arada..<\/p>\n","protected":false},"featured_media":10827,"template":"","meta":{"postBodyCss":"","postBodyMargin":[],"postBodyPadding":[],"postBodyBackground":{"backgroundType":"classic","gradient":""}},"product_brand":[],"product_cat":[101,121,112,102,106,126,107],"product_tag":[],"class_list":{"0":"post-10825","1":"product","2":"type-product","3":"status-publish","4":"has-post-thumbnail","6":"product_cat-buketler","7":"product_cat-butik-buketler","8":"product_cat-diger-buketler","9":"product_cat-gul-buketleri","10":"product_cat-tasarim-cicekler","11":"product_cat-tum-urunlerimiz","12":"product_cat-yil-donumu","14":"first","15":"instock","16":"sale","17":"shipping-taxable","18":"purchasable","19":"product-type-simple"},"_links":{"self":[{"href":"https:\/\/luviaflowers.com\/index.php?rest_route=\/wp\/v2\/product\/10825","targetHints":{"allow":["GET"]}}],"collection":[{"href":"https:\/\/luviaflowers.com\/index.php?rest_route=\/wp\/v2\/product"}],"about":[{"href":"https:\/\/luviaflowers.com\/index.php?rest_route=\/wp\/v2\/types\/product"}],"wp:featuredmedia":[{"embeddable":true,"href":"https:\/\/luviaflowers.com\/index.php?rest_route=\/wp\/v2\/media\/10827"}],"wp:attachment":[{"href":"https:\/\/luviaflowers.com\/index.php?rest_route=%2Fwp%2Fv2%2Fmedia&parent=10825"}],"wp:term":[{"taxonomy":"product_brand","embeddable":true,"href":"https:\/\/luviaflowers.com\/index.php?rest_route=%2Fwp%2Fv2%2Fproduct_brand&post=10825"},{"taxonomy":"product_cat","embeddable":true,"href":"https:\/\/luviaflowers.com\/index.php?rest_route=%2Fwp%2Fv2%2Fproduct_cat&post=10825"},{"taxonomy":"product_tag","embeddable":true,"href":"https:\/\/luviaflowers.com\/index.php?rest_route=%2Fwp%2Fv2%2Fproduct_tag&post=10825"}],"curies":[{"name":"wp","href":"https:\/\/api.w.org\/{rel}","templated":true}]}}