{"id":10829,"date":"2025-09-24T11:25:45","date_gmt":"2025-09-24T11:25:45","guid":{"rendered":"https:\/\/luviaflowers.com\/?post_type=product&#038;p=10829"},"modified":"2025-09-24T11:25:45","modified_gmt":"2025-09-24T11:25:45","slug":"askin-kirmizi-gulleripapatyalarin-enerjisi-ve-krizantemlerle-ozel-buket","status":"publish","type":"product","link":"https:\/\/luviaflowers.com\/?product=askin-kirmizi-gulleripapatyalarin-enerjisi-ve-krizantemlerle-ozel-buket","title":{"rendered":"A\u015eKIN KIRMIZI G\u00dcLLER\u0130,PAPATYALARIN ENERJ\u0130S\u0130 VE KR\u0130ZANTEMLERLE \u00d6ZEL BUKET"},"content":{"rendered":"<p>15 KIRMIZI G\u00dcL\u00dcN TUTKULU ZARAFET\u0130,SARI PAPATYALARIN NE\u015eEL\u0130 ENERJ\u0130S\u0130 \u0130LE BULU\u015eUYOR.<\/p>\n<p>ARALARINA YERLE\u015eT\u0130R\u0130LEN YE\u015e\u0130L KR\u0130ZANTEMLERLE DAHA DA CANLI VE G\u00d6Z ALICI HALE GELEN BU \u00d6ZEL BUKET; SEVG\u0130,MUTLULUK VE UMUDU AYNI ANDA \u0130FADE ED\u0130YOR.<\/p>\n<p>\u00d6ZEL G\u00dcNLERDE SEVD\u0130KLER\u0130N\u0130Z\u0130 MUTLU ETMEK VEYA KEND\u0130N\u0130Z\u0130 \u015eIMARTMAK \u0130\u00c7\u0130N \u0130DEAL B\u0130R SE\u00c7\u0130MD\u0130R.<\/p>\n","protected":false},"excerpt":{"rendered":"<p>CANLI RENKLER\u0130 \u0130LE MUTLULUK SA\u00c7AN \u015eIK G\u00dcL&amp;PAPATYA BUKET\u0130<\/p>\n","protected":false},"featured_media":10831,"template":"","meta":{"postBodyCss":"","postBodyMargin":[],"postBodyPadding":[],"postBodyBackground":{"backgroundType":"classic","gradient":""}},"product_brand":[],"product_cat":[15,98,101,121,112,100,109,102,111,113,106,110,126,107],"product_tag":[],"class_list":{"0":"post-10829","1":"product","2":"type-product","3":"status-publish","4":"has-post-thumbnail","6":"product_cat-genel","7":"product_cat-ayni-gun-teslim","8":"product_cat-buketler","9":"product_cat-butik-buketler","10":"product_cat-diger-buketler","11":"product_cat-dogum-gunu","12":"product_cat-gecmis-olsun","13":"product_cat-gul-buketleri","14":"product_cat-papatya-buketleri","15":"product_cat-premium-buketler","16":"product_cat-tasarim-cicekler","17":"product_cat-tebrik","18":"product_cat-tum-urunlerimiz","19":"product_cat-yil-donumu","21":"first","22":"instock","23":"sale","24":"shipping-taxable","25":"purchasable","26":"product-type-simple"},"_links":{"self":[{"href":"https:\/\/luviaflowers.com\/index.php?rest_route=\/wp\/v2\/product\/10829","targetHints":{"allow":["GET"]}}],"collection":[{"href":"https:\/\/luviaflowers.com\/index.php?rest_route=\/wp\/v2\/product"}],"about":[{"href":"https:\/\/luviaflowers.com\/index.php?rest_route=\/wp\/v2\/types\/product"}],"wp:featuredmedia":[{"embeddable":true,"href":"https:\/\/luviaflowers.com\/index.php?rest_route=\/wp\/v2\/media\/10831"}],"wp:attachment":[{"href":"https:\/\/luviaflowers.com\/index.php?rest_route=%2Fwp%2Fv2%2Fmedia&parent=10829"}],"wp:term":[{"taxonomy":"product_brand","embeddable":true,"href":"https:\/\/luviaflowers.com\/index.php?rest_route=%2Fwp%2Fv2%2Fproduct_brand&post=10829"},{"taxonomy":"product_cat","embeddable":true,"href":"https:\/\/luviaflowers.com\/index.php?rest_route=%2Fwp%2Fv2%2Fproduct_cat&post=10829"},{"taxonomy":"product_tag","embeddable":true,"href":"https:\/\/luviaflowers.com\/index.php?rest_route=%2Fwp%2Fv2%2Fproduct_tag&post=10829"}],"curies":[{"name":"wp","href":"https:\/\/api.w.org\/{rel}","templated":true}]}}