{"id":10854,"date":"2025-09-28T10:17:59","date_gmt":"2025-09-28T10:17:59","guid":{"rendered":"https:\/\/luviaflowers.com\/?post_type=product&#038;p=10854"},"modified":"2025-11-16T08:41:36","modified_gmt":"2025-11-16T08:41:36","slug":"acilisa-dugune-cenazeye-celenk","status":"publish","type":"product","link":"https:\/\/luviaflowers.com\/?product=acilisa-dugune-cenazeye-celenk","title":{"rendered":"A\u00c7ILI\u015eA D\u00dc\u011e\u00dcNE CENAZEYE \u00c7ELENK"},"content":{"rendered":"<p>SEVD\u0130KLER\u0130N\u0130ZE SAYGI VE DUYGULARINIZI \u0130FADE ETMEN\u0130N EN ZAR\u0130F YOLU<\/p>\n<p>PROFOSYONEL EK\u0130B\u0130MZ TARAFINDAN \u00d6ZENLE HAZIRLANAN \u00c7ELENKLER\u0130M\u0130Z,<\/p>\n<p>KAL\u0130TEL\u0130 VE TAZE \u00c7\u0130\u00c7EKLERLE TASARLANIR.<\/p>\n<p>D\u00dc\u011e\u00dcN,N\u0130\u015eAN,A\u00c7ILI\u015e,KUTLAMA YADA CENAZE T\u00d6RENLER\u0130 \u0130\u00c7\u0130N EN UYGUN \u00c7ELENK MODELLER\u0130N\u0130 HIZLI TESL\u0130MAT VE G\u00dcVEN\u0130L\u0130R H\u0130ZMET AYRICALI\u011eIYLA SUNUYORUZ<\/p>\n<p>S\u0130PAR\u0130\u015eLER\u0130N\u0130Z S\u0130ZE EN YAKIN ZAMANDA ULA\u015eTIRILIR,DUYGULARINIZ EN DO\u011eRU \u015eEK\u0130LDE YANSITILIR<\/p>\n","protected":false},"excerpt":{"rendered":"<p>\u015eIK VE \u00d6ZENLE HAZIRLANMI\u015e \u00c7ELENK MODELLER\u0130<\/p>\n<p>D\u00dc\u011e\u00dcN,A\u00c7ILI\u015e,CENAZE VE \u00d6ZEL G\u00dcNLER \u0130\u00c7\u0130N HIZLI TESL\u0130MAT<\/p>\n","protected":false},"featured_media":10261,"template":"","meta":{"postBodyCss":"","postBodyMargin":[],"postBodyPadding":[],"postBodyBackground":{"backgroundType":"classic","gradient":""}},"product_brand":[],"product_cat":[15,98,132,99,134,110,126],"product_tag":[],"class_list":{"0":"post-10854","1":"product","2":"type-product","3":"status-publish","4":"has-post-thumbnail","6":"product_cat-genel","7":"product_cat-ayni-gun-teslim","8":"product_cat-celenk","9":"product_cat-gonderim-amaci","10":"product_cat-hayirli-olsun","11":"product_cat-tebrik","12":"product_cat-tum-urunlerimiz","14":"first","15":"instock","16":"shipping-taxable","17":"purchasable","18":"product-type-simple"},"_links":{"self":[{"href":"https:\/\/luviaflowers.com\/index.php?rest_route=\/wp\/v2\/product\/10854","targetHints":{"allow":["GET"]}}],"collection":[{"href":"https:\/\/luviaflowers.com\/index.php?rest_route=\/wp\/v2\/product"}],"about":[{"href":"https:\/\/luviaflowers.com\/index.php?rest_route=\/wp\/v2\/types\/product"}],"wp:featuredmedia":[{"embeddable":true,"href":"https:\/\/luviaflowers.com\/index.php?rest_route=\/wp\/v2\/media\/10261"}],"wp:attachment":[{"href":"https:\/\/luviaflowers.com\/index.php?rest_route=%2Fwp%2Fv2%2Fmedia&parent=10854"}],"wp:term":[{"taxonomy":"product_brand","embeddable":true,"href":"https:\/\/luviaflowers.com\/index.php?rest_route=%2Fwp%2Fv2%2Fproduct_brand&post=10854"},{"taxonomy":"product_cat","embeddable":true,"href":"https:\/\/luviaflowers.com\/index.php?rest_route=%2Fwp%2Fv2%2Fproduct_cat&post=10854"},{"taxonomy":"product_tag","embeddable":true,"href":"https:\/\/luviaflowers.com\/index.php?rest_route=%2Fwp%2Fv2%2Fproduct_tag&post=10854"}],"curies":[{"name":"wp","href":"https:\/\/api.w.org\/{rel}","templated":true}]}}