{"id":10855,"date":"2025-09-28T10:50:58","date_gmt":"2025-09-28T10:50:58","guid":{"rendered":"https:\/\/luviaflowers.com\/?post_type=product&#038;p=10855"},"modified":"2025-09-28T10:50:58","modified_gmt":"2025-09-28T10:50:58","slug":"gunebakan-ve-beyaz-papatya-buketi-zarifsik-cicek-aranjmani","status":"publish","type":"product","link":"https:\/\/luviaflowers.com\/?product=gunebakan-ve-beyaz-papatya-buketi-zarifsik-cicek-aranjmani","title":{"rendered":"G\u00dcNEBAKAN VE BEYAZ PAPATYA BUKET\u0130-ZAR\u0130F&#038;\u015eIK \u00c7\u0130\u00c7EK ARANJMANI"},"content":{"rendered":"<p>G\u00dcNE BAKAN \u00c7\u0130\u00c7EKLER\u0130N ENERJ\u0130S\u0130,BEYAZ PAPATYALARIN SAF G\u00dcZELL\u0130\u011e\u0130 \u0130LE BULU\u015eTU<\/p>\n<p>\u00d6ZENLE HAZIRLANMI\u015e \u015eIK BUKET,DO\u011eUM G\u00dcN\u00dc,SEVG\u0130L\u0130LER G\u00dcN\u00dc,YILD\u00d6N\u00dcM\u00dc,KUTLAMA YADA \u00d6ZEL S\u00dcPR\u0130ZLER \u0130\u00c7\u0130N M\u00dcKEMMEL B\u0130R HED\u0130YE SE\u00c7ENE\u011e\u0130D\u0130R.<\/p>\n<p>T\u00dcM \u00c7\u0130\u00c7EKLER\u0130M\u0130Z TAZE VE KAL\u0130TEL\u0130 \u0130THAL \u00dcR\u00dcNLERDEN SE\u00c7\u0130LEREK HAZIRLANIR.<\/p>\n<p>SEVD\u0130KLER\u0130N\u0130ZE HEM ZARAFET HEMDE MUTLULUK KATACAK BU \u00d6ZEL BUKET\u0130 G\u00dcVEN\u0130L\u0130R H\u0130ZMET VE HIZLI TESL\u0130MAT AYRICALI\u011eIYLA \u015e\u0130MD\u0130 S\u0130PAR\u0130\u015e EDEB\u0130L\u0130RS\u0130N\u0130Z;<\/p>\n","protected":false},"excerpt":{"rendered":"<p>Taze g\u00fcnebakanlar ve beyaz papatyalar\u0131n e\u015fsiz uyumu.<\/p>\n<p>Sevdiklerinize mutluluk ve zarafet katacak \u015f\u0131k \u00e7i\u00e7ek buketi.<\/p>\n<p>H\u0131zl\u0131 teslimat garantisi ile<\/p>\n","protected":false},"featured_media":10857,"template":"","meta":{"postBodyCss":"","postBodyMargin":[],"postBodyPadding":[],"postBodyBackground":{"backgroundType":"classic","gradient":""}},"product_brand":[],"product_cat":[15,98,101,121,112,100,109,99,134,111,113,106,110,126,107],"product_tag":[],"class_list":{"0":"post-10855","1":"product","2":"type-product","3":"status-publish","4":"has-post-thumbnail","6":"product_cat-genel","7":"product_cat-ayni-gun-teslim","8":"product_cat-buketler","9":"product_cat-butik-buketler","10":"product_cat-diger-buketler","11":"product_cat-dogum-gunu","12":"product_cat-gecmis-olsun","13":"product_cat-gonderim-amaci","14":"product_cat-hayirli-olsun","15":"product_cat-papatya-buketleri","16":"product_cat-premium-buketler","17":"product_cat-tasarim-cicekler","18":"product_cat-tebrik","19":"product_cat-tum-urunlerimiz","20":"product_cat-yil-donumu","22":"first","23":"instock","24":"shipping-taxable","25":"purchasable","26":"product-type-simple"},"_links":{"self":[{"href":"https:\/\/luviaflowers.com\/index.php?rest_route=\/wp\/v2\/product\/10855","targetHints":{"allow":["GET"]}}],"collection":[{"href":"https:\/\/luviaflowers.com\/index.php?rest_route=\/wp\/v2\/product"}],"about":[{"href":"https:\/\/luviaflowers.com\/index.php?rest_route=\/wp\/v2\/types\/product"}],"wp:featuredmedia":[{"embeddable":true,"href":"https:\/\/luviaflowers.com\/index.php?rest_route=\/wp\/v2\/media\/10857"}],"wp:attachment":[{"href":"https:\/\/luviaflowers.com\/index.php?rest_route=%2Fwp%2Fv2%2Fmedia&parent=10855"}],"wp:term":[{"taxonomy":"product_brand","embeddable":true,"href":"https:\/\/luviaflowers.com\/index.php?rest_route=%2Fwp%2Fv2%2Fproduct_brand&post=10855"},{"taxonomy":"product_cat","embeddable":true,"href":"https:\/\/luviaflowers.com\/index.php?rest_route=%2Fwp%2Fv2%2Fproduct_cat&post=10855"},{"taxonomy":"product_tag","embeddable":true,"href":"https:\/\/luviaflowers.com\/index.php?rest_route=%2Fwp%2Fv2%2Fproduct_tag&post=10855"}],"curies":[{"name":"wp","href":"https:\/\/api.w.org\/{rel}","templated":true}]}}