{"id":10860,"date":"2025-09-28T11:07:55","date_gmt":"2025-09-28T11:07:55","guid":{"rendered":"https:\/\/luviaflowers.com\/?post_type=product&#038;p=10860"},"modified":"2025-09-28T11:07:55","modified_gmt":"2025-09-28T11:07:55","slug":"renkli-papatya-ve-krizantem-buketi","status":"publish","type":"product","link":"https:\/\/luviaflowers.com\/?product=renkli-papatya-ve-krizantem-buketi","title":{"rendered":"RENKL\u0130 PAPATYA VE KR\u0130ZANTEM BUKET\u0130"},"content":{"rendered":"<p>Renkli papatyalar,beyaz ve sar\u0131 krizantemler ile g\u00f6kku\u015fa\u011f\u0131 tonlar\u0131nda \u00f6zel boyal\u0131 \u00e7i\u00e7eklerden haz\u0131rlanan bu buket,enerjisi y\u00fcksek,ne\u015feli ve dikkat \u00e7ekici bir tasar\u0131ma sahiptir.<\/p>\n<p>Hem do\u011fum g\u00fcn\u00fc,y\u0131ld\u00f6n\u00fcm\u00fc,kutlama gibi \u00f6zel g\u00fcnlerde hem de sevdiklerinize s\u00fcpriz yapmak i\u00e7in tercih edebilece\u011finiz \u015f\u0131k bir altarnatiftir.\u00d6zel ambalaj\u0131 ve zarif sunumuyla her ortama uyum sa\u011flayan bu buket,kal\u0131c\u0131 mutluluk ve ne\u015fe hediye etmenin en g\u00fczel yoludur<\/p>\n","protected":false},"excerpt":{"rendered":"<p>CANLI RENKLERDE PAPATYALAR VE KR\u0130ZENTEMLERDEN OLU\u015eAN,SEVD\u0130KLER\u0130N\u0130ZE MUTLULUK KATACAK \u00d6ZEL TASARIM \u00c7\u0130\u00c7EK BUKET\u0130<\/p>\n","protected":false},"featured_media":10861,"template":"","meta":{"postBodyCss":"","postBodyMargin":[],"postBodyPadding":[],"postBodyBackground":{"backgroundType":"classic","gradient":""}},"product_brand":[],"product_cat":[15,98,101,121,112,100,109,99,134,111,113,106,110,126,107],"product_tag":[],"class_list":{"0":"post-10860","1":"product","2":"type-product","3":"status-publish","4":"has-post-thumbnail","6":"product_cat-genel","7":"product_cat-ayni-gun-teslim","8":"product_cat-buketler","9":"product_cat-butik-buketler","10":"product_cat-diger-buketler","11":"product_cat-dogum-gunu","12":"product_cat-gecmis-olsun","13":"product_cat-gonderim-amaci","14":"product_cat-hayirli-olsun","15":"product_cat-papatya-buketleri","16":"product_cat-premium-buketler","17":"product_cat-tasarim-cicekler","18":"product_cat-tebrik","19":"product_cat-tum-urunlerimiz","20":"product_cat-yil-donumu","22":"first","23":"instock","24":"shipping-taxable","25":"purchasable","26":"product-type-simple"},"_links":{"self":[{"href":"https:\/\/luviaflowers.com\/index.php?rest_route=\/wp\/v2\/product\/10860","targetHints":{"allow":["GET"]}}],"collection":[{"href":"https:\/\/luviaflowers.com\/index.php?rest_route=\/wp\/v2\/product"}],"about":[{"href":"https:\/\/luviaflowers.com\/index.php?rest_route=\/wp\/v2\/types\/product"}],"wp:featuredmedia":[{"embeddable":true,"href":"https:\/\/luviaflowers.com\/index.php?rest_route=\/wp\/v2\/media\/10861"}],"wp:attachment":[{"href":"https:\/\/luviaflowers.com\/index.php?rest_route=%2Fwp%2Fv2%2Fmedia&parent=10860"}],"wp:term":[{"taxonomy":"product_brand","embeddable":true,"href":"https:\/\/luviaflowers.com\/index.php?rest_route=%2Fwp%2Fv2%2Fproduct_brand&post=10860"},{"taxonomy":"product_cat","embeddable":true,"href":"https:\/\/luviaflowers.com\/index.php?rest_route=%2Fwp%2Fv2%2Fproduct_cat&post=10860"},{"taxonomy":"product_tag","embeddable":true,"href":"https:\/\/luviaflowers.com\/index.php?rest_route=%2Fwp%2Fv2%2Fproduct_tag&post=10860"}],"curies":[{"name":"wp","href":"https:\/\/api.w.org\/{rel}","templated":true}]}}