{"id":10864,"date":"2025-09-29T13:53:34","date_gmt":"2025-09-29T13:53:34","guid":{"rendered":"https:\/\/luviaflowers.com\/?post_type=product&#038;p=10864"},"modified":"2025-09-29T13:53:35","modified_gmt":"2025-09-29T13:53:35","slug":"pembe-guller-ve-cipso-cicekleriyle-zarif-buket","status":"publish","type":"product","link":"https:\/\/luviaflowers.com\/?product=pembe-guller-ve-cipso-cicekleriyle-zarif-buket","title":{"rendered":"PEMBE G\u00dcLLER VE C\u0130PSO \u00c7\u0130\u00c7EKLER\u0130YLE ZAR\u0130F BUKET"},"content":{"rendered":"<p>Sevdiklerinize duygular\u0131n\u0131z\u0131 en zarif haliyle ifade etmenin yolu, \u00f6zenle haz\u0131rlanm\u0131\u015f \u00e7i\u00e7ek buketlerinden ge\u00e7er.<\/p>\n<p>Bu \u015f\u0131k buket taptaze pembe g\u00fcller, masumiyetin simgesi cipso \u00e7i\u00e7ekleri ve do\u011fal ye\u015filliklerle bir araya getirilerek tasarlanm\u0131\u015ft\u0131r.<\/p>\n<p>\u00d6zel g\u00fcnlerde, do\u011fum g\u00fcnlerinde , y\u0131ld\u00f6n\u00fcmlerinde veya sadece i\u00e7inizden geldi\u011finde hediye edebilece\u011finiz bu buket romantizmi, sevgi ve mutlulu\u011fu en do\u011fal haliyle yans\u0131t\u0131r.<\/p>\n<p>CANLI VE TAZE \u00c7\u0130\u00c7EKLERLE HAZIRLANIR<\/p>\n<p>MODEN VE \u015eIK AMBALAJ TASARIMI<\/p>\n<p>HIZLI VE G\u00dcVENL\u0130 TESL\u0130MAT<\/p>\n<p>Sevdiklerinizin y\u00fcz\u00fcnde unutulmaz bir g\u00fcl\u00fcmseme b\u0131rakmak i\u00e7in bu zarif pembe g\u00fcl buketini hemen sipari\u015f edebilirsiniz.<\/p>\n","protected":false},"excerpt":{"rendered":"<p>\u00d6zel g\u00fcnlerinize anlam katan, pembe g\u00fcller ve cipso \u00e7i\u00e7ekleriyle haz\u0131rlanm\u0131\u015f zarif buket.<\/p>\n<p>Sevginizi en \u015f\u0131k \u015fekilde ifade edin.<\/p>\n","protected":false},"featured_media":10865,"template":"","meta":{"postBodyCss":"","postBodyMargin":[],"postBodyPadding":[],"postBodyBackground":{"backgroundType":"classic","gradient":""}},"product_brand":[],"product_cat":[15,98,101,121,112,100,109,99,102,134,106,110,126,107],"product_tag":[],"class_list":{"0":"post-10864","1":"product","2":"type-product","3":"status-publish","4":"has-post-thumbnail","6":"product_cat-genel","7":"product_cat-ayni-gun-teslim","8":"product_cat-buketler","9":"product_cat-butik-buketler","10":"product_cat-diger-buketler","11":"product_cat-dogum-gunu","12":"product_cat-gecmis-olsun","13":"product_cat-gonderim-amaci","14":"product_cat-gul-buketleri","15":"product_cat-hayirli-olsun","16":"product_cat-tasarim-cicekler","17":"product_cat-tebrik","18":"product_cat-tum-urunlerimiz","19":"product_cat-yil-donumu","21":"first","22":"instock","23":"shipping-taxable","24":"purchasable","25":"product-type-simple"},"_links":{"self":[{"href":"https:\/\/luviaflowers.com\/index.php?rest_route=\/wp\/v2\/product\/10864","targetHints":{"allow":["GET"]}}],"collection":[{"href":"https:\/\/luviaflowers.com\/index.php?rest_route=\/wp\/v2\/product"}],"about":[{"href":"https:\/\/luviaflowers.com\/index.php?rest_route=\/wp\/v2\/types\/product"}],"wp:featuredmedia":[{"embeddable":true,"href":"https:\/\/luviaflowers.com\/index.php?rest_route=\/wp\/v2\/media\/10865"}],"wp:attachment":[{"href":"https:\/\/luviaflowers.com\/index.php?rest_route=%2Fwp%2Fv2%2Fmedia&parent=10864"}],"wp:term":[{"taxonomy":"product_brand","embeddable":true,"href":"https:\/\/luviaflowers.com\/index.php?rest_route=%2Fwp%2Fv2%2Fproduct_brand&post=10864"},{"taxonomy":"product_cat","embeddable":true,"href":"https:\/\/luviaflowers.com\/index.php?rest_route=%2Fwp%2Fv2%2Fproduct_cat&post=10864"},{"taxonomy":"product_tag","embeddable":true,"href":"https:\/\/luviaflowers.com\/index.php?rest_route=%2Fwp%2Fv2%2Fproduct_tag&post=10864"}],"curies":[{"name":"wp","href":"https:\/\/api.w.org\/{rel}","templated":true}]}}