{"id":10914,"date":"2026-01-03T08:29:35","date_gmt":"2026-01-03T08:29:35","guid":{"rendered":"https:\/\/luviaflowers.com\/?post_type=product&#038;p=10914"},"modified":"2026-01-03T08:29:35","modified_gmt":"2026-01-03T08:29:35","slug":"sevgiliye-ozel-karisik-cicek-buketi","status":"publish","type":"product","link":"https:\/\/luviaflowers.com\/?product=sevgiliye-ozel-karisik-cicek-buketi","title":{"rendered":"SEVG\u0130L\u0130YE \u00d6ZEL KARI\u015eIK \u00c7\u0130\u00c7EK BUKET\u0130"},"content":{"rendered":"<p><strong>KARI\u015eIK RENKL\u0130 \u00c7\u0130\u00c7EK BUKET\u0130\u00a0<\/strong><\/p>\n<p><strong>\u00d6ZEL TASARIM AYNI G\u00dcN TEL\u0130M<\/strong><\/p>\n<p>Kar\u0131\u015f\u0131k renkli \u00e7i\u00e7ek buketi, sevdiklerinize duygular\u0131n\u0131z\u0131 en zarif \u015fekilde ifade etmenin en g\u00fczel yollar\u0131ndan biridir. \u00d6zenlese\u00e7ilen pembe g\u00fcller canl\u0131 gerbere krizantem ve mevsimin en taze \u00e7i\u00e7ekleri ile haz\u0131rlanan bu \u00f6zel tasar\u0131m buket; \u015f\u0131kl\u0131\u011f\u0131 doall\u0131\u011f\u0131 ve canl\u0131 renkleri ile her ortama mutluluk kadar<\/p>\n<p>Modern ve zarif pembe ambalaj\u0131 ile haz\u0131rlanan buketimiz, profosyonel floristler taraf\u0131ndan el yap\u0131m\u0131 olarak tasarlan\u0131r.Do\u011fum g\u00fcn\u00fc \u00e7i\u00e7e\u011fi, sevgiliye \u00e7i\u00e7ek,y\u0131l d\u00f6n\u00fcm\u00fc hediyesi,re\u015fekk\u00fcr \u00e7i\u00e7e\u011fi veya i\u00e7imden geldi demek istedi\u011finiz t\u00fcm \u00f6zel anlar i\u00e7in ideal bir se\u00e7imdir.<\/p>\n<p>&nbsp;<\/p>\n","protected":false},"excerpt":{"rendered":"<p>Canl\u0131 renkleri ve zarif tasar\u0131m\u0131yla haz\u0131rlanan kar\u0131\u015f\u0131k renkli \u00e7i\u00e7ek buketi; pembe g\u00fcller, gerbere ve mevsim \u00e7i\u00e7eklerinden olu\u015fur.<\/p>\n<p>Sevgiliye, do\u011fum g\u00fcn\u00fcne \u00f6zel anlara uygun \u00f6zel tasar\u0131m buket, ayn\u0131 gn telim imkan\u0131 ile g\u00f6nderilir<\/p>\n","protected":false},"featured_media":10916,"template":"","meta":{"postBodyCss":"","postBodyMargin":[],"postBodyPadding":[],"postBodyBackground":{"backgroundType":"classic","gradient":""}},"product_brand":[],"product_cat":[15,98,101,121,112,100,109,134,113,110,126,107],"product_tag":[],"class_list":{"0":"post-10914","1":"product","2":"type-product","3":"status-publish","4":"has-post-thumbnail","6":"product_cat-genel","7":"product_cat-ayni-gun-teslim","8":"product_cat-buketler","9":"product_cat-butik-buketler","10":"product_cat-diger-buketler","11":"product_cat-dogum-gunu","12":"product_cat-gecmis-olsun","13":"product_cat-hayirli-olsun","14":"product_cat-premium-buketler","15":"product_cat-tebrik","16":"product_cat-tum-urunlerimiz","17":"product_cat-yil-donumu","19":"first","20":"instock","21":"shipping-taxable","22":"purchasable","23":"product-type-simple"},"_links":{"self":[{"href":"https:\/\/luviaflowers.com\/index.php?rest_route=\/wp\/v2\/product\/10914","targetHints":{"allow":["GET"]}}],"collection":[{"href":"https:\/\/luviaflowers.com\/index.php?rest_route=\/wp\/v2\/product"}],"about":[{"href":"https:\/\/luviaflowers.com\/index.php?rest_route=\/wp\/v2\/types\/product"}],"wp:featuredmedia":[{"embeddable":true,"href":"https:\/\/luviaflowers.com\/index.php?rest_route=\/wp\/v2\/media\/10916"}],"wp:attachment":[{"href":"https:\/\/luviaflowers.com\/index.php?rest_route=%2Fwp%2Fv2%2Fmedia&parent=10914"}],"wp:term":[{"taxonomy":"product_brand","embeddable":true,"href":"https:\/\/luviaflowers.com\/index.php?rest_route=%2Fwp%2Fv2%2Fproduct_brand&post=10914"},{"taxonomy":"product_cat","embeddable":true,"href":"https:\/\/luviaflowers.com\/index.php?rest_route=%2Fwp%2Fv2%2Fproduct_cat&post=10914"},{"taxonomy":"product_tag","embeddable":true,"href":"https:\/\/luviaflowers.com\/index.php?rest_route=%2Fwp%2Fv2%2Fproduct_tag&post=10914"}],"curies":[{"name":"wp","href":"https:\/\/api.w.org\/{rel}","templated":true}]}}